{"id":4811,"date":"2026-04-21T09:10:42","date_gmt":"2026-04-21T09:10:42","guid":{"rendered":"https:\/\/dev.sbro.ro\/?product=breloc-cheama-ma-in-ziua-necazului"},"modified":"2026-04-21T09:10:42","modified_gmt":"2026-04-21T09:10:42","slug":"breloc-cheama-ma-in-ziua-necazului","status":"publish","type":"product","link":"https:\/\/dev.sbro.ro\/product\/breloc-cheama-ma-in-ziua-necazului\/","title":{"rendered":"Breloc &#8211; Cheama-Ma in ziua necazului"},"content":{"rendered":"<p>Breloc metalic<\/p>\n<p>Text inscrip\u021bionat: Cheam\u0103-M\u0103 \u00een ziua necazului, \u0219i Eu te voi izb\u0103vi iar tu M\u0103 vrei prosl\u0103vi!  PS 50:15 \/ \u00cencredin\u021beaz\u00ee-\u021bi soarta \u00een m\u00e2na Domnului, \u00cencrede-te \u00een El, \u0219i El va lucra! PS 37:5<\/p>\n<p>Dimensiune: 9.5 x 3 cm <\/p>\n","protected":false},"excerpt":{"rendered":"<p>Breloc metalic Text inscrip\u021bionat: Cheam\u0103-M\u0103 \u00een ziua necazului, \u0219i Eu te voi izb\u0103vi iar tu M\u0103 vrei prosl\u0103vi! PS 50:15 \/ \u00cencredin\u021beaz\u00ee-\u021bi soarta \u00een m\u00e2na Domnului, \u00cencrede-te \u00een El, \u0219i El va lucra! PS 37:5 Dimensiune: 9.5 x 3 cm<\/p>\n","protected":false},"featured_media":10215,"comment_status":"open","ping_status":"closed","template":"","meta":[],"product_brand":[],"product_cat":[93],"product_tag":[],"class_list":{"0":"post-4811","1":"product","2":"type-product","3":"status-publish","4":"has-post-thumbnail","6":"product_cat-brelocuri","8":"first","9":"instock","10":"shipping-taxable","11":"purchasable","12":"product-type-simple"},"_links":{"self":[{"href":"https:\/\/dev.sbro.ro\/wp-json\/wp\/v2\/product\/4811","targetHints":{"allow":["GET"]}}],"collection":[{"href":"https:\/\/dev.sbro.ro\/wp-json\/wp\/v2\/product"}],"about":[{"href":"https:\/\/dev.sbro.ro\/wp-json\/wp\/v2\/types\/product"}],"replies":[{"embeddable":true,"href":"https:\/\/dev.sbro.ro\/wp-json\/wp\/v2\/comments?post=4811"}],"wp:featuredmedia":[{"embeddable":true,"href":"https:\/\/dev.sbro.ro\/wp-json\/wp\/v2\/media\/10215"}],"wp:attachment":[{"href":"https:\/\/dev.sbro.ro\/wp-json\/wp\/v2\/media?parent=4811"}],"wp:term":[{"taxonomy":"product_brand","embeddable":true,"href":"https:\/\/dev.sbro.ro\/wp-json\/wp\/v2\/product_brand?post=4811"},{"taxonomy":"product_cat","embeddable":true,"href":"https:\/\/dev.sbro.ro\/wp-json\/wp\/v2\/product_cat?post=4811"},{"taxonomy":"product_tag","embeddable":true,"href":"https:\/\/dev.sbro.ro\/wp-json\/wp\/v2\/product_tag?post=4811"}],"curies":[{"name":"wp","href":"https:\/\/api.w.org\/{rel}","templated":true}]}}