{"id":4838,"date":"2026-04-21T09:10:46","date_gmt":"2026-04-21T09:10:46","guid":{"rendered":"https:\/\/dev.sbro.ro\/?product=abigail-intoarcerea-unei-fiice-ratacitoare"},"modified":"2026-04-21T09:10:46","modified_gmt":"2026-04-21T09:10:46","slug":"abigail-intoarcerea-unei-fiice-ratacitoare","status":"publish","type":"product","link":"https:\/\/dev.sbro.ro\/product\/abigail-intoarcerea-unei-fiice-ratacitoare\/","title":{"rendered":"Abigail. \u00centoarcerea unei fiice r\u0103t\u0103citoare"},"content":{"rendered":"<p>Abigail este o poveste adev\u0103rat\u0103 r\u0103scolitoare despre felul \u00een care Dumnezeu \u0218i-a recucerit fiica cea r\u0103t\u0103citoare \u0219i nefericit\u0103. Abigail \u0219i-a d\u0103ruit inima Domnului \u00eenc\u0103 de la o v\u00e2rst\u0103 fraged\u0103, dar, confrunt\u00e2ndu-se cu tenta\u021biile tinere\u021bii, s-a \u00eendep\u0103rtat de Dumnezeu. Era o fat\u0103 sfioas\u0103, care voia doar s\u0103 fie acas\u0103, \u00een s\u00e2nul familiei ei cre\u0219tine \u0219i pline de dragoste. Nu-i pl\u0103cea \u0219coala, pentru c\u0103 acolo se sim\u021bea exclus\u0103 \u0219i neacceptat\u0103. O mare gre\u0219eal\u0103 pe care a f\u0103cut-o a fost c\u0103 nu I-a m\u0103rturisit lui Dumnezeu, \u0219i nici p\u0103rin\u021bilor, durerea ce \u00eei ap\u0103sa inima. \u00cen loc s\u0103 caute la ei ajutor, Abigail s-a \u00eemprietenit cu colegii s\u0103i necredincio\u0219i, de la magazinul de \u00eenghe\u021bat\u0103 unde lucra. F\u0103r\u0103 s\u0103 spun\u0103 nim\u0103nui, pl\u0103nuia ca, de \u00eendat\u0103 ce va \u00eemplini v\u00e2rsta de optsprezece ani, s\u0103-\u0219i tr\u0103iasc\u0103 via\u021ba dup\u0103 cum va crede ea de cuviin\u021b\u0103. Abigail s-a afundat tot mai mult \u00een p\u0103cat, c\u0103z\u00e2nd \u00een robia alcoolului, adulterului \u0219i a pl\u0103cerilor p\u0103c\u0103toase. Cuprin\u0219i de triste\u021be, p\u0103rin\u021bii ei, \u00eempreun\u0103 cu cei din biseric\u0103, nu au \u00eencetat niciodat\u0103 s\u0103 se roage ca Abigail s\u0103 fie salvat\u0103 de la pierzare.<\/p>\n","protected":false},"excerpt":{"rendered":"<p>Abigail este o poveste adev\u0103rat\u0103 r\u0103scolitoare despre felul \u00een care Dumnezeu \u0218i-a recucerit fiica cea r\u0103t\u0103citoare \u0219i nefericit\u0103. Abigail \u0219i-a d\u0103ruit inima Domnului \u00eenc\u0103 de la o v\u00e2rst\u0103 fraged\u0103, dar, confrunt\u00e2ndu-se cu tenta\u021biile tinere\u021bii, s-a \u00eendep\u0103rtat de Dumnezeu. Era o fat\u0103 sfioas\u0103, care voia doar s\u0103 fie acas\u0103, \u00een s\u00e2nul familiei ei cre\u0219tine \u0219i pline [&hellip;]<\/p>\n","protected":false},"featured_media":10241,"comment_status":"open","ping_status":"closed","template":"","meta":[],"product_brand":[],"product_cat":[20],"product_tag":[],"class_list":{"0":"post-4838","1":"product","2":"type-product","3":"status-publish","4":"has-post-thumbnail","6":"product_cat-biografii-eseuri-marturii","8":"first","9":"instock","10":"shipping-taxable","11":"purchasable","12":"product-type-simple"},"_links":{"self":[{"href":"https:\/\/dev.sbro.ro\/wp-json\/wp\/v2\/product\/4838","targetHints":{"allow":["GET"]}}],"collection":[{"href":"https:\/\/dev.sbro.ro\/wp-json\/wp\/v2\/product"}],"about":[{"href":"https:\/\/dev.sbro.ro\/wp-json\/wp\/v2\/types\/product"}],"replies":[{"embeddable":true,"href":"https:\/\/dev.sbro.ro\/wp-json\/wp\/v2\/comments?post=4838"}],"wp:featuredmedia":[{"embeddable":true,"href":"https:\/\/dev.sbro.ro\/wp-json\/wp\/v2\/media\/10241"}],"wp:attachment":[{"href":"https:\/\/dev.sbro.ro\/wp-json\/wp\/v2\/media?parent=4838"}],"wp:term":[{"taxonomy":"product_brand","embeddable":true,"href":"https:\/\/dev.sbro.ro\/wp-json\/wp\/v2\/product_brand?post=4838"},{"taxonomy":"product_cat","embeddable":true,"href":"https:\/\/dev.sbro.ro\/wp-json\/wp\/v2\/product_cat?post=4838"},{"taxonomy":"product_tag","embeddable":true,"href":"https:\/\/dev.sbro.ro\/wp-json\/wp\/v2\/product_tag?post=4838"}],"curies":[{"name":"wp","href":"https:\/\/api.w.org\/{rel}","templated":true}]}}