{"id":4859,"date":"2026-04-21T09:10:47","date_gmt":"2026-04-21T09:10:47","guid":{"rendered":"https:\/\/dev.sbro.ro\/?product=biblie-foarte-mare-088-ctr-aurie"},"modified":"2026-04-21T09:10:47","modified_gmt":"2026-04-21T09:10:47","slug":"biblie-foarte-mare-088-ctr-aurie","status":"publish","type":"product","link":"https:\/\/dev.sbro.ro\/product\/biblie-foarte-mare-088-ctr-aurie\/","title":{"rendered":"Biblie foarte mare 088 CTR Aurie"},"content":{"rendered":"<p>Biblia sau Sf\u00e2nta Scriptur\u0103 a Vechiului \u0219i Noului Testament cu trimiteri. Biblie foarte mare, copert\u0103 cartonat\u0103, margini aurii. Con\u021bine urm\u0103toarele materiale ajut\u0103toare: Plan de citire a Bibliei \u00eentr-un an Dic\u021bionar de cuvinte Minunile Domnului Isus Pildele Domnului Isus Unit\u0103\u021bi de m\u0103sur\u0103 \u00een Biblie H\u0103r\u021bi<\/p>\n","protected":false},"excerpt":{"rendered":"<p>Biblia sau Sf\u00e2nta Scriptur\u0103 a Vechiului \u0219i Noului Testament cu trimiteri. Biblie foarte mare, copert\u0103 cartonat\u0103, margini aurii. Con\u021bine urm\u0103toarele materiale ajut\u0103toare: Plan de citire a Bibliei \u00eentr-un an Dic\u021bionar de cuvinte Minunile Domnului Isus Pildele Domnului Isus Unit\u0103\u021bi de m\u0103sur\u0103 \u00een Biblie H\u0103r\u021bi<\/p>\n","protected":false},"featured_media":10262,"comment_status":"open","ping_status":"closed","template":"","meta":[],"product_brand":[],"product_cat":[89,6],"product_tag":[],"class_list":{"0":"post-4859","1":"product","2":"type-product","3":"status-publish","4":"has-post-thumbnail","6":"product_cat-biblie-foarte-mare","7":"product_cat-editie-economica","9":"first","10":"instock","11":"shipping-taxable","12":"purchasable","13":"product-type-simple"},"_links":{"self":[{"href":"https:\/\/dev.sbro.ro\/wp-json\/wp\/v2\/product\/4859","targetHints":{"allow":["GET"]}}],"collection":[{"href":"https:\/\/dev.sbro.ro\/wp-json\/wp\/v2\/product"}],"about":[{"href":"https:\/\/dev.sbro.ro\/wp-json\/wp\/v2\/types\/product"}],"replies":[{"embeddable":true,"href":"https:\/\/dev.sbro.ro\/wp-json\/wp\/v2\/comments?post=4859"}],"wp:featuredmedia":[{"embeddable":true,"href":"https:\/\/dev.sbro.ro\/wp-json\/wp\/v2\/media\/10262"}],"wp:attachment":[{"href":"https:\/\/dev.sbro.ro\/wp-json\/wp\/v2\/media?parent=4859"}],"wp:term":[{"taxonomy":"product_brand","embeddable":true,"href":"https:\/\/dev.sbro.ro\/wp-json\/wp\/v2\/product_brand?post=4859"},{"taxonomy":"product_cat","embeddable":true,"href":"https:\/\/dev.sbro.ro\/wp-json\/wp\/v2\/product_cat?post=4859"},{"taxonomy":"product_tag","embeddable":true,"href":"https:\/\/dev.sbro.ro\/wp-json\/wp\/v2\/product_tag?post=4859"}],"curies":[{"name":"wp","href":"https:\/\/api.w.org\/{rel}","templated":true}]}}