{"id":4862,"date":"2026-04-21T09:10:48","date_gmt":"2026-04-21T09:10:48","guid":{"rendered":"https:\/\/dev.sbro.ro\/?product=noul-testament-sbr"},"modified":"2026-04-21T09:10:48","modified_gmt":"2026-04-21T09:10:48","slug":"noul-testament-sbr","status":"publish","type":"product","link":"https:\/\/dev.sbro.ro\/?product=noul-testament-sbr","title":{"rendered":"Noul Testament SBR"},"content":{"rendered":"<p>Aceast\u0103 carte con\u021bine Cuv\u00e2ntul inspirat al lui Dumnezeu \u00eentr-o traducere conservatoare, precisa\u0306 s\u0326i eleganta\u0306 \u00een idiomul actual al limbii rom\u00e2ne. <\/p>\n<p>Profilul generic al cititorului a fost g\u00e2ndit \u00een as\u0326a fel \u00eenc\u00e2t acesta, indiferent ca\u0306 este familiarizat cu textul biblic sau nu este, sa\u0306 poata\u0306 citi mesajul Noului Testament cu aceeas\u0326i us\u0326urint\u0326a\u0306 cu care cites\u0326te ziarul sau revista preferata\u0306. <\/p>\n<p>Sperant\u0326a noastr\u0103 este ca\u0306 aceasta\u0306 traducere nu va fi doar o lectura\u0306 pla\u0306cuta\u0306 pentru cei care se apleaca\u0306 asupra ei, ci ca\u0306, \u00een ea, aces\u0326tia vor ga\u0306si cuvintele vii ale lui Dumnezeu, care le vor schimba viat\u0326a. De asemenea, n\u0103d\u0103jduim ca aceasta\u0306 edit\u0326ie de studiu, prin cele peste 5.600 de note de subsol, sa\u0306 fie o unealta\u0306 utila\u0306 \u00een m\u00e2na student\u0326ilor, cercet\u0103torilor Sfintei Scripturi s\u0326i a slujitorilor care doresc sa\u0306 aprofundeze \u00eent\u0326elesul unor termeni din originalul grecesc, sa\u0306 \u00eent\u0326eleaga\u0306 contextul istoric, geografic s\u0326i cultural-religios al unor evenimente s\u0326i sa\u0306 se familiarizeze cu variantele de text care apar \u00een manuscrise. <\/p>\n","protected":false},"excerpt":{"rendered":"<p>Aceast\u0103 carte con\u021bine Cuv\u00e2ntul inspirat al lui Dumnezeu \u00eentr-o traducere conservatoare, precisa\u0306 s\u0326i eleganta\u0306 \u00een idiomul actual al limbii rom\u00e2ne. Profilul generic al cititorului a fost g\u00e2ndit \u00een as\u0326a fel \u00eenc\u00e2t acesta, indiferent ca\u0306 este familiarizat cu textul biblic sau nu este, sa\u0306 poata\u0306 citi mesajul Noului Testament cu aceeas\u0326i us\u0326urint\u0326a\u0306 cu care cites\u0326te ziarul [&hellip;]<\/p>\n","protected":false},"featured_media":10265,"comment_status":"open","ping_status":"closed","template":"","meta":[],"product_brand":[],"product_cat":[81],"product_tag":[],"class_list":{"0":"post-4862","1":"product","2":"type-product","3":"status-publish","4":"has-post-thumbnail","6":"product_cat-noul-testament","8":"first","9":"outofstock","10":"shipping-taxable","11":"purchasable","12":"product-type-simple"},"_links":{"self":[{"href":"https:\/\/dev.sbro.ro\/index.php?rest_route=\/wp\/v2\/product\/4862","targetHints":{"allow":["GET"]}}],"collection":[{"href":"https:\/\/dev.sbro.ro\/index.php?rest_route=\/wp\/v2\/product"}],"about":[{"href":"https:\/\/dev.sbro.ro\/index.php?rest_route=\/wp\/v2\/types\/product"}],"replies":[{"embeddable":true,"href":"https:\/\/dev.sbro.ro\/index.php?rest_route=%2Fwp%2Fv2%2Fcomments&post=4862"}],"wp:featuredmedia":[{"embeddable":true,"href":"https:\/\/dev.sbro.ro\/index.php?rest_route=\/wp\/v2\/media\/10265"}],"wp:attachment":[{"href":"https:\/\/dev.sbro.ro\/index.php?rest_route=%2Fwp%2Fv2%2Fmedia&parent=4862"}],"wp:term":[{"taxonomy":"product_brand","embeddable":true,"href":"https:\/\/dev.sbro.ro\/index.php?rest_route=%2Fwp%2Fv2%2Fproduct_brand&post=4862"},{"taxonomy":"product_cat","embeddable":true,"href":"https:\/\/dev.sbro.ro\/index.php?rest_route=%2Fwp%2Fv2%2Fproduct_cat&post=4862"},{"taxonomy":"product_tag","embeddable":true,"href":"https:\/\/dev.sbro.ro\/index.php?rest_route=%2Fwp%2Fv2%2Fproduct_tag&post=4862"}],"curies":[{"name":"wp","href":"https:\/\/api.w.org\/{rel}","templated":true}]}}