{"id":4877,"date":"2026-04-21T09:10:50","date_gmt":"2026-04-21T09:10:50","guid":{"rendered":"https:\/\/dev.sbro.ro\/?product=adapostul-seria-cetati-de-scapare-vol-2"},"modified":"2026-04-21T09:10:50","modified_gmt":"2026-04-21T09:10:50","slug":"adapostul-seria-cetati-de-scapare-vol-2","status":"publish","type":"product","link":"https:\/\/dev.sbro.ro\/product\/adapostul-seria-cetati-de-scapare-vol-2\/","title":{"rendered":"Ad\u0103postul &#8211; Seria \u201dCet\u0103\u021bi de sc\u0103pare\u201d vol. 2"},"content":{"rendered":"<p>Fiica unui mare preot p\u0103g\u00e2n, Sofea, \u00ee\u0219i g\u0103se\u0219te refugiul \u00een libertatea oferit\u0103 de apele m\u0103rii, acolo unde uit\u0103 pentru moment de toate necazurile cu care se confrunt\u0103. Dar c\u00e2nd pira\u021bii \u00eei atac\u0103 satul de pe insula Sicilia, ea \u0219i veri\u0219oara ei sunt duse pe cel\u0103lalt \u021b\u0103rm al m\u0103rii, \u00een Canaan.<\/p>\n<p>Eitan locuie\u0219te de unsprezece ani \u00een Kedesh, o cetate de sc\u0103pare, b\u00e2ntuit de o tragedie care a avut loc \u00een copil\u0103ria lui \u0219i nemul\u021bumit de hotarele care i s-au impus. Este captivat din prima clip\u0103 de Sofea, dar trecutul s\u0103u nerezolvat, p\u0103strat at\u00e2\u021bia ani \u00een secret, o va atrage pe aceasta spre pericole care \u00eei pot curma via\u021ba.<\/p>\n<p>Pe m\u0103sur\u0103 ce apar amenin\u021b\u0103ri din afara zidurilor cet\u0103\u021bii \u0219i sunt descoperi\u021bi tr\u0103d\u0103tori chiar \u0219i \u00eentre aceste ziduri, Sofea \u0219i Eitan sunt arunca\u021bi \u00een mijlocul unui complot. Vor reu\u0219i s\u0103 descopere la timp tr\u0103darea pentru a-\u0219i salva propriile vie\u021bi \u0219i vie\u021bile celor pe care \u00eei iubesc?<\/p>\n<p><strong>CONNILYN COSSETTE<\/strong> este autoarea seriei<em> Ie\u0219i\u021bi din Egipt<\/em>. Romanele ei au c\u00e2\u0219tigat, de-a lungul timpului, o serie de premii printre care Christy Award \u0219i Carol Award. Nimic nu-i face mai mare pl\u0103cere dec\u00e2t s\u0103 sape \u00een lumea antic\u0103 \u0219i bogat\u0103 a Bibliei \u0219i s\u0103 descopere comorile \u00eengropate ale harului care-L pun \u00een lumin\u0103 pe Hristos Domnul. Locuie\u0219te \u00een partea de sud a Dallasului cu so\u021bul ei \u0219i cu cei doi copii minuna\u021bi care \u00eei umplu zilele cu bucurie, inspira\u021bie \u0219i voie bun\u0103.<\/p>\n","protected":false},"excerpt":{"rendered":"<p>Fiica unui mare preot p\u0103g\u00e2n, Sofea, \u00ee\u0219i g\u0103se\u0219te refugiul \u00een libertatea oferit\u0103 de apele m\u0103rii, acolo unde uit\u0103 pentru moment de toate necazurile cu care se confrunt\u0103. Dar c\u00e2nd pira\u021bii \u00eei atac\u0103 satul de pe insula Sicilia, ea \u0219i veri\u0219oara ei sunt duse pe cel\u0103lalt \u021b\u0103rm al m\u0103rii, \u00een Canaan. Eitan locuie\u0219te de unsprezece ani [&hellip;]<\/p>\n","protected":false},"featured_media":10280,"comment_status":"open","ping_status":"closed","template":"","meta":[],"product_brand":[],"product_cat":[31],"product_tag":[],"class_list":{"0":"post-4877","1":"product","2":"type-product","3":"status-publish","4":"has-post-thumbnail","6":"product_cat-romane","8":"first","9":"instock","10":"shipping-taxable","11":"purchasable","12":"product-type-simple"},"_links":{"self":[{"href":"https:\/\/dev.sbro.ro\/wp-json\/wp\/v2\/product\/4877","targetHints":{"allow":["GET"]}}],"collection":[{"href":"https:\/\/dev.sbro.ro\/wp-json\/wp\/v2\/product"}],"about":[{"href":"https:\/\/dev.sbro.ro\/wp-json\/wp\/v2\/types\/product"}],"replies":[{"embeddable":true,"href":"https:\/\/dev.sbro.ro\/wp-json\/wp\/v2\/comments?post=4877"}],"wp:featuredmedia":[{"embeddable":true,"href":"https:\/\/dev.sbro.ro\/wp-json\/wp\/v2\/media\/10280"}],"wp:attachment":[{"href":"https:\/\/dev.sbro.ro\/wp-json\/wp\/v2\/media?parent=4877"}],"wp:term":[{"taxonomy":"product_brand","embeddable":true,"href":"https:\/\/dev.sbro.ro\/wp-json\/wp\/v2\/product_brand?post=4877"},{"taxonomy":"product_cat","embeddable":true,"href":"https:\/\/dev.sbro.ro\/wp-json\/wp\/v2\/product_cat?post=4877"},{"taxonomy":"product_tag","embeddable":true,"href":"https:\/\/dev.sbro.ro\/wp-json\/wp\/v2\/product_tag?post=4877"}],"curies":[{"name":"wp","href":"https:\/\/api.w.org\/{rel}","templated":true}]}}