{"id":4893,"date":"2026-04-21T09:10:52","date_gmt":"2026-04-21T09:10:52","guid":{"rendered":"https:\/\/dev.sbro.ro\/?product=vindecarea-miraculoasa"},"modified":"2026-04-21T09:10:52","modified_gmt":"2026-04-21T09:10:52","slug":"vindecarea-miraculoasa","status":"publish","type":"product","link":"https:\/\/dev.sbro.ro\/?product=vindecarea-miraculoasa","title":{"rendered":"Vindecarea miraculoasa"},"content":{"rendered":"<p>De ce vindec\u0103 Dumnezeu pe unii, iar pe al\u021bii nu?<\/p>\n<p>\u00centrebarea aceasta a dat na\u0219tere unei cercet\u0103ri serioase a inimii \u0219i multor discu\u021bii. P\u0103rerile pe care le au oamenii ast\u0103zi nu sunt noi. Fiecare dintre acestea are o genealogie care se \u00eentinde peste veacuri. \u00cens\u0103 pu\u021bini oameni au adus o asemenea claritate \u00een g\u00e2ndire asupra acestui subiect ca Henry Frost. Cartea lui, publicat\u0103 prima oar\u0103 \u00een anul 1931, este \u00eenc\u0103 mult citat\u0103 \u0219i continu\u0103 s\u0103 fie considerat\u0103 autoritar\u0103. Printre nenum\u0103ratele exemple de vindec\u0103ri este dat \u0219i cel al lui Hudson Taylor, pe c\u00e2nd se afla \u00een China.<\/p>\n<p>Chiar de c\u00e2nd am citit-o, am avut sim\u021b\u0103m\u00e2ntul c\u0103 este de departe \u0219i \u00eentr-un mod incomparabil, cea mai bun\u0103 carte pe care am citit-o despre acest subiect. A\u0219adar, este cartea pe care am recomandat-o totdeauna celor care erau ner\u0103bd\u0103tori s\u0103 primeasc\u0103 ajutor \u00een chestiunea aceasta. De multe ori am fost rugat s\u0103 scriu eu \u00eensumi ceva despre tema de fa\u021b\u0103. \u00centotdeauna am r\u0103spuns spun\u00e2nd c\u0103 Henry W. Frost s-a ocupat deja de aceast\u0103 chestiune \u00eentr-o manier\u0103 pe care eu o consider final\u0103 \u0219i conclusiv\u0103.<br \/>\nRetip\u0103rirea acestei c\u0103r\u021bi la momentul de fa\u021b\u0103 este deosebit de oportun\u0103, fiindc\u0103 exist\u0103 \u00een mod evident o re\u00eenviere a interesului pentru acest subiect.<br \/>\n&#8212; Martyn Lloyd-Jones   <\/p>\n<p>Henry W. Frost, un canadian, a fost primul director al China Inland Mission din SUA \u0219i Canada.<\/p>\n","protected":false},"excerpt":{"rendered":"<p>De ce vindec\u0103 Dumnezeu pe unii, iar pe al\u021bii nu? \u00centrebarea aceasta a dat na\u0219tere unei cercet\u0103ri serioase a inimii \u0219i multor discu\u021bii. P\u0103rerile pe care le au oamenii ast\u0103zi nu sunt noi. Fiecare dintre acestea are o genealogie care se \u00eentinde peste veacuri. \u00cens\u0103 pu\u021bini oameni au adus o asemenea claritate \u00een g\u00e2ndire asupra [&hellip;]<\/p>\n","protected":false},"featured_media":10296,"comment_status":"open","ping_status":"closed","template":"","meta":[],"product_brand":[],"product_cat":[18],"product_tag":[],"class_list":{"0":"post-4893","1":"product","2":"type-product","3":"status-publish","4":"has-post-thumbnail","6":"product_cat-viata-crestina","8":"first","9":"instock","10":"shipping-taxable","11":"purchasable","12":"product-type-simple"},"_links":{"self":[{"href":"https:\/\/dev.sbro.ro\/index.php?rest_route=\/wp\/v2\/product\/4893","targetHints":{"allow":["GET"]}}],"collection":[{"href":"https:\/\/dev.sbro.ro\/index.php?rest_route=\/wp\/v2\/product"}],"about":[{"href":"https:\/\/dev.sbro.ro\/index.php?rest_route=\/wp\/v2\/types\/product"}],"replies":[{"embeddable":true,"href":"https:\/\/dev.sbro.ro\/index.php?rest_route=%2Fwp%2Fv2%2Fcomments&post=4893"}],"wp:featuredmedia":[{"embeddable":true,"href":"https:\/\/dev.sbro.ro\/index.php?rest_route=\/wp\/v2\/media\/10296"}],"wp:attachment":[{"href":"https:\/\/dev.sbro.ro\/index.php?rest_route=%2Fwp%2Fv2%2Fmedia&parent=4893"}],"wp:term":[{"taxonomy":"product_brand","embeddable":true,"href":"https:\/\/dev.sbro.ro\/index.php?rest_route=%2Fwp%2Fv2%2Fproduct_brand&post=4893"},{"taxonomy":"product_cat","embeddable":true,"href":"https:\/\/dev.sbro.ro\/index.php?rest_route=%2Fwp%2Fv2%2Fproduct_cat&post=4893"},{"taxonomy":"product_tag","embeddable":true,"href":"https:\/\/dev.sbro.ro\/index.php?rest_route=%2Fwp%2Fv2%2Fproduct_tag&post=4893"}],"curies":[{"name":"wp","href":"https:\/\/api.w.org\/{rel}","templated":true}]}}