{"id":4919,"date":"2026-04-21T09:10:55","date_gmt":"2026-04-21T09:10:55","guid":{"rendered":"https:\/\/dev.sbro.ro\/?product=vremurile-din-urma"},"modified":"2026-04-21T09:10:55","modified_gmt":"2026-04-21T09:10:55","slug":"vremurile-din-urma","status":"publish","type":"product","link":"https:\/\/dev.sbro.ro\/?product=vremurile-din-urma","title":{"rendered":"Vremurile din urma"},"content":{"rendered":"<p>VIITORUL ACESTEI PLANETE NU A AR\u0102TAT NICIODAT\u0102 MAI \u00ceNTUNECAT<br \/>\nDAR VIITORUL OAMENILOR LUI DUMNEZEU NU A AR\u0102TAT NICIODAT\u0102 MAI LUMINOS.<\/p>\n<p> \u00cen zilele de pe urm\u0103 care ne stau \u00eenainte, vom experimenta cele mai \u00eentunecate zile din toat\u0103 istoria \u2013 dar oamenii lui Dumnezeu vor experimenta o extraordinar\u0103 rev\u0103rsare supranatural\u0103 a puterii \u0219i protec\u021biei lui Dumnezeu. <\/p>\n<p>\u00cen aceast\u0103 inspirat\u0103 \u0219i necesar\u0103 chemare la ac\u021biune, Don Finto, un autor bine v\u00e2ndut \u0219i pastor, provoac\u0103 credincio\u0219ii din \u00eentreaga lume \u00een a deveni \u00eemplinitori radicali ai voii lui Dumnezeu \u0219i furnizori ai puterii Lui, \u00een ciuda \u00eentunericului care se contureaz\u0103. \u00cen timp ce se concentreaz\u0103 pe Sf\u00e2nta Scriptur\u0103, el ne descoper\u0103 cum putem citi semnele timpurilor, cum s\u0103 ne preg\u0103tim pentru zilele extraordinare ce ne stau \u00een fa\u021b\u0103, inclusiv cum:<br \/>\n&#8211; S\u0103 redob\u00e2ndim o imagina\u021bie dumnezeiasc\u0103<br \/>\n&#8211; S\u0103 tr\u0103im \u0219i s\u0103 ne rug\u0103m Cuv\u00e2ntul lui Dumnezeu<br \/>\n&#8211; S\u0103 ne lupt\u0103m \u00een credin\u021b\u0103 pentru promisiunile lui Dumnezeu<br \/>\n&#8211; S\u0103 \u021binem pasul cu Duhul Sf\u00e2nt<br \/>\n&#8211; S\u0103 tr\u0103im \u00eentr-o comunitate autentic\u0103<br \/>\n&#8211; \u0219i multe altele!<br \/>\nCel r\u0103u urmeaz\u0103 s\u0103 se arate, dar cu at\u00e2t mai mari sunt minunatele cuceriri ale armatei Domnului. Zilele cele mai bune urmeaz\u0103.<\/p>\n<p>\u201eRelevant\u0103, revelatoare \u0219i foarte bine scris\u0103. Aceast\u0103 carte este mesajul de care are nevoie fiecare credincios.\u201d<br \/>\nMike Bickle, director, International House of Prayer; pre\u0219edinte, International House of Prayer University<br \/>\n\u201eEste de mare ajutor s\u0103 \u0219tii cum s\u0103 cite\u0219ti semnele timpurilor. Vocea demn\u0103 de \u00eencredere a lui Don Finto ne instruie\u0219te cum s\u0103 r\u0103spundem \u0219i cum s\u0103 p\u0103\u0219im \u00een credin\u021b\u0103 \u0219i nu \u00een fric\u0103.\u201d<br \/>\nJames W. Goll, fondator God Encounters Ministries<br \/>\n\u201eLua\u021bi aceast\u0103 carte \u0219i citi\u021bi-o. Apoi alerga\u021bi cu o credin\u021b\u0103 puternic\u0103 \u00eenspre viitor, \u0219tiind c\u0103 vi s-a dat un rol \u00een aceast\u0103 etap\u0103 a zilelor din urm\u0103 ale istoriei.\u201d<br \/>\nLou Engle, fondator, The Call<\/p>\n<p>Don Finto a p\u0103storit Biserica Belmont din Nashville pentru 25 de ani \u0219i este fondatorul \u0219i directorul Caleb Company. Don are trei copii, \u0219apte nepo\u021bi \u0219i un num\u0103r cresc\u00e2nd de str\u0103nepo\u021bi. Afla\u021bi mai multe pe www.donfinto.org<\/p>\n","protected":false},"excerpt":{"rendered":"<p>VIITORUL ACESTEI PLANETE NU A AR\u0102TAT NICIODAT\u0102 MAI \u00ceNTUNECAT DAR VIITORUL OAMENILOR LUI DUMNEZEU NU A AR\u0102TAT NICIODAT\u0102 MAI LUMINOS. \u00cen zilele de pe urm\u0103 care ne stau \u00eenainte, vom experimenta cele mai \u00eentunecate zile din toat\u0103 istoria \u2013 dar oamenii lui Dumnezeu vor experimenta o extraordinar\u0103 rev\u0103rsare supranatural\u0103 a puterii \u0219i protec\u021biei lui Dumnezeu. [&hellip;]<\/p>\n","protected":false},"featured_media":10322,"comment_status":"open","ping_status":"closed","template":"","meta":[],"product_brand":[],"product_cat":[18],"product_tag":[],"class_list":{"0":"post-4919","1":"product","2":"type-product","3":"status-publish","4":"has-post-thumbnail","6":"product_cat-viata-crestina","8":"first","9":"instock","10":"shipping-taxable","11":"purchasable","12":"product-type-simple"},"_links":{"self":[{"href":"https:\/\/dev.sbro.ro\/index.php?rest_route=\/wp\/v2\/product\/4919","targetHints":{"allow":["GET"]}}],"collection":[{"href":"https:\/\/dev.sbro.ro\/index.php?rest_route=\/wp\/v2\/product"}],"about":[{"href":"https:\/\/dev.sbro.ro\/index.php?rest_route=\/wp\/v2\/types\/product"}],"replies":[{"embeddable":true,"href":"https:\/\/dev.sbro.ro\/index.php?rest_route=%2Fwp%2Fv2%2Fcomments&post=4919"}],"wp:featuredmedia":[{"embeddable":true,"href":"https:\/\/dev.sbro.ro\/index.php?rest_route=\/wp\/v2\/media\/10322"}],"wp:attachment":[{"href":"https:\/\/dev.sbro.ro\/index.php?rest_route=%2Fwp%2Fv2%2Fmedia&parent=4919"}],"wp:term":[{"taxonomy":"product_brand","embeddable":true,"href":"https:\/\/dev.sbro.ro\/index.php?rest_route=%2Fwp%2Fv2%2Fproduct_brand&post=4919"},{"taxonomy":"product_cat","embeddable":true,"href":"https:\/\/dev.sbro.ro\/index.php?rest_route=%2Fwp%2Fv2%2Fproduct_cat&post=4919"},{"taxonomy":"product_tag","embeddable":true,"href":"https:\/\/dev.sbro.ro\/index.php?rest_route=%2Fwp%2Fv2%2Fproduct_tag&post=4919"}],"curies":[{"name":"wp","href":"https:\/\/api.w.org\/{rel}","templated":true}]}}