{"id":4944,"date":"2026-04-21T09:10:58","date_gmt":"2026-04-21T09:10:58","guid":{"rendered":"https:\/\/dev.sbro.ro\/?product=breloc-dumnezeu-niciodata-nu-inchide-o-usa"},"modified":"2026-04-21T09:10:58","modified_gmt":"2026-04-21T09:10:58","slug":"breloc-dumnezeu-niciodata-nu-inchide-o-usa","status":"publish","type":"product","link":"https:\/\/dev.sbro.ro\/product\/breloc-dumnezeu-niciodata-nu-inchide-o-usa\/","title":{"rendered":"Breloc &#8211; Dumnezeu niciodat\u0103 nu \u00eenchide o u\u0219\u0103&#8230;"},"content":{"rendered":"<p>Breloc metalic<\/p>\n<p>Inscrip\u021bionat fa\u021b\u0103-verso<\/p>\n<p>Text: Dumnezeu niciodat\u0103 nu \u00eenchide o u\u0219\u0103&#8230; \/ F\u0103r\u0103 s\u0103 deschid\u0103 o alta&#8230;<\/p>\n<p>Dimensiuni: 11.5 x 2.8 cm<\/p>\n","protected":false},"excerpt":{"rendered":"<p>Breloc metalic Inscrip\u021bionat fa\u021b\u0103-verso Text: Dumnezeu niciodat\u0103 nu \u00eenchide o u\u0219\u0103&#8230; \/ F\u0103r\u0103 s\u0103 deschid\u0103 o alta&#8230; Dimensiuni: 11.5 x 2.8 cm<\/p>\n","protected":false},"featured_media":10348,"comment_status":"open","ping_status":"closed","template":"","meta":[],"product_brand":[],"product_cat":[93],"product_tag":[],"class_list":{"0":"post-4944","1":"product","2":"type-product","3":"status-publish","4":"has-post-thumbnail","6":"product_cat-brelocuri","8":"first","9":"outofstock","10":"shipping-taxable","11":"purchasable","12":"product-type-simple"},"_links":{"self":[{"href":"https:\/\/dev.sbro.ro\/wp-json\/wp\/v2\/product\/4944","targetHints":{"allow":["GET"]}}],"collection":[{"href":"https:\/\/dev.sbro.ro\/wp-json\/wp\/v2\/product"}],"about":[{"href":"https:\/\/dev.sbro.ro\/wp-json\/wp\/v2\/types\/product"}],"replies":[{"embeddable":true,"href":"https:\/\/dev.sbro.ro\/wp-json\/wp\/v2\/comments?post=4944"}],"wp:featuredmedia":[{"embeddable":true,"href":"https:\/\/dev.sbro.ro\/wp-json\/wp\/v2\/media\/10348"}],"wp:attachment":[{"href":"https:\/\/dev.sbro.ro\/wp-json\/wp\/v2\/media?parent=4944"}],"wp:term":[{"taxonomy":"product_brand","embeddable":true,"href":"https:\/\/dev.sbro.ro\/wp-json\/wp\/v2\/product_brand?post=4944"},{"taxonomy":"product_cat","embeddable":true,"href":"https:\/\/dev.sbro.ro\/wp-json\/wp\/v2\/product_cat?post=4944"},{"taxonomy":"product_tag","embeddable":true,"href":"https:\/\/dev.sbro.ro\/wp-json\/wp\/v2\/product_tag?post=4944"}],"curies":[{"name":"wp","href":"https:\/\/api.w.org\/{rel}","templated":true}]}}