{"id":4946,"date":"2026-04-21T09:10:58","date_gmt":"2026-04-21T09:10:58","guid":{"rendered":"https:\/\/dev.sbro.ro\/?product=averi-bogatii-si-bani-principiile-biblice-de-administrare-a-finantelor"},"modified":"2026-04-21T09:10:58","modified_gmt":"2026-04-21T09:10:58","slug":"averi-bogatii-si-bani-principiile-biblice-de-administrare-a-finantelor","status":"publish","type":"product","link":"https:\/\/dev.sbro.ro\/product\/averi-bogatii-si-bani-principiile-biblice-de-administrare-a-finantelor\/","title":{"rendered":"Averi, bogatii si bani. Principiile biblice de administrare a finantelor"},"content":{"rendered":"<p>C\u00e2nd \u00eencepem discu\u021bia despre administrarea financiar\u0103 ar trebui s\u0103 ne \u00eentreb\u0103m: \u201eAre oare Dumnezeu ceva de spus despre bani \u00een Biblie?\u201d Mul\u021bi oameni consider\u0103 Biblia a fi o carte despre spiritualitate nu despre chestiuni at\u00e2t de lume\u0219ti ca administrarea personal\u0103 a banilor. \u00cen timp ce am \u00eenceput s\u0103 studiem acest subiect \u00een Biblie am fost uimi\u021bi s\u0103 descoperim \u00eens\u0103 c\u0103 Noul Testament con\u021bine aproape de zece ori mai multe versete despre bani \u0219i finan\u021be dec\u00e2t despre m\u00e2ntuire \u0219i credin\u021b\u0103. Dou\u0103 sute cincisprezece versete din Noul Testament se refer\u0103 la credin\u021b\u0103, 218 la m\u00e2ntuire \u0219i 2.084 trateaz\u0103 ispr\u0103vnicia \u0219i darea de seam\u0103 \u00een domeniul banilor \u0219i finan\u021belor. \u0218aisprezece din cele treizeci \u0219i opt de pilde ale lui Isus au de a face cu banii. <\/p>\n<p>Cuprins<\/p>\n<p>Introducere<\/p>\n<p>Partea \u00eent\u00e2i: echilibrul \u00een \u00een\u021belepciunea financiar\u0103<br \/>\nCapitolul 1 &#8211; Puterea din spatele banilor (factorul mamona)<br \/>\nCapitolul 2 &#8211; Credin\u021ba vrabiei<br \/>\nCapitolul 3 &#8211; Dou\u0103 decenii, dou\u0103 sisteme economice diferite<\/p>\n<p>Partea a doua: Cinci \u00eentrebuin\u021b\u0103ri biblice ale banilor<br \/>\nCapitolul 4 &#8211; S\u0103m\u00e2n\u021b\u0103 sem\u0103n\u0103torului<br \/>\nCapitolul 5 &#8211; P\u00e2ine pentru hran\u0103<br \/>\nCapitolul 6 &#8211; \u00cenchide cercul<br \/>\nCapitolul 7 &#8211; Asum\u0103-\u021bi datoria<br \/>\nCapitolul 8 &#8211; Prisorirea \u00een fapte bune<br \/>\nCapitolul 9 &#8211; Multiplic\u0103 resursele prin sem\u0103nat \u0219i secerat<\/p>\n<p>Apendice 3<\/p>\n<p>Apendice 4<\/p>\n","protected":false},"excerpt":{"rendered":"<p>C\u00e2nd \u00eencepem discu\u021bia despre administrarea financiar\u0103 ar trebui s\u0103 ne \u00eentreb\u0103m: \u201eAre oare Dumnezeu ceva de spus despre bani \u00een Biblie?\u201d Mul\u021bi oameni consider\u0103 Biblia a fi o carte despre spiritualitate nu despre chestiuni at\u00e2t de lume\u0219ti ca administrarea personal\u0103 a banilor. \u00cen timp ce am \u00eenceput s\u0103 studiem acest subiect \u00een Biblie am fost [&hellip;]<\/p>\n","protected":false},"featured_media":10350,"comment_status":"open","ping_status":"closed","template":"","meta":[],"product_brand":[],"product_cat":[42],"product_tag":[],"class_list":{"0":"post-4946","1":"product","2":"type-product","3":"status-publish","4":"has-post-thumbnail","6":"product_cat-afaceri","8":"first","9":"instock","10":"shipping-taxable","11":"purchasable","12":"product-type-simple"},"_links":{"self":[{"href":"https:\/\/dev.sbro.ro\/wp-json\/wp\/v2\/product\/4946","targetHints":{"allow":["GET"]}}],"collection":[{"href":"https:\/\/dev.sbro.ro\/wp-json\/wp\/v2\/product"}],"about":[{"href":"https:\/\/dev.sbro.ro\/wp-json\/wp\/v2\/types\/product"}],"replies":[{"embeddable":true,"href":"https:\/\/dev.sbro.ro\/wp-json\/wp\/v2\/comments?post=4946"}],"wp:featuredmedia":[{"embeddable":true,"href":"https:\/\/dev.sbro.ro\/wp-json\/wp\/v2\/media\/10350"}],"wp:attachment":[{"href":"https:\/\/dev.sbro.ro\/wp-json\/wp\/v2\/media?parent=4946"}],"wp:term":[{"taxonomy":"product_brand","embeddable":true,"href":"https:\/\/dev.sbro.ro\/wp-json\/wp\/v2\/product_brand?post=4946"},{"taxonomy":"product_cat","embeddable":true,"href":"https:\/\/dev.sbro.ro\/wp-json\/wp\/v2\/product_cat?post=4946"},{"taxonomy":"product_tag","embeddable":true,"href":"https:\/\/dev.sbro.ro\/wp-json\/wp\/v2\/product_tag?post=4946"}],"curies":[{"name":"wp","href":"https:\/\/api.w.org\/{rel}","templated":true}]}}