{"id":5001,"date":"2026-04-21T09:11:05","date_gmt":"2026-04-21T09:11:05","guid":{"rendered":"https:\/\/dev.sbro.ro\/?product=biblie-medie-057-zti-verde"},"modified":"2026-04-21T09:11:05","modified_gmt":"2026-04-21T09:11:05","slug":"biblie-medie-057-zti-verde","status":"publish","type":"product","link":"https:\/\/dev.sbro.ro\/product\/biblie-medie-057-zti-verde\/","title":{"rendered":"Biblie medie 057 ZTI &#8211; verde"},"content":{"rendered":"<p>Biblie format mediu, copert\u0103 \u00een piele \u0219i fermoar, cu margini aurii \u0219i index. Con\u021bine urm\u0103toarele materiale ajut\u0103toare: \u2022 Plan de citire a Bibliei \u00eentr-un an \u2022 Dic\u021bionar de cuvinte \u2022 Minunile Domnului Isus \u2022 Pildele Domnului Isus \u2022 Unit\u0103\u021bi de m\u0103sur\u0103 \u00een Biblie<\/p>\n","protected":false},"excerpt":{"rendered":"<p>Biblie format mediu, copert\u0103 \u00een piele \u0219i fermoar, cu margini aurii \u0219i index. Con\u021bine urm\u0103toarele materiale ajut\u0103toare: \u2022 Plan de citire a Bibliei \u00eentr-un an \u2022 Dic\u021bionar de cuvinte \u2022 Minunile Domnului Isus \u2022 Pildele Domnului Isus \u2022 Unit\u0103\u021bi de m\u0103sur\u0103 \u00een Biblie<\/p>\n","protected":false},"featured_media":10405,"comment_status":"open","ping_status":"closed","template":"","meta":[],"product_brand":[],"product_cat":[7,27],"product_tag":[],"class_list":{"0":"post-5001","1":"product","2":"type-product","3":"status-publish","4":"has-post-thumbnail","6":"product_cat-biblie-mijlocie","7":"product_cat-editie-de-lux","9":"first","10":"instock","11":"shipping-taxable","12":"purchasable","13":"product-type-simple"},"_links":{"self":[{"href":"https:\/\/dev.sbro.ro\/wp-json\/wp\/v2\/product\/5001","targetHints":{"allow":["GET"]}}],"collection":[{"href":"https:\/\/dev.sbro.ro\/wp-json\/wp\/v2\/product"}],"about":[{"href":"https:\/\/dev.sbro.ro\/wp-json\/wp\/v2\/types\/product"}],"replies":[{"embeddable":true,"href":"https:\/\/dev.sbro.ro\/wp-json\/wp\/v2\/comments?post=5001"}],"wp:featuredmedia":[{"embeddable":true,"href":"https:\/\/dev.sbro.ro\/wp-json\/wp\/v2\/media\/10405"}],"wp:attachment":[{"href":"https:\/\/dev.sbro.ro\/wp-json\/wp\/v2\/media?parent=5001"}],"wp:term":[{"taxonomy":"product_brand","embeddable":true,"href":"https:\/\/dev.sbro.ro\/wp-json\/wp\/v2\/product_brand?post=5001"},{"taxonomy":"product_cat","embeddable":true,"href":"https:\/\/dev.sbro.ro\/wp-json\/wp\/v2\/product_cat?post=5001"},{"taxonomy":"product_tag","embeddable":true,"href":"https:\/\/dev.sbro.ro\/wp-json\/wp\/v2\/product_tag?post=5001"}],"curies":[{"name":"wp","href":"https:\/\/api.w.org\/{rel}","templated":true}]}}