{"id":5007,"date":"2026-04-21T09:11:05","date_gmt":"2026-04-21T09:11:05","guid":{"rendered":"https:\/\/dev.sbro.ro\/?product=biblie-mare-co77-zti-neagra"},"modified":"2026-04-21T09:11:05","modified_gmt":"2026-04-21T09:11:05","slug":"biblie-mare-co77-zti-neagra","status":"publish","type":"product","link":"https:\/\/dev.sbro.ro\/product\/biblie-mare-co77-zti-neagra\/","title":{"rendered":"Biblie mare CO77 ZTI &#8211; neagra"},"content":{"rendered":"<p>Biblia sau Sf\u00e2nta Scriptur\u0103 a Vechiului \u0219i Noului Testament cu trimiteri.<\/p>\n<p>Biblie mare, cu concordan\u021b\u0103 \u0219i explica\u021bii, \u00een piele cu fermoar, cu margini aurii \u0219i index.<\/p>\n<p>Con\u021bine urm\u0103toarele materiale ajut\u0103toare:<\/p>\n<p>\u2022 Explica\u021bii la fiecare carte a Bibliei<\/p>\n<p>\u2022 Concordan\u021b\u0103 biblic\u0103 &#8211; 359 pagin<\/p>\n<p> \u2022 Plan de citire a Bibliei \u00eentr-un an<\/p>\n<p> \u2022 Dic\u021bionar de cuvint<\/p>\n<p> \u2022 Minunile Domnului Isus<\/p>\n<p> \u2022 Pildele Domnului Isus<\/p>\n<p>\u2022 Unit\u0103\u021bi de m\u0103sur\u0103 \u00een Biblie<\/p>\n<p>\u2022 H\u0103r\u021bi<\/p>\n","protected":false},"excerpt":{"rendered":"<p>Biblia sau Sf\u00e2nta Scriptur\u0103 a Vechiului \u0219i Noului Testament cu trimiteri. Biblie mare, cu concordan\u021b\u0103 \u0219i explica\u021bii, \u00een piele cu fermoar, cu margini aurii \u0219i index. Con\u021bine urm\u0103toarele materiale ajut\u0103toare: \u2022 Explica\u021bii la fiecare carte a Bibliei \u2022 Concordan\u021b\u0103 biblic\u0103 &#8211; 359 pagin \u2022 Plan de citire a Bibliei \u00eentr-un an \u2022 Dic\u021bionar de cuvint [&hellip;]<\/p>\n","protected":false},"featured_media":10411,"comment_status":"open","ping_status":"closed","template":"","meta":[],"product_brand":[],"product_cat":[90,73,27,121],"product_tag":[],"class_list":{"0":"post-5007","1":"product","2":"type-product","3":"status-publish","4":"has-post-thumbnail","6":"product_cat-biblie-cu-explicatii","7":"product_cat-biblie-mare","8":"product_cat-editie-de-lux","9":"product_cat-recomandari-biblii","11":"first","12":"instock","13":"shipping-taxable","14":"purchasable","15":"product-type-simple"},"_links":{"self":[{"href":"https:\/\/dev.sbro.ro\/wp-json\/wp\/v2\/product\/5007","targetHints":{"allow":["GET"]}}],"collection":[{"href":"https:\/\/dev.sbro.ro\/wp-json\/wp\/v2\/product"}],"about":[{"href":"https:\/\/dev.sbro.ro\/wp-json\/wp\/v2\/types\/product"}],"replies":[{"embeddable":true,"href":"https:\/\/dev.sbro.ro\/wp-json\/wp\/v2\/comments?post=5007"}],"wp:featuredmedia":[{"embeddable":true,"href":"https:\/\/dev.sbro.ro\/wp-json\/wp\/v2\/media\/10411"}],"wp:attachment":[{"href":"https:\/\/dev.sbro.ro\/wp-json\/wp\/v2\/media?parent=5007"}],"wp:term":[{"taxonomy":"product_brand","embeddable":true,"href":"https:\/\/dev.sbro.ro\/wp-json\/wp\/v2\/product_brand?post=5007"},{"taxonomy":"product_cat","embeddable":true,"href":"https:\/\/dev.sbro.ro\/wp-json\/wp\/v2\/product_cat?post=5007"},{"taxonomy":"product_tag","embeddable":true,"href":"https:\/\/dev.sbro.ro\/wp-json\/wp\/v2\/product_tag?post=5007"}],"curies":[{"name":"wp","href":"https:\/\/api.w.org\/{rel}","templated":true}]}}