{"id":5037,"date":"2026-04-21T09:11:09","date_gmt":"2026-04-21T09:11:09","guid":{"rendered":"https:\/\/dev.sbro.ro\/?product=afirmatii-de-credinta"},"modified":"2026-04-21T09:11:09","modified_gmt":"2026-04-21T09:11:09","slug":"afirmatii-de-credinta","status":"publish","type":"product","link":"https:\/\/dev.sbro.ro\/product\/afirmatii-de-credinta\/","title":{"rendered":"Afirma\u021bii de credin\u021b\u0103"},"content":{"rendered":"<p>Am v\u0103zut lumina zilei la data de 02 mai 1977, \u00een localitatea Todireni, jude\u021bul Boto\u0219ani. Am crescut \u00eentr-o familie cu doi p\u0103rin\u021bi extrem de iubitori, care m-au \u00eenv\u0103\u021bat bunul sim\u021b, dragostea pentru frumos \u0219i respectul fa\u021b\u0103 de oameni. Chiar dac\u0103 \u00een vremea copil\u0103riei mele nu au fost ni\u0219te cre\u0219tini practican\u021bi, m-au \u00eenv\u0103\u021bat moralitatea \u0219i respectul fa\u021b\u0103 de cei din jur \u0219i m-am bucurat de o educa\u021bie aleas\u0103. Dumnezeu mi-a mai d\u0103ruit doi fra\u021bi iubitori \u0219i \u00eempreun\u0103 cu ei, ast\u0103zi, \u00cel slujim pe Dumnezeu. Am urmat cursurile Colegiului Na\u021bional George Co\u0219buc din N\u0103s\u0103ud, profil Pedagogic, preg\u0103tindu-m\u0103 pentru meseria pe care o practic cu mult\u0103 d\u0103ruire \u0219i pasiune, de 25 de ani, meserie care m\u0103 \u00eennobileaz\u0103. L-am cunoscut pe Dumnezeu la trecerea dintre gimnaziu spre liceu. \u00cen acea var\u0103, la un concert de muzic\u0103 cre\u0219tin\u0103 \u2013 am spune noi \u00eent\u00e2mpl\u0103tor, dar nimic nu este \u00eent\u00e2mpl\u0103tor \u00eenaintea lui Dumnezeu \u2013 am primit Cuv\u00e2ntul Lui Dumnezeu, \u0219i de atunci m\u0103 silesc s\u0103 tr\u0103iesc dup\u0103 voia Lui \u0219i s\u0103 fiu o binecuv\u00e2ntare pentru cei din jurul meu, r\u0103sp\u00e2ndind mireasma Lui Hristos. Dumnezeu m-a binecuv\u00e2ntat cu o familie deosebit\u0103, cu un so\u021b iubitor \u0219i cu doi copii ale\u0219i, care sunt darul Lui pentru noi aici pe acest p\u0103m\u00e2nt. Afirma\u021bii de credin\u021b\u0103 este al doilea volum de poezie, urm\u00e2ndu-i celui dint\u00e2i numit Jurnal de carantin\u0103. \u00cen carantin\u0103 Dumnezeu a alinat sufletul meu, l-a restaurant \u0219i l-a \u00eent\u0103rit prin poeziile care au fost ca \u0219i un jurnal, pentru c\u0103 ele au venit aproape zilnic. Acest izvor a continuat s\u0103 curg\u0103, iar ast\u0103zi ne bucur\u0103m de Afirma\u021bii de credin\u021b\u0103, al doilea volum. \u00cei mul\u021bumesc \u00een primul r\u00e2nd Lui Dumnezeu pentru acest al doilea volum. Mul\u021bumesc familiei mele: so\u021bului \u0219i copiilor, p\u0103rin\u021bilor \u0219i fra\u021bilor mei care m-au sprijinit \u0219i mi-au fost al\u0103turi din toate punctele de vedere. Mul\u021bumesc colegelor de la munc\u0103 \u2013 de la gr\u0103dini\u021b\u0103. Vreau s\u0103 mul\u021bumesc bisericii din care fac parte, Biserica Sf\u00e2nta Treime Bistri\u021ba, prietenilor apropia\u021bi, dar \u0219i celor din social media care \u00eemi citesc poeziile \u0219i \u00eemi transmit \u00eencuraj\u0103ri, ceea ce face ca izvorul s\u0103 continue s\u0103 curg\u0103.<\/p>\n","protected":false},"excerpt":{"rendered":"<p>Am v\u0103zut lumina zilei la data de 02 mai 1977, \u00een localitatea Todireni, jude\u021bul Boto\u0219ani. Am crescut \u00eentr-o familie cu doi p\u0103rin\u021bi extrem de iubitori, care m-au \u00eenv\u0103\u021bat bunul sim\u021b, dragostea pentru frumos \u0219i respectul fa\u021b\u0103 de oameni. Chiar dac\u0103 \u00een vremea copil\u0103riei mele nu au fost ni\u0219te cre\u0219tini practican\u021bi, m-au \u00eenv\u0103\u021bat moralitatea \u0219i respectul [&hellip;]<\/p>\n","protected":false},"featured_media":10440,"comment_status":"open","ping_status":"closed","template":"","meta":[],"product_brand":[],"product_cat":[39,62],"product_tag":[],"class_list":{"0":"post-5037","1":"product","2":"type-product","3":"status-publish","4":"has-post-thumbnail","6":"product_cat-poezii","7":"product_cat-poezii-editura-metanoia","9":"first","10":"instock","11":"shipping-taxable","12":"purchasable","13":"product-type-simple"},"_links":{"self":[{"href":"https:\/\/dev.sbro.ro\/wp-json\/wp\/v2\/product\/5037","targetHints":{"allow":["GET"]}}],"collection":[{"href":"https:\/\/dev.sbro.ro\/wp-json\/wp\/v2\/product"}],"about":[{"href":"https:\/\/dev.sbro.ro\/wp-json\/wp\/v2\/types\/product"}],"replies":[{"embeddable":true,"href":"https:\/\/dev.sbro.ro\/wp-json\/wp\/v2\/comments?post=5037"}],"wp:featuredmedia":[{"embeddable":true,"href":"https:\/\/dev.sbro.ro\/wp-json\/wp\/v2\/media\/10440"}],"wp:attachment":[{"href":"https:\/\/dev.sbro.ro\/wp-json\/wp\/v2\/media?parent=5037"}],"wp:term":[{"taxonomy":"product_brand","embeddable":true,"href":"https:\/\/dev.sbro.ro\/wp-json\/wp\/v2\/product_brand?post=5037"},{"taxonomy":"product_cat","embeddable":true,"href":"https:\/\/dev.sbro.ro\/wp-json\/wp\/v2\/product_cat?post=5037"},{"taxonomy":"product_tag","embeddable":true,"href":"https:\/\/dev.sbro.ro\/wp-json\/wp\/v2\/product_tag?post=5037"}],"curies":[{"name":"wp","href":"https:\/\/api.w.org\/{rel}","templated":true}]}}