{"id":5044,"date":"2026-04-21T09:11:10","date_gmt":"2026-04-21T09:11:10","guid":{"rendered":"https:\/\/dev.sbro.ro\/?product=fericirea-din-perspectiva-apocalipsei"},"modified":"2026-04-21T09:11:10","modified_gmt":"2026-04-21T09:11:10","slug":"fericirea-din-perspectiva-apocalipsei","status":"publish","type":"product","link":"https:\/\/dev.sbro.ro\/product\/fericirea-din-perspectiva-apocalipsei\/","title":{"rendered":"Fericirea din perspectiva Apocalipsei"},"content":{"rendered":"<p>Exist\u0103 multe studii, explica\u021bii \u0219i interpret\u0103ri date c\u0103r\u021bii Apocalipsa. Marea majoritate fac referire la date, personalit\u0103\u021bi \u0219i loca\u021bii unde se vor desf\u0103\u0219ura evenimentele prezise \u00een carte.<\/p>\n<p>Ca mul\u021bi al\u021bi, am fost \u0219i eu interesat de previziunile c\u0103r\u021bii \u0219i am \u00eenceput s\u0103 studiez pe fondul interesului suscitat de cei care sus\u021bineau permanent c\u0103 anumite evenimente erau sau sunt apocaliptice, adic\u0103 rele sau foarte rele. Pentru a \u00een\u021belege mai bine ce vrea s\u0103 reprezinte aceast\u0103 exprimare \u2013 eveniment apocaliptic \u2013 am studiat \u00een mod sus\u021binut, de-a lungul a mai mul\u021bi ani, con\u021binutul c\u0103r\u021bii.<\/p>\n<p>Surpriza pe care am avut-o a fost c\u0103 direc\u021bia principal\u0103 pe care insist\u0103 cartea nu este, sub nicio form\u0103, legat\u0103 de distrugerea \u0219i pierzarea omenirii, ci este legat\u0103 indiscutabil de refacerea \u0219i re\u00eennoirea acesteia. Prin ascultare de Dumnezeu, omul va avea cu adev\u0103rat parte de fericire \u0219i de un destin fericit.  &#8212; Autorul<\/p>\n<p> Adrian B\u0103lu\u021b\u0103 locuie\u0219te \u00een Bucure\u0219ti, este c\u0103s\u0103torit, tat\u0103 a trei copii, licen\u021biat \u00een teologie \u0219i economie, cu un masterat \u00een finan\u021be b\u0103nci. Este slujitor al bisericii locale din tinere\u021be \u0219i vestitor al Evangheliei. Pentru realizarea acestei c\u0103r\u021bi, familia l-a sus\u021binut cu toat\u0103 r\u0103bdarea \u0219i \u00een\u021belegerea, iar sugestiile oferite de colaboratori au adus un plus \u00een redactarea prezentei lucr\u0103ri.<\/p>\n","protected":false},"excerpt":{"rendered":"<p>Exist\u0103 multe studii, explica\u021bii \u0219i interpret\u0103ri date c\u0103r\u021bii Apocalipsa. Marea majoritate fac referire la date, personalit\u0103\u021bi \u0219i loca\u021bii unde se vor desf\u0103\u0219ura evenimentele prezise \u00een carte. Ca mul\u021bi al\u021bi, am fost \u0219i eu interesat de previziunile c\u0103r\u021bii \u0219i am \u00eenceput s\u0103 studiez pe fondul interesului suscitat de cei care sus\u021bineau permanent c\u0103 anumite evenimente erau [&hellip;]<\/p>\n","protected":false},"featured_media":10447,"comment_status":"open","ping_status":"closed","template":"","meta":[],"product_brand":[],"product_cat":[24],"product_tag":[],"class_list":{"0":"post-5044","1":"product","2":"type-product","3":"status-publish","4":"has-post-thumbnail","6":"product_cat-eshatologie","8":"first","9":"instock","10":"shipping-taxable","11":"purchasable","12":"product-type-simple"},"_links":{"self":[{"href":"https:\/\/dev.sbro.ro\/wp-json\/wp\/v2\/product\/5044","targetHints":{"allow":["GET"]}}],"collection":[{"href":"https:\/\/dev.sbro.ro\/wp-json\/wp\/v2\/product"}],"about":[{"href":"https:\/\/dev.sbro.ro\/wp-json\/wp\/v2\/types\/product"}],"replies":[{"embeddable":true,"href":"https:\/\/dev.sbro.ro\/wp-json\/wp\/v2\/comments?post=5044"}],"wp:featuredmedia":[{"embeddable":true,"href":"https:\/\/dev.sbro.ro\/wp-json\/wp\/v2\/media\/10447"}],"wp:attachment":[{"href":"https:\/\/dev.sbro.ro\/wp-json\/wp\/v2\/media?parent=5044"}],"wp:term":[{"taxonomy":"product_brand","embeddable":true,"href":"https:\/\/dev.sbro.ro\/wp-json\/wp\/v2\/product_brand?post=5044"},{"taxonomy":"product_cat","embeddable":true,"href":"https:\/\/dev.sbro.ro\/wp-json\/wp\/v2\/product_cat?post=5044"},{"taxonomy":"product_tag","embeddable":true,"href":"https:\/\/dev.sbro.ro\/wp-json\/wp\/v2\/product_tag?post=5044"}],"curies":[{"name":"wp","href":"https:\/\/api.w.org\/{rel}","templated":true}]}}