{"id":5049,"date":"2026-04-21T09:11:11","date_gmt":"2026-04-21T09:11:11","guid":{"rendered":"https:\/\/dev.sbro.ro\/?product=vrednic-este-mielul-sfant-evanghelia-in-apocalipsa"},"modified":"2026-04-21T09:11:11","modified_gmt":"2026-04-21T09:11:11","slug":"vrednic-este-mielul-sfant-evanghelia-in-apocalipsa","status":"publish","type":"product","link":"https:\/\/dev.sbro.ro\/?product=vrednic-este-mielul-sfant-evanghelia-in-apocalipsa","title":{"rendered":"Vrednic este Mielul sf\u00e2nt! &#8211; Evanghelia \u00een Apocalipsa"},"content":{"rendered":"<p>Cei mai mul\u021bi cre\u0219tini adopt\u0103 fa\u021b\u0103 de cartea Apocalipsa una dintre aceste dou\u0103 atitudini: fie o neglijeaz\u0103 aproape cu totul, fie \u00eei acord\u0103 o importan\u021b\u0103 f\u0103r\u0103 seam\u0103n \u00eentre c\u0103r\u021bile biblice. \u00cen ce prive\u0219te prima atitudine, motivele nu sunt greu de imaginat. \u00cen afar\u0103 de scrisorile adresate celor \u0219apte biserici din capitolele 2 \u0219i 3, cartea este aproape \u00een \u00eentregime inundat\u0103 de procedee literare exotice \u0219i \u00eenflorate. Vedeniile ciudate \u00eenso\u021bite de folosirea constant\u0103 a imaginilor \u0219i ideilor Vechiului Testament pun cartea \u00een categoria celor \u201eprea grele\u201c pentru mul\u021bi cititori neaviza\u021bi. Pu\u021bini cre\u0219tini de ast\u0103zi obi\u0219nuiesc s\u0103 mediteze la existen\u021ba lor \u0219i la semnifica\u021bia ei prin intermediul unor metafore precum fiara cu \u0219apte capete sau c\u0103l\u0103re\u021bul apocaliptic. Deoarece limbajul Apocalipsei ne este at\u00e2t de str\u0103in, tindem s\u0103 ne concentr\u0103m pe acele p\u0103r\u021bi ale Noului Testament care ne parvin ca scrieri cu sensuri mai proprii, precum scrisori sau nara\u021biuni. *** Astfel, c\u00e2nd citim Biblia sau orice alt\u0103 scriere antic\u0103, observ\u0103m probabil c\u0103 exist\u0103 o pr\u0103pastie \u00eentre mijloacele literare moderne \u0219i cele ale autorilor antici. Nu putem ignora aceast\u0103 pr\u0103pastie \u0219i s\u0103 pretindem c\u0103 ea nu exist\u0103. Pe de alt\u0103 parte, s\u0103 nu ne descuraj\u0103m. \u00cen bun\u0103 m\u0103sur\u0103, chestiunea e una de receptivitate la paleta de op\u021biuni disponibil\u0103 fiec\u0103rui autor. Uneori este nevoie s\u0103 s\u0103p\u0103m un pic \u00een trecutul unui anumit idiom literar pentru a descoperi cum a fost folosit \u0219i cu ce inten\u021bie. Cartea Apocalipsa con\u021bine c\u00e2teva specii literare distincte, fiecare cu tr\u0103s\u0103turile \u0219i rolurile sale specifice. Cele mai evidente sunt urm\u0103toarele: a. Scrisori b. Oracole profetice c. Imnuri de laud\u0103 d. Viziuni (vedenii) apocaliptice Principiul de interpretare care reiese de aici este c\u0103 trebuie s\u0103\u2011i permitem autorului s\u0103 foloseasc\u0103 conven\u021biile literare disponibile \u00een timpul \u0219i cultura lui, \u0219i s\u0103 le foloseasc\u0103 \u00een a\u0219a fel \u00eenc\u00e2t s\u0103\u2011\u0219i poat\u0103 atinge obiectivul. &#8212; fragmente din Introducere<\/p>\n","protected":false},"excerpt":{"rendered":"<p>Cei mai mul\u021bi cre\u0219tini adopt\u0103 fa\u021b\u0103 de cartea Apocalipsa una dintre aceste dou\u0103 atitudini: fie o neglijeaz\u0103 aproape cu totul, fie \u00eei acord\u0103 o importan\u021b\u0103 f\u0103r\u0103 seam\u0103n \u00eentre c\u0103r\u021bile biblice. \u00cen ce prive\u0219te prima atitudine, motivele nu sunt greu de imaginat. \u00cen afar\u0103 de scrisorile adresate celor \u0219apte biserici din capitolele 2 \u0219i 3, cartea [&hellip;]<\/p>\n","protected":false},"featured_media":10452,"comment_status":"open","ping_status":"closed","template":"","meta":[],"product_brand":[],"product_cat":[40],"product_tag":[],"class_list":{"0":"post-5049","1":"product","2":"type-product","3":"status-publish","4":"has-post-thumbnail","6":"product_cat-studiu-biblic","8":"first","9":"outofstock","10":"shipping-taxable","11":"purchasable","12":"product-type-simple"},"_links":{"self":[{"href":"https:\/\/dev.sbro.ro\/index.php?rest_route=\/wp\/v2\/product\/5049","targetHints":{"allow":["GET"]}}],"collection":[{"href":"https:\/\/dev.sbro.ro\/index.php?rest_route=\/wp\/v2\/product"}],"about":[{"href":"https:\/\/dev.sbro.ro\/index.php?rest_route=\/wp\/v2\/types\/product"}],"replies":[{"embeddable":true,"href":"https:\/\/dev.sbro.ro\/index.php?rest_route=%2Fwp%2Fv2%2Fcomments&post=5049"}],"wp:featuredmedia":[{"embeddable":true,"href":"https:\/\/dev.sbro.ro\/index.php?rest_route=\/wp\/v2\/media\/10452"}],"wp:attachment":[{"href":"https:\/\/dev.sbro.ro\/index.php?rest_route=%2Fwp%2Fv2%2Fmedia&parent=5049"}],"wp:term":[{"taxonomy":"product_brand","embeddable":true,"href":"https:\/\/dev.sbro.ro\/index.php?rest_route=%2Fwp%2Fv2%2Fproduct_brand&post=5049"},{"taxonomy":"product_cat","embeddable":true,"href":"https:\/\/dev.sbro.ro\/index.php?rest_route=%2Fwp%2Fv2%2Fproduct_cat&post=5049"},{"taxonomy":"product_tag","embeddable":true,"href":"https:\/\/dev.sbro.ro\/index.php?rest_route=%2Fwp%2Fv2%2Fproduct_tag&post=5049"}],"curies":[{"name":"wp","href":"https:\/\/api.w.org\/{rel}","templated":true}]}}