{"id":5073,"date":"2026-04-21T09:11:14","date_gmt":"2026-04-21T09:11:14","guid":{"rendered":"https:\/\/dev.sbro.ro\/?product=viata-si-invierea"},"modified":"2026-04-21T09:11:14","modified_gmt":"2026-04-21T09:11:14","slug":"viata-si-invierea","status":"publish","type":"product","link":"https:\/\/dev.sbro.ro\/?product=viata-si-invierea","title":{"rendered":"Via\u021ba \u0219i \u00eenvierea"},"content":{"rendered":"<p>\u00cen Via\u021ba \u0219i \u00eenvierea, Otniel Luca continu\u0103 seria de \u00eenv\u0103\u021b\u0103turi biblice pentru via\u021ba spiritual\u0103. Isus este Via\u021ba Care d\u0103 via\u021b\u0103. Autorul face diferen\u021ba \u00eentre via\u021b\u0103 natural\u0103, via\u021b\u0103 spiritual\u0103 \u0219i via\u021b\u0103 ve\u0219nic\u0103 \u0219i descrie modul \u00een care \u00een\u021belegerea acestor realit\u0103\u021bi spirituale ne binecuv\u00e2nteaz\u0103.<\/p>\n","protected":false},"excerpt":{"rendered":"<p>\u00cen Via\u021ba \u0219i \u00eenvierea, Otniel Luca continu\u0103 seria de \u00eenv\u0103\u021b\u0103turi biblice pentru via\u021ba spiritual\u0103. Isus este Via\u021ba Care d\u0103 via\u021b\u0103. Autorul face diferen\u021ba \u00eentre via\u021b\u0103 natural\u0103, via\u021b\u0103 spiritual\u0103 \u0219i via\u021b\u0103 ve\u0219nic\u0103 \u0219i descrie modul \u00een care \u00een\u021belegerea acestor realit\u0103\u021bi spirituale ne binecuv\u00e2nteaz\u0103.<\/p>\n","protected":false},"featured_media":10476,"comment_status":"open","ping_status":"closed","template":"","meta":[],"product_brand":[],"product_cat":[18],"product_tag":[],"class_list":{"0":"post-5073","1":"product","2":"type-product","3":"status-publish","4":"has-post-thumbnail","6":"product_cat-viata-crestina","8":"first","9":"instock","10":"shipping-taxable","11":"purchasable","12":"product-type-simple"},"_links":{"self":[{"href":"https:\/\/dev.sbro.ro\/index.php?rest_route=\/wp\/v2\/product\/5073","targetHints":{"allow":["GET"]}}],"collection":[{"href":"https:\/\/dev.sbro.ro\/index.php?rest_route=\/wp\/v2\/product"}],"about":[{"href":"https:\/\/dev.sbro.ro\/index.php?rest_route=\/wp\/v2\/types\/product"}],"replies":[{"embeddable":true,"href":"https:\/\/dev.sbro.ro\/index.php?rest_route=%2Fwp%2Fv2%2Fcomments&post=5073"}],"wp:featuredmedia":[{"embeddable":true,"href":"https:\/\/dev.sbro.ro\/index.php?rest_route=\/wp\/v2\/media\/10476"}],"wp:attachment":[{"href":"https:\/\/dev.sbro.ro\/index.php?rest_route=%2Fwp%2Fv2%2Fmedia&parent=5073"}],"wp:term":[{"taxonomy":"product_brand","embeddable":true,"href":"https:\/\/dev.sbro.ro\/index.php?rest_route=%2Fwp%2Fv2%2Fproduct_brand&post=5073"},{"taxonomy":"product_cat","embeddable":true,"href":"https:\/\/dev.sbro.ro\/index.php?rest_route=%2Fwp%2Fv2%2Fproduct_cat&post=5073"},{"taxonomy":"product_tag","embeddable":true,"href":"https:\/\/dev.sbro.ro\/index.php?rest_route=%2Fwp%2Fv2%2Fproduct_tag&post=5073"}],"curies":[{"name":"wp","href":"https:\/\/api.w.org\/{rel}","templated":true}]}}