{"id":5087,"date":"2026-04-21T09:11:15","date_gmt":"2026-04-21T09:11:15","guid":{"rendered":"https:\/\/dev.sbro.ro\/?product=pastoriti-12-principii-din-evanghelie-pentru-conducerea-bisericii"},"modified":"2026-04-21T09:11:15","modified_gmt":"2026-04-21T09:11:15","slug":"pastoriti-12-principii-din-evanghelie-pentru-conducerea-bisericii","status":"publish","type":"product","link":"https:\/\/dev.sbro.ro\/?product=pastoriti-12-principii-din-evanghelie-pentru-conducerea-bisericii","title":{"rendered":"Pastoriti. 12 principii din Evanghelie pentru conducerea bisericii"},"content":{"rendered":"<p>\u201eBiserica are nevoie disperat\u0103 de o conducere care nu este structurat\u0103 doar pentru a fi eficient\u0103, ci este modelat\u0103 \u00eentr-un mod mai profund de Evanghelia lui Isus Hristos. Dac\u0103 prive\u0219ti la cei care conduc comunit\u0103\u021bile prin lentilele lui Isus Hristos, totul se transform\u0103: a\u0219tept\u0103rile, loialitatea, ac\u021biunile, chiar \u0219i felul \u00een care r\u0103spunzi la dificult\u0103\u021bi. Iat\u0103 de ce, for\u021ba care va modela aceast\u0103 carte este chemarea specific\u0103 a Evangheliei cu privire la felul \u2000\u00een care trebuie s\u0103 g\u00e2ndim conducerea spiritual\u0103.\u201d<\/p>\n<p>&#8212; Paul David Tripp<\/p>\n<p><strong>Cuprins<\/strong><\/p>\n<p>PRINCIPIUL 1: O echip\u0103 de slujitori al c\u0103rei timp este controlat de efectuarea lucr\u0103rilor bisericii tinde s\u0103 fie nes\u0103n\u0103toas\u0103 din punct de vedere spiritual<br \/>\nPRINCIPIUL 2: Dac\u0103 vor s\u0103 fie unelte ale harului lui Dumnezeu, slujitorii trebuie s\u0103 cultive acest har unii \u00een vie\u021bile celorlal\u021bi<\/p>\n<p>PRINCIPIUL 3: Recunoa\u0219terea limitelor stabilite de Dumnezeu \u00een ceea ce prive\u0219te darurile, timpul, energia \u0219i maturitatea, este esen\u021bial\u0103 pentru a conduce bine o comunitate<br \/>\nPRINCIPIUL 4: A-i \u00eenv\u0103\u021ba pe slujitori s\u0103 recunoasc\u0103 \u0219i s\u0103 echilibreze diferitele chem\u0103ri pe care le-au primit este o contribu\u021bie vital\u0103 la succesul lor<br \/>\nPRINCIPIUL 5: O echip\u0103 de slujitori s\u0103n\u0103toas\u0103 din punct de vedere spiritual recunoa\u0219te importan\u021ba caracterului mai presus dec\u00e2t structurile sau strategiile<br \/>\nPRINCIPIUL 6: Este esen\u021bial s\u0103 \u00een\u021belegem c\u0103 a fi slujitor\u2000\u00eenseamn\u0103 a fi angrenat \u00eentr-un r\u0103zboi<br \/>\nPRINCIPIUL 7: Chemarea la conducere \u00een biseric\u0103 este o chemare la jertf\u0103 de bun\u0103 voie \u0219i la slujire necondi\u021bionat\u0103<br \/>\nPRINCIPIUL 8: O echip\u0103 de slujitori s\u0103n\u0103toas\u0103 este caracterizat\u0103 de smerenia abordabilit\u0103\u021bii \u0219i de curajul sincerit\u0103\u021bii iubitoare<br \/>\nPRINCIPIUL 9: Felul \u00een care conduc slujitorii va fi determinat \u00eentotdeauna de locul \u00een care \u00ee\u0219i caut\u0103 identitatea<br \/>\nPRINCIPIUL 10: C\u00e2nd conducerea este modelat\u0103 de Evanghelie, va fi dedicat\u0103 reabilit\u0103rii \u0219i noilor \u00eenceputuri<br \/>\nPRINCIPIUL 11: Longevitatea este rodul maturit\u0103\u021bii spirituale, iar maturitatea spiritual\u0103 este rezultatul longevit\u0103\u021bii \u0219i ambele sunt rodul comunit\u0103\u021bii Evangheliei<br \/>\nPRINCIPIUL 12: Vei aborda \u00een mod corect inevitabilele sl\u0103biciuni, falimente \u0219i p\u0103cate ale slujitorilor doar atunci c\u00e2nd \u00eei prive\u0219ti prin lentila prezen\u021bei, puterii, promisiunilor \u0219i harului lui Hristos.<\/p>\n<p>\nAceast\u0103 carte este continuarea perfect\u0103 a altei c\u0103r\u021bi scrise de c\u0103tre David Tripp: Chemare periculoas\u0103. Avertismentul cu privire la \u201e\u00eendoiala t\u0103cut\u0103 fa\u021b\u0103 de Evanghelie\u201d surprinde at\u00e2t de bine motivul pentru care aceast\u0103 carte este o necesitate. Slujitorii nu au nevoie at\u00e2t de mult de idei geniale pe c\u00e2t au nevoie de har \u0219i de mai mult\u0103 Evanghelie.<br \/>\n&#8212; Daniel L. Akin, Decan, Southeastern Baptist Theological Seminary<\/p>\n<p>\u201ePuterea acestei c\u0103r\u021bi const\u0103 \u00een felul \u00een care Tripp trateaz\u0103 conceptul de conducere, folosindu-se de dou\u0103 lucruri: \u00een\u021belegerea Evangheliei pe de o parte \u0219i a naturii organice a bisericii pe de alt\u0103 parte. La un anumit nivel, lectura este destul de u\u0219oar\u0103; la un alt nivel ea cerceteaz\u0103 \u0219i devine chiar dureroas\u0103.\u201d<br \/>\n&#8212; D. A. Carson, Profesor Emerit de Noul Testament, Trinity Evangelical Divinity School; Cofondator The Gospel Coalition<\/p>\n<p>\u201eTripp cunoa\u0219te at\u00e2t inima, c\u00e2t \u0219i durerile unui slujitor. El scrie plin de o compasiune vulnerabil\u0103 care \u00ee\u0219i are originea at\u00e2t \u00een experien\u021bele tr\u0103ite, c\u00e2t \u0219i \u2000\u00een convingerea ad\u00e2nc \u2000\u00eenr\u0103d\u0103cinat\u0103 \u2000\u00een \u2000\u00een\u021belepciunea biblic\u0103. P\u0103stori\u021bi este, de departe, cea mai bun\u0103 carte pe tema conducerii spirituale pe care am citit-o, o carte la a c\u0103rei lectur\u0103 m\u0103 voi\u2000\u00eentoarce cu siguran\u021b\u0103.\u201d<br \/>\n&#8212; Mark Bailey, Decan \u0219i Profesor Titular de Expunere Biblic\u0103, Dallas Theological Seminary<\/p>\n<p>\u201eWow! Nu am crezut c\u0103 recenzia acestei c\u0103r\u021bi va deveni at\u00e2t de personal\u0103! A fost ca o interven\u021bie chirurgical\u0103 \u00een care sufletul mi-a fost deschis folosindu-se de bisturiul convingerii ca, mai apoi, s\u0103 fie \u00eenchis \u0219i suturat cu har. Tripp face parte dintre oamenii aceia rari care au experien\u021ba, statura spiritual\u0103, transparen\u021ba \u0219i claritatea de care este nevoie pentru a chema slujitorii bisericii la o urgent\u0103 transformare a slujirii lor, prin Evanghelie. Fie ca Dumnezeu s\u0103 \u00eemi dea mie \u2013 s\u0103 ne dea tuturor \u2013 urechi s\u0103 auzim aceste adev\u0103ruri&#8230; \u0219i \u2000\u00eendeajuns de mult\u0103 smerenie pentru a le aplica!\u201d<br \/>\n&#8212; Dave Harvey, Director, Great Commission<\/p>\n<p>\u201eDe\u0219i este scris\u0103 \u00een mod special pentru p\u0103stori \u0219i al\u021bi slujitori publici, ea este foarte potrivit\u0103 pentru orice cre\u0219tin care are o func\u021bie de conducere, fie \u00een domeniul sacru, fie \u00een cel profan. Ca slujitor cu o experien\u021b\u0103 de treizeci de ani \u00een afaceri \u0219i cu o experien\u021b\u0103 de aproape patru ani ca slujitor \u00een lucrarea global\u0103, realizez c\u0103 aceste dou\u0103sprezece principii merg direct la \u021bint\u0103. \u2000\u00cencurajez orice slujitor, implicat \u2000\u00een afaceri sau \u2000\u00een slujirea unei biserici, s\u0103 ia cartea aceasta \u0219i, efectiv, s\u0103 o digere.\u201d<br \/>\n&#8212; Steve Shackelford, CEO, Redeemer City to City<\/p>\n<p>\u201eCite\u0219te aceast\u0103 carte doar dac\u0103 dore\u0219ti cu disperare s\u0103 fii un slujitor al lui Hristos mai smerit, mai bl\u00e2nd \u0219i plin de har. Dac\u0103 \u00ee\u021bi dore\u0219ti ceva care s\u0103 te duc\u0103 \u00eenspre faima eclezial\u0103 \u0219i statutul de p\u0103stor celebru, aceast\u0103 carte nu este ceea ce cau\u021bi. Volumul acesta \u00eendeamn\u0103 la o conducere jertfitoare \u0219i smerit\u0103, conducere \u00een care slujitorul moare fa\u021b\u0103 de sine. Tirania superficialit\u0103\u021bii, centrat\u0103 pe sine, narcisist\u0103 \u0219i dedicat\u0103 promov\u0103rii de sine nu este \u021binta acestei lucr\u0103ri. Pe parcursul fiec\u0103rei pagini, Tripp ne provoac\u0103 s\u0103 redob\u00e2ndim o abordare pe deplin biblic\u0103 a conducerii \u00een biseric\u0103. \u0218i exact aceasta este nevoia pe care o avem atunci c\u00e2nd conducem asalta\u021bi de zgomotul b\u0103t\u0103liei care se d\u0103 \u00een jurul nostru \u2013 o b\u0103t\u0103lie a c\u0103rei miz\u0103 este bucuria, perseveren\u021ba, vie\u021bile, familiile \u0219i oamenii pe care \u00eei slujim. Abordarea lui are ca scop gloria deplin\u0103 a lui Dumnezeu, nu a noastr\u0103.\u201d<br \/>\n&#8212; Burk Parsons, P\u0103stor Coordonator, Saint Andrew\u2019s Chapel, Sanford, Florida; Editor, Tabletalk<\/p>\n<p>\u201eC\u0103r\u021bile lui Tripp se num\u0103r\u0103 printre cele mai influente lucr\u0103ri din via\u021ba mea.  P\u0103stori\u021bi nu este excep\u021bia care \u00eent\u0103re\u0219te regula! Pe paginile acestei c\u0103r\u021bi, \u2000\u00eencercarea de a-i sluji \u0219i conduce pe al\u021bii va g\u0103si ajutor practic \u0219i, mai ales, profund evanghelic.&#8221;<br \/>\n&#8212; Jennie Allen, autor al bestsellerului, Get Out of Your Head; Fondator al IF:Gathering<\/p>\n<p><strong>Paul David Tripp<\/strong> este pastor, autor \u0219i vorbitor interna\u021bional. De-a lungul vie\u021bii sale, Paul a plantat o biseric\u0103, a scris c\u00e2ntece de \u00eenchinare \u0219i peste 30 de c\u0103r\u021bi, multe dintre ele premiate. A fost mul\u021bi ani membru al funda\u021biei Christian Counseling and Educational Foundation (CCEF), a predat consiliere biblic\u0103 la Westminster Theological Seminary, a fost profesor invitat la Southern Baptist Theological Seminary \u0219i pastor al bisericii Tenth Presbyterian Church. Este c\u0103s\u0103torit cu Luella \u0219i au patru copii adul\u021bi.<\/p>\n","protected":false},"excerpt":{"rendered":"<p>\u201eBiserica are nevoie disperat\u0103 de o conducere care nu este structurat\u0103 doar pentru a fi eficient\u0103, ci este modelat\u0103 \u00eentr-un mod mai profund de Evanghelia lui Isus Hristos. Dac\u0103 prive\u0219ti la cei care conduc comunit\u0103\u021bile prin lentilele lui Isus Hristos, totul se transform\u0103: a\u0219tept\u0103rile, loialitatea, ac\u021biunile, chiar \u0219i felul \u00een care r\u0103spunzi la dificult\u0103\u021bi. Iat\u0103 [&hellip;]<\/p>\n","protected":false},"featured_media":10489,"comment_status":"open","ping_status":"closed","template":"","meta":[],"product_brand":[],"product_cat":[54],"product_tag":[],"class_list":{"0":"post-5087","1":"product","2":"type-product","3":"status-publish","4":"has-post-thumbnail","6":"product_cat-pastorale","8":"first","9":"instock","10":"shipping-taxable","11":"purchasable","12":"product-type-simple"},"_links":{"self":[{"href":"https:\/\/dev.sbro.ro\/index.php?rest_route=\/wp\/v2\/product\/5087","targetHints":{"allow":["GET"]}}],"collection":[{"href":"https:\/\/dev.sbro.ro\/index.php?rest_route=\/wp\/v2\/product"}],"about":[{"href":"https:\/\/dev.sbro.ro\/index.php?rest_route=\/wp\/v2\/types\/product"}],"replies":[{"embeddable":true,"href":"https:\/\/dev.sbro.ro\/index.php?rest_route=%2Fwp%2Fv2%2Fcomments&post=5087"}],"wp:featuredmedia":[{"embeddable":true,"href":"https:\/\/dev.sbro.ro\/index.php?rest_route=\/wp\/v2\/media\/10489"}],"wp:attachment":[{"href":"https:\/\/dev.sbro.ro\/index.php?rest_route=%2Fwp%2Fv2%2Fmedia&parent=5087"}],"wp:term":[{"taxonomy":"product_brand","embeddable":true,"href":"https:\/\/dev.sbro.ro\/index.php?rest_route=%2Fwp%2Fv2%2Fproduct_brand&post=5087"},{"taxonomy":"product_cat","embeddable":true,"href":"https:\/\/dev.sbro.ro\/index.php?rest_route=%2Fwp%2Fv2%2Fproduct_cat&post=5087"},{"taxonomy":"product_tag","embeddable":true,"href":"https:\/\/dev.sbro.ro\/index.php?rest_route=%2Fwp%2Fv2%2Fproduct_tag&post=5087"}],"curies":[{"name":"wp","href":"https:\/\/api.w.org\/{rel}","templated":true}]}}