{"id":5089,"date":"2026-04-21T09:11:15","date_gmt":"2026-04-21T09:11:15","guid":{"rendered":"https:\/\/dev.sbro.ro\/?product=77-versete-de-memorat-pentru-toti-copiii"},"modified":"2026-04-21T09:11:15","modified_gmt":"2026-04-21T09:11:15","slug":"77-versete-de-memorat-pentru-toti-copiii","status":"publish","type":"product","link":"https:\/\/dev.sbro.ro\/product\/77-versete-de-memorat-pentru-toti-copiii\/","title":{"rendered":"77 Versete de memorat pentru toti copiii"},"content":{"rendered":"<p>77 Versete de memorat pe care to\u021bi copiii ar trebui s\u0103 le \u0219tie<\/p>\n<p>O modalitate extraordinar\u0103 de a-i ajuta pe cei mici s\u0103 descopere bucuria p\u0103str\u0103rii Cuv\u00e2ntului lui Dumnezeu \u00een inima lor.<\/p>\n<p>Parcurge cei trei pa\u0219i simpli &#8211; 1, 2, 3 &#8211; \u0219i vei memora mai u\u0219or Scriptura:<\/p>\n<p>1 \u2013 Cite\u0219te. Cite\u0219te cu voce tare versetele alese special pentru tine.<\/p>\n<p>2 \u2013 Scrie. Dac\u0103 scrii cu m\u00e2na ta vei re\u0163ine mai u\u0219or.<\/p>\n<p>3 \u2013 Coloreaz\u0103. Repet\u0103 \u0219i g\u00e2nde\u0219te-te la semnifica\u0163ia versetului \u00een timp ce colorezi.<\/p>\n","protected":false},"excerpt":{"rendered":"<p>77 Versete de memorat pe care to\u021bi copiii ar trebui s\u0103 le \u0219tie O modalitate extraordinar\u0103 de a-i ajuta pe cei mici s\u0103 descopere bucuria p\u0103str\u0103rii Cuv\u00e2ntului lui Dumnezeu \u00een inima lor. Parcurge cei trei pa\u0219i simpli &#8211; 1, 2, 3 &#8211; \u0219i vei memora mai u\u0219or Scriptura: 1 \u2013 Cite\u0219te. Cite\u0219te cu voce tare [&hellip;]<\/p>\n","protected":false},"featured_media":10491,"comment_status":"open","ping_status":"closed","template":"","meta":[],"product_brand":[],"product_cat":[35,13],"product_tag":[],"class_list":{"0":"post-5089","1":"product","2":"type-product","3":"status-publish","4":"has-post-thumbnail","6":"product_cat-copii","7":"product_cat-familie","9":"first","10":"instock","11":"shipping-taxable","12":"purchasable","13":"product-type-simple"},"_links":{"self":[{"href":"https:\/\/dev.sbro.ro\/wp-json\/wp\/v2\/product\/5089","targetHints":{"allow":["GET"]}}],"collection":[{"href":"https:\/\/dev.sbro.ro\/wp-json\/wp\/v2\/product"}],"about":[{"href":"https:\/\/dev.sbro.ro\/wp-json\/wp\/v2\/types\/product"}],"replies":[{"embeddable":true,"href":"https:\/\/dev.sbro.ro\/wp-json\/wp\/v2\/comments?post=5089"}],"wp:featuredmedia":[{"embeddable":true,"href":"https:\/\/dev.sbro.ro\/wp-json\/wp\/v2\/media\/10491"}],"wp:attachment":[{"href":"https:\/\/dev.sbro.ro\/wp-json\/wp\/v2\/media?parent=5089"}],"wp:term":[{"taxonomy":"product_brand","embeddable":true,"href":"https:\/\/dev.sbro.ro\/wp-json\/wp\/v2\/product_brand?post=5089"},{"taxonomy":"product_cat","embeddable":true,"href":"https:\/\/dev.sbro.ro\/wp-json\/wp\/v2\/product_cat?post=5089"},{"taxonomy":"product_tag","embeddable":true,"href":"https:\/\/dev.sbro.ro\/wp-json\/wp\/v2\/product_tag?post=5089"}],"curies":[{"name":"wp","href":"https:\/\/api.w.org\/{rel}","templated":true}]}}