{"id":5118,"date":"2026-04-21T09:11:19","date_gmt":"2026-04-21T09:11:19","guid":{"rendered":"https:\/\/dev.sbro.ro\/?product=apocalipsa-biblia-cu-predici-si-schite-pentru-predicatori"},"modified":"2026-04-21T09:11:19","modified_gmt":"2026-04-21T09:11:19","slug":"apocalipsa-biblia-cu-predici-si-schite-pentru-predicatori","status":"publish","type":"product","link":"https:\/\/dev.sbro.ro\/?product=apocalipsa-biblia-cu-predici-si-schite-pentru-predicatori","title":{"rendered":"Apocalipsa &#8211; Biblia cu predici \u0219i schi\u021be pentru predicatori"},"content":{"rendered":"<p>Apocalipsa &#8211; Biblia cu predici \u0219i schi\u021be pentru predicatori Biblia cu predici \u0219i schi\u021be pentru predicatori a fost scris\u0103 pentru oamenii lui Dumnezeu ca ajutor pentru preg\u0103tirea predicilor \u0219i a studiilor biblice. N\u0103d\u0103jduim ca aceast\u0103 carte s\u0103 fie de folos slujitorilor care doresc s\u0103 aprofundeze studiul Scripturii, s\u0103 predice \u0219i s\u0103-i \u00eenve\u021be pe al\u021bii din Cuv\u00e2ntul lui Dumnezeu.<\/p>\n","protected":false},"excerpt":{"rendered":"<p>Apocalipsa &#8211; Biblia cu predici \u0219i schi\u021be pentru predicatori Biblia cu predici \u0219i schi\u021be pentru predicatori a fost scris\u0103 pentru oamenii lui Dumnezeu ca ajutor pentru preg\u0103tirea predicilor \u0219i a studiilor biblice. N\u0103d\u0103jduim ca aceast\u0103 carte s\u0103 fie de folos slujitorilor care doresc s\u0103 aprofundeze studiul Scripturii, s\u0103 predice \u0219i s\u0103-i \u00eenve\u021be pe al\u021bii din [&hellip;]<\/p>\n","protected":false},"featured_media":10520,"comment_status":"open","ping_status":"closed","template":"","meta":[],"product_brand":[],"product_cat":[17],"product_tag":[],"class_list":{"0":"post-5118","1":"product","2":"type-product","3":"status-publish","4":"has-post-thumbnail","6":"product_cat-predici","8":"first","9":"instock","10":"shipping-taxable","11":"purchasable","12":"product-type-simple"},"_links":{"self":[{"href":"https:\/\/dev.sbro.ro\/index.php?rest_route=\/wp\/v2\/product\/5118","targetHints":{"allow":["GET"]}}],"collection":[{"href":"https:\/\/dev.sbro.ro\/index.php?rest_route=\/wp\/v2\/product"}],"about":[{"href":"https:\/\/dev.sbro.ro\/index.php?rest_route=\/wp\/v2\/types\/product"}],"replies":[{"embeddable":true,"href":"https:\/\/dev.sbro.ro\/index.php?rest_route=%2Fwp%2Fv2%2Fcomments&post=5118"}],"wp:featuredmedia":[{"embeddable":true,"href":"https:\/\/dev.sbro.ro\/index.php?rest_route=\/wp\/v2\/media\/10520"}],"wp:attachment":[{"href":"https:\/\/dev.sbro.ro\/index.php?rest_route=%2Fwp%2Fv2%2Fmedia&parent=5118"}],"wp:term":[{"taxonomy":"product_brand","embeddable":true,"href":"https:\/\/dev.sbro.ro\/index.php?rest_route=%2Fwp%2Fv2%2Fproduct_brand&post=5118"},{"taxonomy":"product_cat","embeddable":true,"href":"https:\/\/dev.sbro.ro\/index.php?rest_route=%2Fwp%2Fv2%2Fproduct_cat&post=5118"},{"taxonomy":"product_tag","embeddable":true,"href":"https:\/\/dev.sbro.ro\/index.php?rest_route=%2Fwp%2Fv2%2Fproduct_tag&post=5118"}],"curies":[{"name":"wp","href":"https:\/\/api.w.org\/{rel}","templated":true}]}}