{"id":5140,"date":"2026-04-21T09:11:22","date_gmt":"2026-04-21T09:11:22","guid":{"rendered":"https:\/\/dev.sbro.ro\/?product=indrumarul-prorocului"},"modified":"2026-04-21T09:11:22","modified_gmt":"2026-04-21T09:11:22","slug":"indrumarul-prorocului","status":"publish","type":"product","link":"https:\/\/dev.sbro.ro\/product\/indrumarul-prorocului\/","title":{"rendered":"\u00cendrumarul prorocului"},"content":{"rendered":"<p>Spre deosebire de predicator care veste\u0219te Cuv\u00e2ntul general al lui Dumnezeu, prorocul are prin excelen\u021b\u0103 responsabilitatea de a sta la dispozi\u021bia Duhului Sf\u00e2nt pentru ca prin intermediul lui, Domnul s\u0103-\u0218i transmit\u0103 Cuv\u00e2ntul \u201epentru aici \u0219i acum\u201d \u0219i s\u0103-L \u00eendrepte \u00een mod specific spre o persoan\u0103, spre un grup de oameni, spre o biseric\u0103, spre o \u021bar\u0103 sau spre o \u00eentreag\u0103 genera\u021bie.<\/p>\n<p>Prorocul, la fel ca orice alt credincios \u0219i slujitor, trebuie s\u0103 fie un suflet \u201e\u00eenv\u0103\u021babil\u201d \u0219i gata astfel de a ajusta dup\u0103 Scripturi, modul de manifestare a darului pe care l-a primit din partea Domnului. Prorocul trebuie s\u0103 fie credincios Domnului transmi\u021b\u00e2nd cu fidelitate mesajul Duhului, \u00eens\u0103 \u00een acela\u0219i timp \u00een manifestarea darului profetic, prorocul trebuie s\u0103 fie credincios revela\u021biei Scripturilor.<\/p>\n<p>Dac\u0103 primirea \u0219i \u00eensu\u0219irea mesajului profetic autentic aduce zidire, sf\u0103tuire \u0219i m\u00e2ng\u00e2iere celui c\u0103ruia acesta \u00eei este adresat, \u00een aceea\u0219i m\u0103sur\u0103 respingerea acestui mesaj poate aduce de-a dreptul drame spirituale sau de alt ordin \u00een via\u021ba celui \u00eempotrivitor.<\/p>\n<p>Prorocul contemporan nu trebuie s\u0103 se lase impresionat de aparen\u021bele din via\u021ba unui om sau a unei Biserici, ci el trebuie s\u0103 se bizuie pe ceea ce Domnul, care cunoa\u0219te inimile \u0219i vede \u00een ascuns, \u00eei descopere \u00een via\u021ba acelui om sau a acelei Biserici.<\/p>\n<p>Prorocul contemporan autentic nu trebuie s\u0103-i \u00eenjunghie pe prorocii mincino\u0219i, la fel ca Ilie pe Carmel, dar cu siguran\u021b\u0103 c\u0103 Domnul vrea s\u0103-l foloseasc\u0103 pentru nimicirea \u0219i st\u00e2rpirea din mijlocul Bisericii Domnului, a lucr\u0103rii lor am\u0103gitoare.<\/p>\n<p>Daniel Mure\u0219an locuie\u0219te \u00een Bra\u0219ov, sluje\u0219te ca p\u0103stor \u0219i, \u00eempreun\u0103 cu so\u021bia lui, este binecuv\u00e2ntat de Domnul cu \u0219ase copii \u0219i \u0219ase nepo\u021bi. Cu ajutorul Domnului, a mai publicat: Inima \u0219i m\u00e2inile p\u0103storului (2013), Orfanii lui Dumnezeu (2015), Vindec\u0103rile divine (2016), Duhule vino! (2018), Profilul robului lui Hristos: mijlocitor \u0219i profet (2019), Suferin\u021ba \u00eempreun\u0103 cu Evanghelia (2020), Isus &#8211; \u00cenving\u0103torul demonilor (2020), Vorbirea \u00een limbi noi (2020), Profilul robului lui Hristos: p\u0103stor \u0219i reformator (2021), Man\u0103 \u00een pustiu (2021), Miere din st\u00e2nc\u0103 (2021), Lumin\u0103 pe c\u0103rare (2022), \u0218apte st\u0103ri spirituale, ilustrate \u00een Bisericile Apocalipsei (2022).<\/p>\n","protected":false},"excerpt":{"rendered":"<p>Spre deosebire de predicator care veste\u0219te Cuv\u00e2ntul general al lui Dumnezeu, prorocul are prin excelen\u021b\u0103 responsabilitatea de a sta la dispozi\u021bia Duhului Sf\u00e2nt pentru ca prin intermediul lui, Domnul s\u0103-\u0218i transmit\u0103 Cuv\u00e2ntul \u201epentru aici \u0219i acum\u201d \u0219i s\u0103-L \u00eendrepte \u00een mod specific spre o persoan\u0103, spre un grup de oameni, spre o biseric\u0103, spre o [&hellip;]<\/p>\n","protected":false},"featured_media":10542,"comment_status":"open","ping_status":"closed","template":"","meta":[],"product_brand":[],"product_cat":[40,18],"product_tag":[],"class_list":{"0":"post-5140","1":"product","2":"type-product","3":"status-publish","4":"has-post-thumbnail","6":"product_cat-studiu-biblic","7":"product_cat-viata-crestina","9":"first","10":"instock","11":"shipping-taxable","12":"purchasable","13":"product-type-simple"},"_links":{"self":[{"href":"https:\/\/dev.sbro.ro\/wp-json\/wp\/v2\/product\/5140","targetHints":{"allow":["GET"]}}],"collection":[{"href":"https:\/\/dev.sbro.ro\/wp-json\/wp\/v2\/product"}],"about":[{"href":"https:\/\/dev.sbro.ro\/wp-json\/wp\/v2\/types\/product"}],"replies":[{"embeddable":true,"href":"https:\/\/dev.sbro.ro\/wp-json\/wp\/v2\/comments?post=5140"}],"wp:featuredmedia":[{"embeddable":true,"href":"https:\/\/dev.sbro.ro\/wp-json\/wp\/v2\/media\/10542"}],"wp:attachment":[{"href":"https:\/\/dev.sbro.ro\/wp-json\/wp\/v2\/media?parent=5140"}],"wp:term":[{"taxonomy":"product_brand","embeddable":true,"href":"https:\/\/dev.sbro.ro\/wp-json\/wp\/v2\/product_brand?post=5140"},{"taxonomy":"product_cat","embeddable":true,"href":"https:\/\/dev.sbro.ro\/wp-json\/wp\/v2\/product_cat?post=5140"},{"taxonomy":"product_tag","embeddable":true,"href":"https:\/\/dev.sbro.ro\/wp-json\/wp\/v2\/product_tag?post=5140"}],"curies":[{"name":"wp","href":"https:\/\/api.w.org\/{rel}","templated":true}]}}