{"id":5156,"date":"2026-04-21T09:11:23","date_gmt":"2026-04-21T09:11:23","guid":{"rendered":"https:\/\/dev.sbro.ro\/?product=visuri-indraznete"},"modified":"2026-04-21T09:11:23","modified_gmt":"2026-04-21T09:11:23","slug":"visuri-indraznete","status":"publish","type":"product","link":"https:\/\/dev.sbro.ro\/?product=visuri-indraznete","title":{"rendered":"Visuri \u00eendr\u0103zne\u021be"},"content":{"rendered":"<p>S\u0103 \u0219tii ce-\u021bi dore\u0219ti, de ce \u00ee\u021bi dore\u0219ti, \u0219i ce vei face \u00een privin\u021ba aceasta Identific\u0103 \u0219i \u021binte\u0219te spre cele mai \u00eendr\u0103zne\u021be visuri ale tale! \u00ce\u021bi mai aduci aminte de planurile interesante pe care le aveai pentru via\u021ba ta \u2013 \u00eenainte ca cineva s\u0103-\u021bi spun\u0103 c\u0103 sunt imposibile? Bob Goff vrea s\u0103 te ajute s\u0103 redescoperi pasiunea \u0219i curajul de a-\u021bi tr\u0103i via\u021ba \u0219i visurile pe care le aveai \u00eenainte ca teama \u0219i ne\u00eencrederea s\u0103-\u021bi devieze traiectoria. Prin intermediul propriilor sale exemple \u00eendr\u0103zne\u021be, el \u00ee\u021bi arat\u0103 cum s\u0103-\u021bi define\u0219ti clar visurile, s\u0103 identifici obstacolele, s\u0103 dezvol\u021bi o strategie specific\u0103 pentru atingerea obiectivelor, s\u0103 ob\u021bii instrumentele de care ai nevoie \u0219i s\u0103 iei m\u0103suri. Visuri \u00eendr\u0103zne\u021be este cartea de care ai nevoie pentru a-\u021bi descoperi visul s\u0103lbatic \u0219i incitant al vie\u021bii tale, pe care l-ai ascuns de tine \u00eensu\u021bi, \u0219i pentru a te ajuta s\u0103 faci pa\u0219ii necesari \u00een realizarea acestuia. Nu a\u0219tepta ziua potrivit\u0103 s\u0103 \u00eencepi, o lun\u0103 plin\u0103 sau o z\u00e2n\u0103 s\u0103 \u021bi se a\u0219eze pe nas. Inventeaz\u0103 a opta zi a s\u0103pt\u0103m\u00e2nii dac\u0103 trebuie, nume\u0219te-o \u201eZiua \u00cenceputului\u201c \u0219i porne\u0219te cu \u00eendr\u0103zneal\u0103 \u00eenainte. \u00cencepe s\u0103 faci tot ceea ce po\u021bi face sau visezi c\u0103 po\u021bi face! Dac\u0103 \u00een celelalte c\u0103r\u021bi ale sale, Dragostea ac\u021bioneaz\u0103 \u0219i To\u021bi, \u00eentotdeauna, pove\u0219tile de via\u021b\u0103 ale lui Bob Goff te-au f\u0103cut probabil s\u0103 r\u00e2zi sau s\u0103 pl\u00e2ngi, \u00een cartea aceasta, Visuri \u00eendr\u0103zne\u021be, te provoac\u0103 s\u0103 g\u00e2nde\u0219ti. Prin mesajul revelator \u0219i deosebit de practic, Bob te poart\u0103 \u00eentr-o real\u0103 c\u0103l\u0103torie de via\u021b\u0103 pentru a-\u021bi redescoperi visele \u0219i a le transforma \u00een realitate. Realizarea obiectivelor nu este nici u\u0219oar\u0103, nici lipsit\u0103 de costuri. Nu renun\u021ba! \u0218i ia aminte: niciun efort de-al t\u0103u nu va fi mai important dec\u00e2t s\u0103-L iube\u0219ti pe Dumnezeu \u0219i oamenii din jurul t\u0103u; atunci obiectivele tale vor fi mult mai largi \u00een abordare, mult mai expansive \u0219i mai variate! Pare ironic sau contrar a\u0219tept\u0103rilor, \u00eens\u0103 scopul acestei c\u0103r\u021bi este s\u0103 te motiveze \u00eentr-at\u00e2t de mult \u00eenc\u00e2t s\u0103 o la\u0219i din m\u00e2n\u0103 \u0219i s\u0103 te apuci de treab\u0103. Despre autor Bob Goff a practicat zeci de ani avocatura, c\u0103ut\u00e2nd s\u0103\u2011\u0219i tr\u0103iasc\u0103 via\u021ba cu impact \u00een via\u021ba comunit\u0103\u021bii. De-acum \u00eens\u0103, el se autointituleaz\u0103 \u201eavocat \u00een recuperare\u201d, deoarece, dup\u0103 to\u021bi ace\u0219ti ani ca avocat, a devenit consul onorific \u00een Uganda, a demisionat din firma sa de avocatur\u0103, pentru a se ocupa de propriul podcast s\u0103pt\u0103m\u00e2nal, pentru a scrie c\u0103r\u021bi (cele pe care le-a scris deja au ajuns pe lista de bestselleruri a New York Times), pentru a-i motiva pe oameni s\u0103 devina curajo\u0219i \u00een a-\u0219i \u00eemplini \u021belul \u0219i visurile \u0219i, mai ales, pentru a petrece timp cu ei \u0219i a le ar\u0103ta adev\u0103rata dragoste izvor\u00e2t\u0103 din Dumnezeu. A-l cunoa\u0219te pe Bob este ca \u0219i c\u00e2nd s-ar apropia de tine \u2013 cel care toat\u0103 via\u021ba te-ai chinuit s\u0103-\u021bi pui o fa\u021bad\u0103 frumoas\u0103 peste ni\u0219te ruine \u2013 \u0219i te-ar ajuta s\u0103-\u021bi refaci via\u021ba din temelii. Bob este c\u0103s\u0103torit cu Scumpa lui Maria de peste 30 de ani. Ei locuiesc l\u00e2ng\u0103 San Diego, California, unde de cur\u00e2nd \u0219i-au construit o ferm\u0103 \u0219i continu\u0103 s\u0103 viseze \u00eendr\u0103zne\u021b \u0219i s\u0103 tr\u0103iasc\u0103 frumoase aventuri al\u0103turi de cei dragi. Aprecieri pentru aceast\u0103 carte \u201eBob Goff a dezgropat unele dintre cele mai ad\u00e2nci visuri ale mele, le-a periat de praful ce le-a acoperea \u0219i m-a provocat s\u0103 le duc p\u00e2n\u0103 la cap\u0103t. M-a \u00eencurajat \u00een discipline pe care \u0219tiam c\u0103 ar fi trebuit s\u0103 le urm\u0103resc, dar am renun\u021bat la ele \u0219i chiar m-a lansat \u00eentr-un vis pe care nu \u0219tiam c\u0103 \u00eel am, dar pe care Dumnezeu mi l-a clarificat \u00een timpul meu de rug\u0103ciune \u00eenaintea Lui. Visuri \u00eendr\u0103zne\u021be este o carte periculoas\u0103. Cite\u0219te-o pe propriul risc. Lectura ei este o experien\u021b\u0103 \u00eensufle\u021bitoare, terifiant\u0103 \u0219i \u00eencurajatoare. Bob Goff este&#8230; ei bine, nu cred c\u0103 mai exist\u0103 cineva ca el. Unii ar putea crede c\u0103 nu are cum fi real, dar Bob eman\u0103 o autenticitate \u0219i o seriozitate care te oblig\u0103 s\u0103 tr\u0103ie\u0219ti via\u021ba a\u0219a cum o face el. Chiar pe marginea pr\u0103pastiei.\u201d \u2014 Josh Olds, pastor, editor general \u0219i jurat pentru unele dintre cele mai prestigioase Academii ce decerneaz\u0103 premii anuale de carte, inclusiv premiile INSPY \u0219i Christy. \u201eTrebuie s\u0103 \u00eenlocuim ceea ce am acceptat p\u00e2n\u0103 acum cu ceea ce t\u00e2njim.\u201c \u00cen cartea s\u0103, Visuri \u00eendr\u0103zne\u021be, Bob Goff \u00ee\u0219i \u00eencurajeaz\u0103 cititorii s\u0103 identifice \u0219i s\u0103 urmeze via\u021b\u0103 pe care \u0219i-au dorit-o \u00eentotdeauna&#8230; \u0219i s\u0103 se confrunte cu realitatea c\u0103 cea mai mare provocare a lor ar putea fi teama de e\u0219ec care s-a dezvoltat din dezam\u0103girile experimentate \u00een trecut. \u201eDumnezeu este entuziasmat de tine. Sincer. L-am \u00eentrebat. El nu Se str\u00e2mb\u0103 privind e\u0219ecurile tale din trecut; El z\u00e2mbe\u0219te la viitorul str\u0103lucit pe care \u00eel ai cu El. Pe m\u0103sur\u0103 ce \u00ee\u021bi urm\u0103re\u0219ti scopurile, odihne\u0219te-te \u00een certitudinea c\u0103 raiul e f\u0103cut pentru tine \u0219i Dumnezeu abia a\u0219teapt\u0103 s\u0103 ajungi acolo. Acestea fiind spuse, ai ceva timp la \u00eendem\u00e2n\u0103 aici pe p\u0103m\u00e2nt, a\u0219a c\u0103 folose\u0219te-l bine.\u201c \u2014James Lovaas, antrenor de Leadership, vorbitor \u0219i autor al unor valoroase c\u0103r\u021bi pe tema comunic\u0103rii, dezvoltarea leadershipului \u0219i rezolvarea conflictelor<\/p>\n","protected":false},"excerpt":{"rendered":"<p>S\u0103 \u0219tii ce-\u021bi dore\u0219ti, de ce \u00ee\u021bi dore\u0219ti, \u0219i ce vei face \u00een privin\u021ba aceasta Identific\u0103 \u0219i \u021binte\u0219te spre cele mai \u00eendr\u0103zne\u021be visuri ale tale! \u00ce\u021bi mai aduci aminte de planurile interesante pe care le aveai pentru via\u021ba ta \u2013 \u00eenainte ca cineva s\u0103-\u021bi spun\u0103 c\u0103 sunt imposibile? Bob Goff vrea s\u0103 te ajute s\u0103 [&hellip;]<\/p>\n","protected":false},"featured_media":10558,"comment_status":"open","ping_status":"closed","template":"","meta":[],"product_brand":[],"product_cat":[18],"product_tag":[],"class_list":{"0":"post-5156","1":"product","2":"type-product","3":"status-publish","4":"has-post-thumbnail","6":"product_cat-viata-crestina","8":"first","9":"instock","10":"shipping-taxable","11":"purchasable","12":"product-type-simple"},"_links":{"self":[{"href":"https:\/\/dev.sbro.ro\/index.php?rest_route=\/wp\/v2\/product\/5156","targetHints":{"allow":["GET"]}}],"collection":[{"href":"https:\/\/dev.sbro.ro\/index.php?rest_route=\/wp\/v2\/product"}],"about":[{"href":"https:\/\/dev.sbro.ro\/index.php?rest_route=\/wp\/v2\/types\/product"}],"replies":[{"embeddable":true,"href":"https:\/\/dev.sbro.ro\/index.php?rest_route=%2Fwp%2Fv2%2Fcomments&post=5156"}],"wp:featuredmedia":[{"embeddable":true,"href":"https:\/\/dev.sbro.ro\/index.php?rest_route=\/wp\/v2\/media\/10558"}],"wp:attachment":[{"href":"https:\/\/dev.sbro.ro\/index.php?rest_route=%2Fwp%2Fv2%2Fmedia&parent=5156"}],"wp:term":[{"taxonomy":"product_brand","embeddable":true,"href":"https:\/\/dev.sbro.ro\/index.php?rest_route=%2Fwp%2Fv2%2Fproduct_brand&post=5156"},{"taxonomy":"product_cat","embeddable":true,"href":"https:\/\/dev.sbro.ro\/index.php?rest_route=%2Fwp%2Fv2%2Fproduct_cat&post=5156"},{"taxonomy":"product_tag","embeddable":true,"href":"https:\/\/dev.sbro.ro\/index.php?rest_route=%2Fwp%2Fv2%2Fproduct_tag&post=5156"}],"curies":[{"name":"wp","href":"https:\/\/api.w.org\/{rel}","templated":true}]}}