{"id":5187,"date":"2026-04-21T09:11:27","date_gmt":"2026-04-21T09:11:27","guid":{"rendered":"https:\/\/dev.sbro.ro\/?product=exodul-o-abordare-expozitiv-aplicativa"},"modified":"2026-04-21T09:11:27","modified_gmt":"2026-04-21T09:11:27","slug":"exodul-o-abordare-expozitiv-aplicativa","status":"publish","type":"product","link":"https:\/\/dev.sbro.ro\/product\/exodul-o-abordare-expozitiv-aplicativa\/","title":{"rendered":"Exodul &#8211; o abordare expozitiv-aplicativ\u0103"},"content":{"rendered":"<p>De ce merit\u0103 s\u0103 cite\u0219ti aceast\u0103 carte?<\/p>\n<p>\u00cen primul r\u00e2nd, fiindc\u0103 e despre Exodul \u2013 o carte monumental\u0103 a Scripturii, cartea de c\u0103p\u0103t\u00e2i a Vechiului Testament.<\/p>\n<p>\u00cen al doilea r\u00e2nd, fiindc\u0103 prin stilul \u00een care a fost scris\u0103 \u2013 expozitiv-aplicativ \u2013 ea \u00eei satisface at\u00e2t pe cei c\u0103rora le place studiul biblic \u0219i vor s\u0103 o \u00een\u021beleag\u0103 mai \u00een profunzime, c\u00e2t \u0219i pe cei care vor s\u0103 descopere cum le vorbe\u0219te Domnul \u00een fiecare capitol al c\u0103r\u021bii; \u0219i aici, partea aplicativ\u0103 ne ajut\u0103. <\/p>\n<p>\u00cen al treilea r\u00e2nd, \u00een ea g\u0103se\u0219ti r\u0103spunsuri la \u00eentreb\u0103ri precum: Unde e\u0219ti Tu, Doamne, c\u00e2nd Egiptul \u00eemi distruge via\u021ba? De ce simt c\u0103 vrei s\u0103-mi vorbe\u0219ti, Doamne, dar eu nu Te \u00een\u021beleg? C\u00e2nd te poate distruge propria chemare? C\u00e2nd vin urgiile \u00een via\u021ba unui om? Poate ajunge omul la \u00eempietrire \u0219i oare mai poate ie\u0219i din ea? Cu ce scop face Dumnezeu minuni \u0219i la ce s\u0103 m\u0103 a\u0219tept atunci c\u00e2nd trec prin ele? Pot ie\u0219i din Egipt, dar Egiptul s\u0103 nu ias\u0103 din mine \u2013 \u0219i ce se \u00eent\u00e2mpl\u0103 atunci?<\/p>\n","protected":false},"excerpt":{"rendered":"<p>De ce merit\u0103 s\u0103 cite\u0219ti aceast\u0103 carte? \u00cen primul r\u00e2nd, fiindc\u0103 e despre Exodul \u2013 o carte monumental\u0103 a Scripturii, cartea de c\u0103p\u0103t\u00e2i a Vechiului Testament. \u00cen al doilea r\u00e2nd, fiindc\u0103 prin stilul \u00een care a fost scris\u0103 \u2013 expozitiv-aplicativ \u2013 ea \u00eei satisface at\u00e2t pe cei c\u0103rora le place studiul biblic \u0219i vor s\u0103 [&hellip;]<\/p>\n","protected":false},"featured_media":10588,"comment_status":"open","ping_status":"closed","template":"","meta":[],"product_brand":[],"product_cat":[16],"product_tag":[],"class_list":{"0":"post-5187","1":"product","2":"type-product","3":"status-publish","4":"has-post-thumbnail","6":"product_cat-comentarii-biblice","8":"first","9":"instock","10":"shipping-taxable","11":"purchasable","12":"product-type-simple"},"_links":{"self":[{"href":"https:\/\/dev.sbro.ro\/wp-json\/wp\/v2\/product\/5187","targetHints":{"allow":["GET"]}}],"collection":[{"href":"https:\/\/dev.sbro.ro\/wp-json\/wp\/v2\/product"}],"about":[{"href":"https:\/\/dev.sbro.ro\/wp-json\/wp\/v2\/types\/product"}],"replies":[{"embeddable":true,"href":"https:\/\/dev.sbro.ro\/wp-json\/wp\/v2\/comments?post=5187"}],"wp:featuredmedia":[{"embeddable":true,"href":"https:\/\/dev.sbro.ro\/wp-json\/wp\/v2\/media\/10588"}],"wp:attachment":[{"href":"https:\/\/dev.sbro.ro\/wp-json\/wp\/v2\/media?parent=5187"}],"wp:term":[{"taxonomy":"product_brand","embeddable":true,"href":"https:\/\/dev.sbro.ro\/wp-json\/wp\/v2\/product_brand?post=5187"},{"taxonomy":"product_cat","embeddable":true,"href":"https:\/\/dev.sbro.ro\/wp-json\/wp\/v2\/product_cat?post=5187"},{"taxonomy":"product_tag","embeddable":true,"href":"https:\/\/dev.sbro.ro\/wp-json\/wp\/v2\/product_tag?post=5187"}],"curies":[{"name":"wp","href":"https:\/\/api.w.org\/{rel}","templated":true}]}}