{"id":5204,"date":"2026-04-21T09:11:30","date_gmt":"2026-04-21T09:11:30","guid":{"rendered":"https:\/\/dev.sbro.ro\/?product=manual-catehetic-al-cultului-crestin-penticostal"},"modified":"2026-04-21T09:11:30","modified_gmt":"2026-04-21T09:11:30","slug":"manual-catehetic-al-cultului-crestin-penticostal","status":"publish","type":"product","link":"https:\/\/dev.sbro.ro\/product\/manual-catehetic-al-cultului-crestin-penticostal\/","title":{"rendered":"Manual catehetic al Cultului Cre\u0219tin Penticostal"},"content":{"rendered":"<p>La Congresul al X-lea Electiv al Cultului Cre\u015ftin Penticostal din Rom\u00e2nia a fost lansat Manualul catehetic al bisericilor penticostale din Rom\u00e2nia, scris la recomandarea Consiliului Bisericesc al C.C.P.R. de c\u0103tre Pastor Dr. Ioan Brie, Rectorul Institutului Teologic Penticostal din Bucure\u015fti, \u015fi Pastor Dr. Ciprian-Flavius Terinte, Decanul Facult\u0103\u0163ii de Teologie Penticostal\u0103 din cadrul ITPB. Preocuparea de veacuri a Bisericii lui Hristos pentru preg\u0103tirea prin \u00eenv\u0103\u0163\u0103tur\u0103 a noilor converti\u0163i pentru botezul \u00een ap\u0103 s-a p\u0103strat \u015fi \u00een bisericile penticostale, fiind bine cunoscut\u0103 r\u00e2nduiala catehiz\u0103rii premerg\u0103toare actului botezului. Prezentul manual catehetic vine s\u0103 acopere nevoia fundamental\u0103 a unui material didactic care s\u0103-i ofere slujitorului \u00eenv\u0103\u0163\u0103tor o sintez\u0103 a \u00eenv\u0103\u0163\u0103turilor biblice de baz\u0103, pe care ucenicul lui Hristos trebuie s\u0103 \u015fi le \u00eensu\u015feasc\u0103 \u00eenainte de experien\u0163a botezului. Pe de o parte, experien\u0163a pastoral\u0103 a autorilor face ca temele abordate s\u0103 fie cele esen\u0163iale pentru formarea duhovniceasc\u0103 a noilor converti\u0163i; pe de alt\u0103 parte forma\u0163ia lor academic\u0103 le confer\u0103 g\u00e2ndirea integratoare \u015fi rigoarea \u015ftiin\u0163ific\u0103 necesare unei argumenta\u0163ii conving\u0103toare.Manualul este tip\u0103rit cu aprobarea Consiliului Bisericesc al Cultului Cre\u015ftin Penticostal din Rom\u00e2nia \u015fi credem c\u0103 va fi un mijloc eficace pentru modelarea de ra\u0163iuni deiforme, \u00eembibate de cuno\u015ftin\u0163a dumnezeiasc\u0103.<\/p>\n","protected":false},"excerpt":{"rendered":"<p>La Congresul al X-lea Electiv al Cultului Cre\u015ftin Penticostal din Rom\u00e2nia a fost lansat Manualul catehetic al bisericilor penticostale din Rom\u00e2nia, scris la recomandarea Consiliului Bisericesc al C.C.P.R. de c\u0103tre Pastor Dr. Ioan Brie, Rectorul Institutului Teologic Penticostal din Bucure\u015fti, \u015fi Pastor Dr. Ciprian-Flavius Terinte, Decanul Facult\u0103\u0163ii de Teologie Penticostal\u0103 din cadrul ITPB. Preocuparea de [&hellip;]<\/p>\n","protected":false},"featured_media":10605,"comment_status":"open","ping_status":"closed","template":"","meta":[],"product_brand":[],"product_cat":[54],"product_tag":[],"class_list":{"0":"post-5204","1":"product","2":"type-product","3":"status-publish","4":"has-post-thumbnail","6":"product_cat-pastorale","8":"first","9":"instock","10":"shipping-taxable","11":"purchasable","12":"product-type-simple"},"_links":{"self":[{"href":"https:\/\/dev.sbro.ro\/wp-json\/wp\/v2\/product\/5204","targetHints":{"allow":["GET"]}}],"collection":[{"href":"https:\/\/dev.sbro.ro\/wp-json\/wp\/v2\/product"}],"about":[{"href":"https:\/\/dev.sbro.ro\/wp-json\/wp\/v2\/types\/product"}],"replies":[{"embeddable":true,"href":"https:\/\/dev.sbro.ro\/wp-json\/wp\/v2\/comments?post=5204"}],"wp:featuredmedia":[{"embeddable":true,"href":"https:\/\/dev.sbro.ro\/wp-json\/wp\/v2\/media\/10605"}],"wp:attachment":[{"href":"https:\/\/dev.sbro.ro\/wp-json\/wp\/v2\/media?parent=5204"}],"wp:term":[{"taxonomy":"product_brand","embeddable":true,"href":"https:\/\/dev.sbro.ro\/wp-json\/wp\/v2\/product_brand?post=5204"},{"taxonomy":"product_cat","embeddable":true,"href":"https:\/\/dev.sbro.ro\/wp-json\/wp\/v2\/product_cat?post=5204"},{"taxonomy":"product_tag","embeddable":true,"href":"https:\/\/dev.sbro.ro\/wp-json\/wp\/v2\/product_tag?post=5204"}],"curies":[{"name":"wp","href":"https:\/\/api.w.org\/{rel}","templated":true}]}}