{"id":5209,"date":"2026-04-21T09:11:30","date_gmt":"2026-04-21T09:11:30","guid":{"rendered":"https:\/\/dev.sbro.ro\/?product=bani-sex-si-putere"},"modified":"2026-04-21T09:11:30","modified_gmt":"2026-04-21T09:11:30","slug":"bani-sex-si-putere","status":"publish","type":"product","link":"https:\/\/dev.sbro.ro\/?product=bani-sex-si-putere","title":{"rendered":"Bani, sex \u0219i putere"},"content":{"rendered":"<p>Richard Foster porne\u0219te de la cele trei \u201dvoturi monahale\u201d, venerabile ca vechime, ale s\u0103r\u0103ciei, castit\u0103\u021bii si ascult\u0103rii, dar le exploreaz\u0103 dintr-o perspectiv\u0103 contemporan\u0103 \u0219i le traduce \u2013 perfect justificat \u2013 \u00een virtu\u021bi valabile pentru to\u021bi cre\u0219tinii: simplitate, fidelitate \u0219i slujire. Acestea se opun consumerismului, dezordinii sexuale \u0219i patimii pentru putere. Autorul folose\u0219te numeroase exemple din istorie sau din contemporaneitate, dar le raporteaz\u0103 pe toate la pilda lui Isus. Scris\u0103 intr-un stil u\u0219or de urmarit, Bani, sex \u0219i putere este o carte carevi\u021bi pune discern\u0103m\u00e2ntul la \u00eencercare. &#8220;Richard J. Foster v\u0103 a\u0219az\u0103 pe r\u00e2ndul din fa\u021b\u0103 \u00een trei arene \u00een care cre\u0219tinii \u00eenc\u0103 \u00eenfrunt\u0103 lei \u2026 Lu\u00e2ndu-se la tr\u00e2nt\u0103 cu problemele generate de bani, sex \u0219i putere, el izbute\u0219te s\u0103 contureze un r\u0103spuns cre\u0219tin autentic.&#8221; \u2013 Ralph F. Wilson, Charisma CUPRINS Bani, sex \u0219i putere Mul\u021bumiri Prefa\u021b\u0103 1. Banii, sexul \u015fi puterea \u00een context cre\u015ftin PARTEA I: BANII 2. Latura \u00eentunecat\u0103 a banilor 3. Latura pozitiv\u0103 a banilor 4. Folosirea bog\u0103\u021biilor lui Mamona pentru \u00cemp\u0103r\u0103\u021bie 5. Votul simplit\u0103\u021bii PARTEA A II-A: SEXUL 6. Sexualitate \u015fi spiritualitate 7. Sexualitatea \u015fi celibatul 8. Sexualitatea \u015fi c\u0103s\u0103toria 9. Votul fidelit\u0103\u021bii PARTEA A III-A: PUTEREA 10. Puterea distructiv\u0103 11. Puterea creatoare 12. Lucrarea puterii 13. Votul slujirii Epilog S\u0103 tr\u0103im voturile Index<\/p>\n","protected":false},"excerpt":{"rendered":"<p>Richard Foster porne\u0219te de la cele trei \u201dvoturi monahale\u201d, venerabile ca vechime, ale s\u0103r\u0103ciei, castit\u0103\u021bii si ascult\u0103rii, dar le exploreaz\u0103 dintr-o perspectiv\u0103 contemporan\u0103 \u0219i le traduce \u2013 perfect justificat \u2013 \u00een virtu\u021bi valabile pentru to\u021bi cre\u0219tinii: simplitate, fidelitate \u0219i slujire. Acestea se opun consumerismului, dezordinii sexuale \u0219i patimii pentru putere. Autorul folose\u0219te numeroase exemple din [&hellip;]<\/p>\n","protected":false},"featured_media":10610,"comment_status":"open","ping_status":"closed","template":"","meta":[],"product_brand":[],"product_cat":[18],"product_tag":[],"class_list":{"0":"post-5209","1":"product","2":"type-product","3":"status-publish","4":"has-post-thumbnail","6":"product_cat-viata-crestina","8":"first","9":"instock","10":"shipping-taxable","11":"purchasable","12":"product-type-simple"},"_links":{"self":[{"href":"https:\/\/dev.sbro.ro\/index.php?rest_route=\/wp\/v2\/product\/5209","targetHints":{"allow":["GET"]}}],"collection":[{"href":"https:\/\/dev.sbro.ro\/index.php?rest_route=\/wp\/v2\/product"}],"about":[{"href":"https:\/\/dev.sbro.ro\/index.php?rest_route=\/wp\/v2\/types\/product"}],"replies":[{"embeddable":true,"href":"https:\/\/dev.sbro.ro\/index.php?rest_route=%2Fwp%2Fv2%2Fcomments&post=5209"}],"wp:featuredmedia":[{"embeddable":true,"href":"https:\/\/dev.sbro.ro\/index.php?rest_route=\/wp\/v2\/media\/10610"}],"wp:attachment":[{"href":"https:\/\/dev.sbro.ro\/index.php?rest_route=%2Fwp%2Fv2%2Fmedia&parent=5209"}],"wp:term":[{"taxonomy":"product_brand","embeddable":true,"href":"https:\/\/dev.sbro.ro\/index.php?rest_route=%2Fwp%2Fv2%2Fproduct_brand&post=5209"},{"taxonomy":"product_cat","embeddable":true,"href":"https:\/\/dev.sbro.ro\/index.php?rest_route=%2Fwp%2Fv2%2Fproduct_cat&post=5209"},{"taxonomy":"product_tag","embeddable":true,"href":"https:\/\/dev.sbro.ro\/index.php?rest_route=%2Fwp%2Fv2%2Fproduct_tag&post=5209"}],"curies":[{"name":"wp","href":"https:\/\/api.w.org\/{rel}","templated":true}]}}