{"id":5210,"date":"2026-04-21T09:11:30","date_gmt":"2026-04-21T09:11:30","guid":{"rendered":"https:\/\/dev.sbro.ro\/?product=recipient-cu-capac-pentru-cina"},"modified":"2026-04-21T09:11:30","modified_gmt":"2026-04-21T09:11:30","slug":"recipient-cu-capac-pentru-cina","status":"publish","type":"product","link":"https:\/\/dev.sbro.ro\/product\/recipient-cu-capac-pentru-cina\/","title":{"rendered":"Recipient cu capac pentru Cina"},"content":{"rendered":"<p>Recipient din plastic. Se foloseste pentru transportul rodului vi\u021bei\/vinului pentru imp\u0103rt\u0103\u0219irea celor care nu pot participa cu Biserica la Cina Domnului sau pentru \u00eemp\u0103rt\u0103sirea celor bolnavi\/nedeplasabili. Capacitate de 20 de ml. Recipientul se \u00eenchide cu capac etan\u0219, prev\u0103zut cu un sigiliu pentru siguranta<\/p>\n","protected":false},"excerpt":{"rendered":"<p>Recipient din plastic. Se foloseste pentru transportul rodului vi\u021bei\/vinului pentru imp\u0103rt\u0103\u0219irea celor care nu pot participa cu Biserica la Cina Domnului sau pentru \u00eemp\u0103rt\u0103sirea celor bolnavi\/nedeplasabili. Capacitate de 20 de ml. Recipientul se \u00eenchide cu capac etan\u0219, prev\u0103zut cu un sigiliu pentru siguranta<\/p>\n","protected":false},"featured_media":10611,"comment_status":"open","ping_status":"closed","template":"","meta":[],"product_brand":[],"product_cat":[96],"product_tag":[],"class_list":{"0":"post-5210","1":"product","2":"type-product","3":"status-publish","4":"has-post-thumbnail","6":"product_cat-obiecte-de-cult","8":"first","9":"instock","10":"shipping-taxable","11":"purchasable","12":"product-type-simple"},"_links":{"self":[{"href":"https:\/\/dev.sbro.ro\/wp-json\/wp\/v2\/product\/5210","targetHints":{"allow":["GET"]}}],"collection":[{"href":"https:\/\/dev.sbro.ro\/wp-json\/wp\/v2\/product"}],"about":[{"href":"https:\/\/dev.sbro.ro\/wp-json\/wp\/v2\/types\/product"}],"replies":[{"embeddable":true,"href":"https:\/\/dev.sbro.ro\/wp-json\/wp\/v2\/comments?post=5210"}],"wp:featuredmedia":[{"embeddable":true,"href":"https:\/\/dev.sbro.ro\/wp-json\/wp\/v2\/media\/10611"}],"wp:attachment":[{"href":"https:\/\/dev.sbro.ro\/wp-json\/wp\/v2\/media?parent=5210"}],"wp:term":[{"taxonomy":"product_brand","embeddable":true,"href":"https:\/\/dev.sbro.ro\/wp-json\/wp\/v2\/product_brand?post=5210"},{"taxonomy":"product_cat","embeddable":true,"href":"https:\/\/dev.sbro.ro\/wp-json\/wp\/v2\/product_cat?post=5210"},{"taxonomy":"product_tag","embeddable":true,"href":"https:\/\/dev.sbro.ro\/wp-json\/wp\/v2\/product_tag?post=5210"}],"curies":[{"name":"wp","href":"https:\/\/api.w.org\/{rel}","templated":true}]}}