{"id":5211,"date":"2026-04-21T09:11:30","date_gmt":"2026-04-21T09:11:30","guid":{"rendered":"https:\/\/dev.sbro.ro\/?product=un-craciun-de-neuitat"},"modified":"2026-04-21T09:11:30","modified_gmt":"2026-04-21T09:11:30","slug":"un-craciun-de-neuitat","status":"publish","type":"product","link":"https:\/\/dev.sbro.ro\/product\/un-craciun-de-neuitat\/","title":{"rendered":"Un Cr\u0103ciun de neuitat"},"content":{"rendered":"<p>Richard Brockwell, fiul cel mic al celei mai de seam\u0103 familii din Ivy Hill, nu \u0219i-a mai petrecut Cr\u0103ciunul acas\u0103 de ani de zile. Prefer\u0103 s\u0103 locuiasc\u0103 la re\u0219edin\u021ba din Londra a familiei, c\u00e2t mai departe de to\u021bi cei din neamul Brockwell, de secretele de demult ale familiei care \u00eel b\u00e2ntuiesc \u00eenc\u0103 \u0219i de n\u0103lucile propriilor gre\u0219eli din adolescen\u021b\u0103. \u00cens\u0103 mama lui \u00eel amenin\u021b\u0103 c\u0103 nu are s\u0103-i mai finan\u021beze stilul lui libertin de via\u021b\u0103 dac\u0103 nu are de g\u00e2nd s\u0103 vin\u0103 acas\u0103 de Cr\u0103ciun. \u00centruc\u00e2t nu are de ales, Richard porne\u0219te spre Ivy Hill, pl\u0103nuind \u00eens\u0103 ca, imediat dup\u0103 s\u0103rb\u0103tori, s\u0103 se \u00eentoarc\u0103, cu prima tr\u0103sur\u0103, la via\u021ba lui de holtei f\u0103r\u0103 griji din Londra.<\/p>\n<p>\u00cens\u0103 Cr\u0103ciunul la \u021bar\u0103 \u00ee\u0219i are surprizele sale, printre care se num\u0103r\u0103 \u00eent\u00e2lnirea cu un ofran, ucenic \u00eentr-o tipografie, revederea primei iubite, pe care a dezam\u0103git-o profund, cu ani \u00een urm\u0103, \u0219i \u00eent\u00e2lnirea cu Arabella Awdry, o domni\u0219oar\u0103 mult mai \u00eenc\u00e2nt\u0103toare dec\u00e2t \u0219i-o amintea Richard \u2026 dar \u0219i mai determinat\u0103 s\u0103 n-aib\u0103 nimic de-a face cu el.<\/p>\n<p>Oare magia Cr\u0103ciunului petrecut \u00een Ivy Hill, cu farmecul s\u0103u bucolic, cu m\u0103nunchiurile de v\u00e2sc ce evoc\u0103 s\u0103ruturi candide, cu veselia colindelor \u0219i speran\u021ba divin\u0103, va putea s\u0103 aprind\u0103 \u0219i inima lui \u2026 dar \u0219i pe a ei?<\/p>\n<p>Julie Klassen este o romancier\u0103 de origine american\u0103 c\u0103reia \u00eei place s\u0103 scrie despre pove\u0219tile romantice din epoca pre-victorian\u0103. Mai multe dintre romanele ei au fost distinse cu bine-cunoscutul premiu Christy. Aprecierile pentru lucr\u0103rile ei i-au adus \u0219i alte premii literare, dintre care amintim Minnesota Book Award, Midwest Book Award \u0219i Christian Retailing\u2019s BEST Award.<\/p>\n","protected":false},"excerpt":{"rendered":"<p>Richard Brockwell, fiul cel mic al celei mai de seam\u0103 familii din Ivy Hill, nu \u0219i-a mai petrecut Cr\u0103ciunul acas\u0103 de ani de zile. Prefer\u0103 s\u0103 locuiasc\u0103 la re\u0219edin\u021ba din Londra a familiei, c\u00e2t mai departe de to\u021bi cei din neamul Brockwell, de secretele de demult ale familiei care \u00eel b\u00e2ntuiesc \u00eenc\u0103 \u0219i de n\u0103lucile [&hellip;]<\/p>\n","protected":false},"featured_media":10612,"comment_status":"open","ping_status":"closed","template":"","meta":[],"product_brand":[],"product_cat":[31],"product_tag":[],"class_list":{"0":"post-5211","1":"product","2":"type-product","3":"status-publish","4":"has-post-thumbnail","6":"product_cat-romane","8":"first","9":"instock","10":"shipping-taxable","11":"purchasable","12":"product-type-simple"},"_links":{"self":[{"href":"https:\/\/dev.sbro.ro\/wp-json\/wp\/v2\/product\/5211","targetHints":{"allow":["GET"]}}],"collection":[{"href":"https:\/\/dev.sbro.ro\/wp-json\/wp\/v2\/product"}],"about":[{"href":"https:\/\/dev.sbro.ro\/wp-json\/wp\/v2\/types\/product"}],"replies":[{"embeddable":true,"href":"https:\/\/dev.sbro.ro\/wp-json\/wp\/v2\/comments?post=5211"}],"wp:featuredmedia":[{"embeddable":true,"href":"https:\/\/dev.sbro.ro\/wp-json\/wp\/v2\/media\/10612"}],"wp:attachment":[{"href":"https:\/\/dev.sbro.ro\/wp-json\/wp\/v2\/media?parent=5211"}],"wp:term":[{"taxonomy":"product_brand","embeddable":true,"href":"https:\/\/dev.sbro.ro\/wp-json\/wp\/v2\/product_brand?post=5211"},{"taxonomy":"product_cat","embeddable":true,"href":"https:\/\/dev.sbro.ro\/wp-json\/wp\/v2\/product_cat?post=5211"},{"taxonomy":"product_tag","embeddable":true,"href":"https:\/\/dev.sbro.ro\/wp-json\/wp\/v2\/product_tag?post=5211"}],"curies":[{"name":"wp","href":"https:\/\/api.w.org\/{rel}","templated":true}]}}