{"id":5212,"date":"2026-04-21T09:11:30","date_gmt":"2026-04-21T09:11:30","guid":{"rendered":"https:\/\/dev.sbro.ro\/?product=10001-cantece-crestine-harfa-complexa"},"modified":"2026-04-21T09:11:30","modified_gmt":"2026-04-21T09:11:30","slug":"10001-cantece-crestine-harfa-complexa","status":"publish","type":"product","link":"https:\/\/dev.sbro.ro\/product\/10001-cantece-crestine-harfa-complexa\/","title":{"rendered":"10001 C\u00e2ntece cre\u0219tine &#8211; Harfa complex\u0103"},"content":{"rendered":"<p>&#8220;Aceast\u0103 harf\u0103 este cea mai mare antologie de c\u00e2ntece cre\u0219tine din lume publicat\u0103 p\u00e2n\u0103 \u00een prezent. Cuprinde cele mai cunoscute c\u00e2nt\u0103ri din ultimii 30 de ani \u0219i chiar mai vechi, precum imnurile. Am avut bucuria s\u0103 a\u0219ez\u0103m pe paginile acestei colec\u021bii inclusiv c\u00e2nt\u0103ri din caietul mamei mele. Realizarea harfei a presupus o munc\u0103 intens\u0103 \u0219i o cercetare riguroas\u0103 pentru a scrie autorii, compozitorii \u0219i gamele fiec\u0103rui cantec. Totodat\u0103, pentru facilitarea c\u0103ut\u0103rii c\u00e2ntecelor \u00een harf\u0103, ele au fost \u00eenregistrate \u00een 20 de categorii.&#8221;<\/p>\n<p>&#8212; Gabriel Gorcea, ini\u021biator \u0219i coordonator proiect<\/p>\n<p>Specificatii:<\/p>\n<p>Dimensiunea: 160&#215;230.8mm<br \/>\nPagini: 2176 pagini<br \/>\nFinisare: cusut<br \/>\nCoperta: imitatie de piele, culoare ro\u0219ie (Imitation Leather)<br \/>\nColturile: rotunjite<br \/>\nMarginile: aurii<br \/>\nSemn de carte: da<\/p>\n","protected":false},"excerpt":{"rendered":"<p>&#8220;Aceast\u0103 harf\u0103 este cea mai mare antologie de c\u00e2ntece cre\u0219tine din lume publicat\u0103 p\u00e2n\u0103 \u00een prezent. Cuprinde cele mai cunoscute c\u00e2nt\u0103ri din ultimii 30 de ani \u0219i chiar mai vechi, precum imnurile. Am avut bucuria s\u0103 a\u0219ez\u0103m pe paginile acestei colec\u021bii inclusiv c\u00e2nt\u0103ri din caietul mamei mele. Realizarea harfei a presupus o munc\u0103 intens\u0103 \u0219i [&hellip;]<\/p>\n","protected":false},"featured_media":10613,"comment_status":"open","ping_status":"closed","template":"","meta":[],"product_brand":[],"product_cat":[8],"product_tag":[],"class_list":{"0":"post-5212","1":"product","2":"type-product","3":"status-publish","4":"has-post-thumbnail","6":"product_cat-carti","8":"first","9":"instock","10":"shipping-taxable","11":"purchasable","12":"product-type-simple"},"_links":{"self":[{"href":"https:\/\/dev.sbro.ro\/wp-json\/wp\/v2\/product\/5212","targetHints":{"allow":["GET"]}}],"collection":[{"href":"https:\/\/dev.sbro.ro\/wp-json\/wp\/v2\/product"}],"about":[{"href":"https:\/\/dev.sbro.ro\/wp-json\/wp\/v2\/types\/product"}],"replies":[{"embeddable":true,"href":"https:\/\/dev.sbro.ro\/wp-json\/wp\/v2\/comments?post=5212"}],"wp:featuredmedia":[{"embeddable":true,"href":"https:\/\/dev.sbro.ro\/wp-json\/wp\/v2\/media\/10613"}],"wp:attachment":[{"href":"https:\/\/dev.sbro.ro\/wp-json\/wp\/v2\/media?parent=5212"}],"wp:term":[{"taxonomy":"product_brand","embeddable":true,"href":"https:\/\/dev.sbro.ro\/wp-json\/wp\/v2\/product_brand?post=5212"},{"taxonomy":"product_cat","embeddable":true,"href":"https:\/\/dev.sbro.ro\/wp-json\/wp\/v2\/product_cat?post=5212"},{"taxonomy":"product_tag","embeddable":true,"href":"https:\/\/dev.sbro.ro\/wp-json\/wp\/v2\/product_tag?post=5212"}],"curies":[{"name":"wp","href":"https:\/\/api.w.org\/{rel}","templated":true}]}}