{"id":5216,"date":"2026-04-21T09:11:31","date_gmt":"2026-04-21T09:11:31","guid":{"rendered":"https:\/\/dev.sbro.ro\/?product=doar-pentru-barbati"},"modified":"2026-04-21T09:11:31","modified_gmt":"2026-04-21T09:11:31","slug":"doar-pentru-barbati","status":"publish","type":"product","link":"https:\/\/dev.sbro.ro\/?product=doar-pentru-barbati","title":{"rendered":"Doar pentru b\u0103rba\u021bi"},"content":{"rendered":"<p>Un ghid simplu despre via\u021ba l\u0103untric\u0103 a femeilor \u00cen sf\u00e2r\u0219it vei putea s\u0103 o \u00een\u021belegi! Dac\u0103 e\u0219ti ca majoritatea b\u0103rba\u021bilor, ai consumat mult\u0103 energie \u00eencerc\u00e2nd s\u0103 \u00een\u021belegi ce vrea o femeie, ce o scoate din s\u0103rite \u0219i cum s\u0103 o faci fericit\u0103. Vestea bun\u0103 este c\u0103 succesul este mai simplu dec\u00e2t \u021bi-ai imaginat. \u00cen revolu\u021bionara lor carte, Doar pentru b\u0103rba\u021bi, Shaunti \u0219i Jeff Feldhahn dezv\u0103luie adev\u0103ruri care \u00ee\u021bi deschid ochii \u0219i c\u00e2teva ac\u021biuni simple pe care le po\u021bi face \u0219i care \u00ee\u021bi vor \u00eembun\u0103t\u0103\u021bi radical rela\u021bia cu femeia pe care o iube\u0219ti. De exemplu: De ce nu poate \u201epur \u0219i simplu s\u0103 nu se mai g\u00e2ndeasc\u0103\u201c la ceva ce-o deranjeaz\u0103? Cum s\u0103 afli adev\u0103ratele ei r\u0103spunsuri f\u0103r\u0103 s\u0103 te la\u0219i prins \u00een jocul ei? Cum poate instinctul t\u0103u de sus\u021bin\u0103tor al familiei s\u0103-i provoace dureri de cap \u2013 \u0219i ce s\u0103 faci \u00een leg\u0103tur\u0103 cu asta? De ce r\u0103spunsul ei \u201enu \u00een seara asta, drag\u0103\u201c s-ar putea s\u0103 nu \u00eensemne ce crezi tu? De ce este at\u00e2t de greu pentru un b\u0103rbat s\u0103 asculte care sunt sentimentele ei \u0219i un remediu care func\u021bioneaz\u0103? De ce \u201eda\u201c-ul ei de la altar va \u00eensemna mereu \u201eda \u0219i pentru tine\u201c \u0219i r\u0103spunsul care o va da pe spate? Actualizat\u0103 cu ultimele cercet\u0103ri \u0219tiin\u021bifice care explic\u0103 incredibilul creier feminin, plus un capitol care arat\u0103 cum poate fi decodat comportamentul ei derutant, cartea aceasta este harta ta pentru a o face fericit\u0103. Dac\u0103 vreodat\u0103 te-ai \u00eentrebat: De ce ac\u021bioneaz\u0103, g\u00e2nde\u0219te sau vorbe\u0219te ea astfel? atunci trebuie s\u0103 cite\u0219ti aceast\u0103 carte. Paginile care-\u021bi stau \u00eenainte \u00ee\u021bi vor oferi multe invita\u021bii promi\u021b\u0103toare de a \u00eencerca s\u0103 faci unele lucruri noi. Majoritatea sunt lucruri incredibil de u\u0219oare, \u00eens\u0103 s-ar putea s\u0103 nu-\u021bi vin\u0103 natural s\u0103 le faci. Cel pu\u021bin la \u00eenceput. Desigur, dac\u0103 ai intui foarte u\u0219or toate aceste lucruri, atunci nu ai mai fi chinuit de imprevizibilitatea partenerei tale, nu ai mai fi confuz sau frustrat&#8230; \u0219i nici nu te-ai mai afunda \u00een mla\u0219tini. \u00cencurajarea pentru tine este: Fii gata s\u0103 \u00eei dedici o anumit\u0103 perioad\u0103 de timp acestui proces \u00een care i\u021bi corectezi ani \u00eentregi de presupuneri gre\u0219ite \u0219i reac\u021bii contraproductive. \u00cencearc\u0103 \u0219i ai o atitudine smerit\u0103. Fii gata s\u0103 exersezi. Fii gata s\u0103 crezi c\u0103 se poate. Pentru c\u0103, \u00eentr-adev\u0103r, se poate. Cartea Doar pentru b\u0103rba\u021bi te va ajuta s\u0103 treci de la o \u00een\u021belegere superficiala la o cunoa\u0219tere esen\u021bial\u0103 a ceea ce \u00eenseamn\u0103 toate acele lucruri din via\u021ba de zi cu zi pe care o tr\u0103ie\u0219ti al\u0103turi de so\u021bia ta. \u00cendat\u0103 ce vei \u00eencepe s\u0103 testezi aceste descoperiri, vei fi uimit s\u0103 vezi ce schimbare se va produce \u00een via\u021ba am\u00e2ndurora. Pentru c\u0103 \u2013 \u021bine-te bine \u2013 vei descoperi c\u0103 po\u021bi s\u0103 o \u00een\u021belegi \u0219i s\u0103 o faci fericit\u0103.<\/p>\n","protected":false},"excerpt":{"rendered":"<p>Un ghid simplu despre via\u021ba l\u0103untric\u0103 a femeilor \u00cen sf\u00e2r\u0219it vei putea s\u0103 o \u00een\u021belegi! Dac\u0103 e\u0219ti ca majoritatea b\u0103rba\u021bilor, ai consumat mult\u0103 energie \u00eencerc\u00e2nd s\u0103 \u00een\u021belegi ce vrea o femeie, ce o scoate din s\u0103rite \u0219i cum s\u0103 o faci fericit\u0103. Vestea bun\u0103 este c\u0103 succesul este mai simplu dec\u00e2t \u021bi-ai imaginat. \u00cen revolu\u021bionara [&hellip;]<\/p>\n","protected":false},"featured_media":10617,"comment_status":"open","ping_status":"closed","template":"","meta":[],"product_brand":[],"product_cat":[43],"product_tag":[],"class_list":{"0":"post-5216","1":"product","2":"type-product","3":"status-publish","4":"has-post-thumbnail","6":"product_cat-barbati","8":"first","9":"instock","10":"shipping-taxable","11":"purchasable","12":"product-type-simple"},"_links":{"self":[{"href":"https:\/\/dev.sbro.ro\/index.php?rest_route=\/wp\/v2\/product\/5216","targetHints":{"allow":["GET"]}}],"collection":[{"href":"https:\/\/dev.sbro.ro\/index.php?rest_route=\/wp\/v2\/product"}],"about":[{"href":"https:\/\/dev.sbro.ro\/index.php?rest_route=\/wp\/v2\/types\/product"}],"replies":[{"embeddable":true,"href":"https:\/\/dev.sbro.ro\/index.php?rest_route=%2Fwp%2Fv2%2Fcomments&post=5216"}],"wp:featuredmedia":[{"embeddable":true,"href":"https:\/\/dev.sbro.ro\/index.php?rest_route=\/wp\/v2\/media\/10617"}],"wp:attachment":[{"href":"https:\/\/dev.sbro.ro\/index.php?rest_route=%2Fwp%2Fv2%2Fmedia&parent=5216"}],"wp:term":[{"taxonomy":"product_brand","embeddable":true,"href":"https:\/\/dev.sbro.ro\/index.php?rest_route=%2Fwp%2Fv2%2Fproduct_brand&post=5216"},{"taxonomy":"product_cat","embeddable":true,"href":"https:\/\/dev.sbro.ro\/index.php?rest_route=%2Fwp%2Fv2%2Fproduct_cat&post=5216"},{"taxonomy":"product_tag","embeddable":true,"href":"https:\/\/dev.sbro.ro\/index.php?rest_route=%2Fwp%2Fv2%2Fproduct_tag&post=5216"}],"curies":[{"name":"wp","href":"https:\/\/api.w.org\/{rel}","templated":true}]}}