{"id":5217,"date":"2026-04-21T09:11:31","date_gmt":"2026-04-21T09:11:31","guid":{"rendered":"https:\/\/dev.sbro.ro\/?product=doar-pentru-femei"},"modified":"2026-04-21T09:11:31","modified_gmt":"2026-04-21T09:11:31","slug":"doar-pentru-femei","status":"publish","type":"product","link":"https:\/\/dev.sbro.ro\/product\/doar-pentru-femei\/","title":{"rendered":"Doar pentru femei"},"content":{"rendered":"<p>Un ghid simplu despre via\u021ba l\u0103untric\u0103 a b\u0103rba\u021bilor Descoper\u0103 felul \u00een care g\u00e2ndesc b\u0103rba\u021bii Ce se petrece \u00een mintea unui b\u0103rbat? \u00cenc\u0103 din vremurile str\u0103vechi, femeia a \u00eencercat s\u0103 \u00een\u021beleag\u0103 comportamentul b\u0103rba\u021bilor \u00een anumite situa\u021bii, de obicei critice. Dincolo de exteriorul aspru al unui b\u0103rbat se afl\u0103 un teren \u0219i mai accidentat \u0219i necunoscut. \u00cen urma unei cercet\u0103ri temeinice \u00eentreprins\u0103 de Shaunti Feldhahn despre via\u021b\u0103 l\u0103untric\u0103 a b\u0103rba\u021bilor, autoarea le deschide ochii femeilor ca s\u0103 \u00een\u021beleag\u0103 ceea ce g\u00e2ndesc \u0219i simt b\u0103rba\u021bii din via\u021ba lor \u2013 prieteni, fra\u021bi, so\u021bi \u0219i fii. B\u0103rba\u021bii \u00ee\u0219i doresc s\u0103 fie \u00een\u021bele\u0219i, \u00eens\u0103 se tem c\u0103, dezv\u0103luind ce se petrece \u00een mintea lor, nu cumva s\u0103 \u201e\u00eensp\u0103im\u00e2nte\u201c femeile pe care le iubesc. \u00cen cartea Doar pentru femei, Shaunti Feldhahn, ne dezv\u0103luie ceea ce fiecare femeie, c\u0103s\u0103torit\u0103 sau nu, ar trebui s\u0103 \u0219tie \u0219i ofer\u0103 r\u0103spunsuri la \u00eentreb\u0103ri precum: De ce respectul t\u0103u pentru el \u00eenseamn\u0103 mai mult dec\u00e2t dragostea ta? De ce b\u0103rbatul consider\u0103 c\u0103 este treaba lui s\u0103 sus\u021bin\u0103 financiar familia \u0219i de ce este at\u00e2t de important\u0103 pentru el aceast\u0103 responsabilitate? Ce \u00eenseamn\u0103 c\u0103 un b\u0103rbat este construit \u00eentr-un mod \u201evizual\u201c? De ce pentru el sexul este \u00een principal un lucru emo\u021bional \u0219i nu fizic? Ce \u0219i-ar dori cel mai mult s\u0103-\u021bi poat\u0103 spune? Cartea de fa\u021b\u0103 va ghida orice femeie s\u0103 poat\u0103 oferi sprijinul plin de iubire pe care b\u0103rba\u021bii \u0219i-l doresc \u0219i de care au nevoie. Ai fost vreodat\u0103 complet bulversat\u0103 de ceva ce a spus sau a f\u0103cut b\u0103rbatul din via\u021ba ta? Privind cum prietenul t\u0103u \u00ee\u021bi \u00eentoarce spatele \u0219i pleac\u0103 furios, te-ai \u00eentrebat vreodat\u0103: Oare ce l-a sup\u0103rat at\u00e2t de tare? Ai r\u0103mas vreodat\u0103 uimit\u0103 de atitudinea defensiv\u0103 a so\u021bului t\u0103u, c\u00e2nd pur \u0219i simplu l-ai rugat s\u0103 nu mai munceasc\u0103 at\u00e2t de mult? Da? Ei bine, nu e\u0219ti singura. Pot s\u0103-\u021bi spun c\u0103 r\u0103spunsul la aceste \u00eentreb\u0103ri \u0219i alte zeci de astfel de nedumeriri au leg\u0103tur\u0103 cu ceea ce se \u00eent\u00e2mpl\u0103 \u00een via\u021b\u0103 interioar\u0103 a so\u021bului t\u0103u. Majoritatea dintre ele sunt lucruri pe care ar vrea s\u0103 le cuno\u0219ti, dar nu \u0219tie cum s\u0103 \u021bi le spun\u0103. Iar \u00een multe alte cazuri, sunt lucruri despre care nici nu-\u0219i \u00eenchipuie c\u0103 nu le \u0219tii. \u00cen cartea de fa\u021b\u0103 vei g\u0103si acele \u00eentreb\u0103ri \u0219i acele r\u0103spunsuri. \u00cens\u0103 ai grij\u0103! S-ar putea s\u0103 te plesne\u0219ti peste frunte destul de des! Solu\u021bia este adesea foarte simpl\u0103. Ai fi probabil uluit\u0103 s\u0103 descoperi c\u0103 majoritatea problemelor din rela\u021bii nu izvor\u0103sc din chestiunile mari, de nerezolvat. Ci adesea provin din ne\u0219tiin\u021b\u0103. Din ne\u00een\u021belegeri simple \u0219i care pot fi evitate. Din momente de \u201eiluminare\u201c care nu s-au produs. Cu c\u00e2t \u00eel vei \u00een\u021belege mai bine pe b\u0103rbatul din via\u021ba ta, cu at\u00e2t \u00eel vei putea sprijini \u0219i iubi \u00een felul \u00een care el are nevoie s\u0103 fie iubit.<\/p>\n","protected":false},"excerpt":{"rendered":"<p>Un ghid simplu despre via\u021ba l\u0103untric\u0103 a b\u0103rba\u021bilor Descoper\u0103 felul \u00een care g\u00e2ndesc b\u0103rba\u021bii Ce se petrece \u00een mintea unui b\u0103rbat? \u00cenc\u0103 din vremurile str\u0103vechi, femeia a \u00eencercat s\u0103 \u00een\u021beleag\u0103 comportamentul b\u0103rba\u021bilor \u00een anumite situa\u021bii, de obicei critice. Dincolo de exteriorul aspru al unui b\u0103rbat se afl\u0103 un teren \u0219i mai accidentat \u0219i necunoscut. \u00cen [&hellip;]<\/p>\n","protected":false},"featured_media":10618,"comment_status":"open","ping_status":"closed","template":"","meta":[],"product_brand":[],"product_cat":[34],"product_tag":[],"class_list":{"0":"post-5217","1":"product","2":"type-product","3":"status-publish","4":"has-post-thumbnail","6":"product_cat-femei","8":"first","9":"instock","10":"shipping-taxable","11":"purchasable","12":"product-type-simple"},"_links":{"self":[{"href":"https:\/\/dev.sbro.ro\/wp-json\/wp\/v2\/product\/5217","targetHints":{"allow":["GET"]}}],"collection":[{"href":"https:\/\/dev.sbro.ro\/wp-json\/wp\/v2\/product"}],"about":[{"href":"https:\/\/dev.sbro.ro\/wp-json\/wp\/v2\/types\/product"}],"replies":[{"embeddable":true,"href":"https:\/\/dev.sbro.ro\/wp-json\/wp\/v2\/comments?post=5217"}],"wp:featuredmedia":[{"embeddable":true,"href":"https:\/\/dev.sbro.ro\/wp-json\/wp\/v2\/media\/10618"}],"wp:attachment":[{"href":"https:\/\/dev.sbro.ro\/wp-json\/wp\/v2\/media?parent=5217"}],"wp:term":[{"taxonomy":"product_brand","embeddable":true,"href":"https:\/\/dev.sbro.ro\/wp-json\/wp\/v2\/product_brand?post=5217"},{"taxonomy":"product_cat","embeddable":true,"href":"https:\/\/dev.sbro.ro\/wp-json\/wp\/v2\/product_cat?post=5217"},{"taxonomy":"product_tag","embeddable":true,"href":"https:\/\/dev.sbro.ro\/wp-json\/wp\/v2\/product_tag?post=5217"}],"curies":[{"name":"wp","href":"https:\/\/api.w.org\/{rel}","templated":true}]}}