{"id":5223,"date":"2026-04-21T09:11:33","date_gmt":"2026-04-21T09:11:33","guid":{"rendered":"https:\/\/dev.sbro.ro\/?product=joc-cartea-cu-scai"},"modified":"2026-04-21T09:11:33","modified_gmt":"2026-04-21T09:11:33","slug":"joc-cartea-cu-scai","status":"publish","type":"product","link":"https:\/\/dev.sbro.ro\/product\/joc-cartea-cu-scai\/","title":{"rendered":"Joc &#8211; Cartea cu scai"},"content":{"rendered":"<p>Cartea cu scai este un material didactic pentru pre\u0219colari care poate fi utilizat at\u00e2t acas\u0103, individual c\u00e2t \u0219i \u00een colectivitate. Imaginile sunt u\u0219or de asociat. Con\u021bine: Carte cu povestiri, descrieri \u0219i indica\u021bii de folosire 26 de fi\u0219e \u2013 13 color pe are se ata\u0219eaz\u0103 cartona\u0219ele cu scai \u0219i 13 fi\u0219e monocrom. Fi\u0219ele plastifiate lucios, au pe verso activit\u0103\u021bi: condu, une\u0219te, asociaz\u0103 etc, unde se folose\u0219te carioca \u0219i se \u0219terge cu \u0219erve\u021bel umed. Nu con\u021bine carioc\u0103!!! 150 de cartona\u0219e plastifiate Cutie cartonat\u0103 dimensiune A4 Cele 8 TEME \u00eent\u00e2lnite \u00een Cartea cu scai sunt : CREA\u021aIA, CELE 10 PORUNCI, S\u0102 NUM\u0102R\u0102M prin BIBLIE \u2013 12 povestiri cu cifre, ROADA DUHULUI, PL\u0102GILE DIN EGIPT, METALE DIN VREMEA BIBLIEI, ME\u0218TE\u0218UGURI DIN VREMEA BIBLIEI (3 fi\u0219e), ANIMALE DOMESTICE , S\u0102LBATICE, P\u0102S\u0102RI \u0219i INSECTE \u2013 din vremea BIBLIEI. Pe verso ai 13 fi\u0219e cu activit\u0103\u021bi: Asocieri: \u2022 Animale \u0219i blana lor \u2022 Mascul \u0219i femel\u0103 \u2022 Foloase de la animale \u2022 Mediul de via\u021b\u0103 al vie\u021buitoarelor \u2022 Obiecte \u0219i materialele din care sunt f\u0103cute \u2022 Imagini cu forme geometrice \u2022 Obiecte \u0219i meserii \u2013 Traseaz\u0103 cifre \u2013 Traseaz\u0103 linii \u2013 Une\u0219te punctele \u2013 Exerseaz\u0103 no\u021biunea, dreapta \u2013 st\u00e2nga \u2013 Urm\u0103re\u0219te traseul \u2013 Deseneaz\u0103 cercule\u021be OBIECTIVE \u2013 La ce ajut\u0103 Cartea cu scai? Dezvolt\u0103 aten\u021bia, cuno\u0219tin\u021bele \u0219i vocabularul copilului \u2022 Stimuleaz\u0103 g\u00e2ndirea \u0219i concentrarea \u2022 Dezvolt\u0103 motricitatea fin\u0103 \u2022 Dezvolt\u0103 coordonarea m\u00e2n\u0103-ochi \u2022 Este un material auto corectiv \u2013 fiecare cartona\u0219 are \u00een partea dreapt\u0103 sus, o bulin\u0103. Identifici u\u0219or, c\u0103rei fi\u0219\u0103 \u00eei apar\u021bine. Greutate produs: 700 gr. Dimensiune produs: 310 \/ 220 \/ 45 mm Autor: Ligia Ungureanu Desene de Virginia Iorgulescu Cartea cu scai se adreseaz\u0103 copiilor +3 ani Este potrivit\u0103 at\u00e2t pentru \u00eenv\u0103\u021barea propriu-zis\u0103 c\u00e2t \u0219i pentru generalizarea cuno\u0219tin\u021belor.<\/p>\n","protected":false},"excerpt":{"rendered":"<p>Cartea cu scai este un material didactic pentru pre\u0219colari care poate fi utilizat at\u00e2t acas\u0103, individual c\u00e2t \u0219i \u00een colectivitate. Imaginile sunt u\u0219or de asociat. Con\u021bine: Carte cu povestiri, descrieri \u0219i indica\u021bii de folosire 26 de fi\u0219e \u2013 13 color pe are se ata\u0219eaz\u0103 cartona\u0219ele cu scai \u0219i 13 fi\u0219e monocrom. Fi\u0219ele plastifiate lucios, au [&hellip;]<\/p>\n","protected":false},"featured_media":10624,"comment_status":"open","ping_status":"closed","template":"","meta":[],"product_brand":[],"product_cat":[98],"product_tag":[],"class_list":{"0":"post-5223","1":"product","2":"type-product","3":"status-publish","4":"has-post-thumbnail","6":"product_cat-jocuri","8":"first","9":"instock","10":"shipping-taxable","11":"purchasable","12":"product-type-simple"},"_links":{"self":[{"href":"https:\/\/dev.sbro.ro\/wp-json\/wp\/v2\/product\/5223","targetHints":{"allow":["GET"]}}],"collection":[{"href":"https:\/\/dev.sbro.ro\/wp-json\/wp\/v2\/product"}],"about":[{"href":"https:\/\/dev.sbro.ro\/wp-json\/wp\/v2\/types\/product"}],"replies":[{"embeddable":true,"href":"https:\/\/dev.sbro.ro\/wp-json\/wp\/v2\/comments?post=5223"}],"wp:featuredmedia":[{"embeddable":true,"href":"https:\/\/dev.sbro.ro\/wp-json\/wp\/v2\/media\/10624"}],"wp:attachment":[{"href":"https:\/\/dev.sbro.ro\/wp-json\/wp\/v2\/media?parent=5223"}],"wp:term":[{"taxonomy":"product_brand","embeddable":true,"href":"https:\/\/dev.sbro.ro\/wp-json\/wp\/v2\/product_brand?post=5223"},{"taxonomy":"product_cat","embeddable":true,"href":"https:\/\/dev.sbro.ro\/wp-json\/wp\/v2\/product_cat?post=5223"},{"taxonomy":"product_tag","embeddable":true,"href":"https:\/\/dev.sbro.ro\/wp-json\/wp\/v2\/product_tag?post=5223"}],"curies":[{"name":"wp","href":"https:\/\/api.w.org\/{rel}","templated":true}]}}