{"id":5229,"date":"2026-04-21T09:11:33","date_gmt":"2026-04-21T09:11:33","guid":{"rendered":"https:\/\/dev.sbro.ro\/?product=binecuvantat-prin-13"},"modified":"2026-04-21T09:11:33","modified_gmt":"2026-04-21T09:11:33","slug":"binecuvantat-prin-13","status":"publish","type":"product","link":"https:\/\/dev.sbro.ro\/?product=binecuvantat-prin-13","title":{"rendered":"Binecuvantat prin 13"},"content":{"rendered":"<p>C\u00e2nd ajungi \u00een anumite societ\u0103\u021bi, consta\u021bi c\u0103 la blocuri nu exist\u0103 etajul 13. Cei mai mul\u021bi a\u021bi \u00eent\u00e2lnit oameni care se feresc de cifra 13. B\u0103nuiesc c\u0103 dac\u0103 a \u021binut de ei, destul de pu\u021bini \u0219i-au stabilit c\u0103s\u0103toria sau alte evenimente \u00een data de 13. \u00centr-o lume cu astfel de supersti\u021bii, vreau s\u0103 \u0219ti\u021bi c\u0103 13 poate s\u0103 aduc\u0103 mult\u0103 binecuv\u00e2ntare. M\u0103 refer aici \u0219i la data de 13 \u0219i la v\u00e2rsta de 13 \u0219i la capitolul 13. M\u0103 bucur \u0219i \u00cel sl\u0103vesc pe Domnul pentru to\u021bi cei care citi\u021bi Sfintele Scripturi. Ele ne-au fost d\u0103ruite pentru \u00eendrumare, \u00eencurajare \u0219i \u00eendreptare. Cum bine \u0219ti\u021bi, anumite c\u0103r\u021bi din Scripturi au \u0219i capitolul 13. \u00cen r\u00e2ndurile \u0219i paginile ce urmeaz\u0103, vreau s\u0103 vede\u021bi bog\u0103\u021bia de \u00eenv\u0103\u021b\u0103tur\u0103 din c\u00e2teva capitole 13. V\u0103 doresc lecturare pl\u0103cut\u0103 \u0219i m\u0103 rog Domnului ca \u0219i mesajul acestor capitole s\u0103 ne apropie de cei dragi, de fra\u021bii de credin\u021b\u0103, de semeni \u0219i mai ales de Dumnezeu, Sursa oric\u0103rui lucru bun \u0219i Singurul care ne poate asigura ve\u0219nicia glorioas\u0103.<\/p>\n","protected":false},"excerpt":{"rendered":"<p>C\u00e2nd ajungi \u00een anumite societ\u0103\u021bi, consta\u021bi c\u0103 la blocuri nu exist\u0103 etajul 13. Cei mai mul\u021bi a\u021bi \u00eent\u00e2lnit oameni care se feresc de cifra 13. B\u0103nuiesc c\u0103 dac\u0103 a \u021binut de ei, destul de pu\u021bini \u0219i-au stabilit c\u0103s\u0103toria sau alte evenimente \u00een data de 13. \u00centr-o lume cu astfel de supersti\u021bii, vreau s\u0103 \u0219ti\u021bi c\u0103 [&hellip;]<\/p>\n","protected":false},"featured_media":10630,"comment_status":"open","ping_status":"closed","template":"","meta":[],"product_brand":[],"product_cat":[10,18],"product_tag":[],"class_list":{"0":"post-5229","1":"product","2":"type-product","3":"status-publish","4":"has-post-thumbnail","6":"product_cat-editura-metanoia","7":"product_cat-viata-crestina","9":"first","10":"instock","11":"shipping-taxable","12":"purchasable","13":"product-type-simple"},"_links":{"self":[{"href":"https:\/\/dev.sbro.ro\/index.php?rest_route=\/wp\/v2\/product\/5229","targetHints":{"allow":["GET"]}}],"collection":[{"href":"https:\/\/dev.sbro.ro\/index.php?rest_route=\/wp\/v2\/product"}],"about":[{"href":"https:\/\/dev.sbro.ro\/index.php?rest_route=\/wp\/v2\/types\/product"}],"replies":[{"embeddable":true,"href":"https:\/\/dev.sbro.ro\/index.php?rest_route=%2Fwp%2Fv2%2Fcomments&post=5229"}],"wp:featuredmedia":[{"embeddable":true,"href":"https:\/\/dev.sbro.ro\/index.php?rest_route=\/wp\/v2\/media\/10630"}],"wp:attachment":[{"href":"https:\/\/dev.sbro.ro\/index.php?rest_route=%2Fwp%2Fv2%2Fmedia&parent=5229"}],"wp:term":[{"taxonomy":"product_brand","embeddable":true,"href":"https:\/\/dev.sbro.ro\/index.php?rest_route=%2Fwp%2Fv2%2Fproduct_brand&post=5229"},{"taxonomy":"product_cat","embeddable":true,"href":"https:\/\/dev.sbro.ro\/index.php?rest_route=%2Fwp%2Fv2%2Fproduct_cat&post=5229"},{"taxonomy":"product_tag","embeddable":true,"href":"https:\/\/dev.sbro.ro\/index.php?rest_route=%2Fwp%2Fv2%2Fproduct_tag&post=5229"}],"curies":[{"name":"wp","href":"https:\/\/api.w.org\/{rel}","templated":true}]}}