{"id":5251,"date":"2026-04-21T09:11:36","date_gmt":"2026-04-21T09:11:36","guid":{"rendered":"https:\/\/dev.sbro.ro\/?product=inteligenta-emotionala"},"modified":"2026-04-21T09:11:36","modified_gmt":"2026-04-21T09:11:36","slug":"inteligenta-emotionala","status":"publish","type":"product","link":"https:\/\/dev.sbro.ro\/product\/inteligenta-emotionala\/","title":{"rendered":"Inteligen\u021b\u0103 emo\u021bional\u0103"},"content":{"rendered":"<p>Cartea lui Daniel Goleman a marcat o revolu\u0163ie uluitoare \u00een psihologie prin analiza importan\u0163ei cov\u00e2r\u015fitoare a emo\u0163iilor \u00een dezvoltarea personalit\u0103\u0163ii umane. Studiul s\u0103u ne explic\u0103 cum, atunci c\u00e2nd ne \u00een\u0163elegem sentimentele, situa\u0163ia \u00een care ne afl\u0103m devine mai limpede. Descoperim chiar un nou mod de a privi cauzele bolilor care ne macin\u0103 familia \u015fi societatea. Prelu\u00e2nd rezultatele cercet\u0103rilor asupra creierului \u015fi comportamentului, autorul propune extinderea conceptului de inteligen\u0163\u0103. Este binecunoscut termenul de IQ &#8211; coeficientul care m\u0103soar\u0103 inteligen\u0163a uman\u0103 \u00eenn\u0103scut\u0103 \u015fi care nu prea poate fi ameliorat pe parcursul vie\u0163ii. O asemenea \u00een\u0163elegere nu explic\u0103, de pild\u0103, situa\u0163iile \u00een care persoane cu un IQ mediu sau relativ sc\u0103zut au cunoscut un mare succes. De aceea, autorul a deschis calea unei psihologii care acord\u0103 un interes egal \u015fi inteligen\u0163ei sentimentelor. Inteligen\u0163a emo\u0163ional\u0103 (EQ) presupune \u00een primul r\u00e2nd con\u015ftientizare de sine, autodisciplin\u0103 \u015fi empatie. Ea d\u0103 seama de felul \u00een care ne control\u0103m impulsurile \u015fi sentimentele. Vestea bun\u0103 este faptul c\u0103 inteligen\u0163a emo\u0163ional\u0103 poate fi \u00eembun\u0103t\u0103\u0163it\u0103. De\u015fi copil\u0103ria este extrem de important\u0103 \u00een punerea unor baze solide pentru dezvoltarea inteligen\u0163ei emo\u0163ionale, ea poate fi \u00eembun\u0103t\u0103\u0163it\u0103 \u015fi cultivat\u0103 inclusiv la v\u00e2rsta adult\u0103.La zece ani de la apari\u0163ia primei edi\u0163ii \u00een limba englez\u0103, studiul inteligen\u0163ei emo\u0163ionale a c\u0103p\u0103tat propor\u0163iile unui domeniu \u015ftiin\u0163ific autonom \u00een slujba c\u0103ruia lucreaz\u0103 un num\u0103r impresionant de cercet\u0103tori folosind cele mai avansate metode tehnologice. Ast\u0103zi inteligen\u0163a emo\u0163ional\u0103 se pred\u0103 \u00een \u015fcoli \u015fi universit\u0103\u0163i, competen\u0163ele sale au devenit criterii de angajare sau de promovare \u00een carier\u0103, iar programele de educa\u0163ie pe baza sa au devenit punctul de plecare \u00een politicile sociale de prevenire a \u00eemboln\u0103virilor sau criminalit\u0103\u0163ii. Toate acestea au \u00eenceput \u00een urm\u0103 cu zece ani, de la formidabila carte a lui Daniel Goleman, Inteligen\u0163a emo\u0163ional\u0103.<\/p>\n","protected":false},"excerpt":{"rendered":"<p>Cartea lui Daniel Goleman a marcat o revolu\u0163ie uluitoare \u00een psihologie prin analiza importan\u0163ei cov\u00e2r\u015fitoare a emo\u0163iilor \u00een dezvoltarea personalit\u0103\u0163ii umane. Studiul s\u0103u ne explic\u0103 cum, atunci c\u00e2nd ne \u00een\u0163elegem sentimentele, situa\u0163ia \u00een care ne afl\u0103m devine mai limpede. Descoperim chiar un nou mod de a privi cauzele bolilor care ne macin\u0103 familia \u015fi societatea. [&hellip;]<\/p>\n","protected":false},"featured_media":10652,"comment_status":"open","ping_status":"closed","template":"","meta":[],"product_brand":[],"product_cat":[36],"product_tag":[],"class_list":{"0":"post-5251","1":"product","2":"type-product","3":"status-publish","4":"has-post-thumbnail","6":"product_cat-psihologie","8":"first","9":"instock","10":"shipping-taxable","11":"purchasable","12":"product-type-simple"},"_links":{"self":[{"href":"https:\/\/dev.sbro.ro\/wp-json\/wp\/v2\/product\/5251","targetHints":{"allow":["GET"]}}],"collection":[{"href":"https:\/\/dev.sbro.ro\/wp-json\/wp\/v2\/product"}],"about":[{"href":"https:\/\/dev.sbro.ro\/wp-json\/wp\/v2\/types\/product"}],"replies":[{"embeddable":true,"href":"https:\/\/dev.sbro.ro\/wp-json\/wp\/v2\/comments?post=5251"}],"wp:featuredmedia":[{"embeddable":true,"href":"https:\/\/dev.sbro.ro\/wp-json\/wp\/v2\/media\/10652"}],"wp:attachment":[{"href":"https:\/\/dev.sbro.ro\/wp-json\/wp\/v2\/media?parent=5251"}],"wp:term":[{"taxonomy":"product_brand","embeddable":true,"href":"https:\/\/dev.sbro.ro\/wp-json\/wp\/v2\/product_brand?post=5251"},{"taxonomy":"product_cat","embeddable":true,"href":"https:\/\/dev.sbro.ro\/wp-json\/wp\/v2\/product_cat?post=5251"},{"taxonomy":"product_tag","embeddable":true,"href":"https:\/\/dev.sbro.ro\/wp-json\/wp\/v2\/product_tag?post=5251"}],"curies":[{"name":"wp","href":"https:\/\/api.w.org\/{rel}","templated":true}]}}