{"id":5271,"date":"2026-04-21T09:11:39","date_gmt":"2026-04-21T09:11:39","guid":{"rendered":"https:\/\/dev.sbro.ro\/?product=tipograful-lui-udell-vol-1"},"modified":"2026-04-21T09:11:39","modified_gmt":"2026-04-21T09:11:39","slug":"tipograful-lui-udell-vol-1","status":"publish","type":"product","link":"https:\/\/dev.sbro.ro\/product\/tipograful-lui-udell-vol-1\/","title":{"rendered":"Tipograful lui Udell. Vol. 1"},"content":{"rendered":"<p>\u201eAm g\u0103sit un model demn de urmat \u00een acest tipograf voiajor pe care Harold Bell Wright l-a f\u0103cut s\u0103 prind\u0103 via\u021b\u0103 pe paginile acestei c\u0103r\u021bi. Exemplul s\u0103u m-a ajutat s\u0103-mi formez ni\u0219te principii pe care \u00eencerc s\u0103 le urmez \u0219i \u00een ziua de azi, fapt pentru care voi fi ve\u0219nic recunosc\u0103tor.\u201d<\/p>\n<p>&#8212; Ronald Reagan, pre\u0219edinte al SUA \u00eentre 1981-1989<\/p>\n<p>\u201eCartea de fa\u021b\u0103 \u00eei va captiva pe to\u021bi cititorii, a\u0219adar \u00ee\u0219i merit\u0103 locul \u00een toate bibliotecile cre\u0219tine.\u201d<\/p>\n<p>&#8212; Church and Synagogue Library Association<\/p>\n<p>\u201eMulte dintre realiz\u0103rile lui Reagan, c\u00e2t \u0219i perspectiva sa asupra vie\u021bii reflect\u0103 c\u00e2t de mult a fost influen\u021bat de aceast\u0103 carte pe care a citit-o p\u00e2n\u0103 c\u00e2nd col\u021burile ei au fost f\u0103cute ferfeni\u021b\u0103.\u201d<\/p>\n<p>&#8212; John Fund, Wall Street Journal columnist<\/p>\n","protected":false},"excerpt":{"rendered":"<p>\u201eAm g\u0103sit un model demn de urmat \u00een acest tipograf voiajor pe care Harold Bell Wright l-a f\u0103cut s\u0103 prind\u0103 via\u021b\u0103 pe paginile acestei c\u0103r\u021bi. Exemplul s\u0103u m-a ajutat s\u0103-mi formez ni\u0219te principii pe care \u00eencerc s\u0103 le urmez \u0219i \u00een ziua de azi, fapt pentru care voi fi ve\u0219nic recunosc\u0103tor.\u201d &#8212; Ronald Reagan, pre\u0219edinte [&hellip;]<\/p>\n","protected":false},"featured_media":10672,"comment_status":"open","ping_status":"closed","template":"","meta":[],"product_brand":[],"product_cat":[30],"product_tag":[],"class_list":{"0":"post-5271","1":"product","2":"type-product","3":"status-publish","4":"has-post-thumbnail","6":"product_cat-beletristica","8":"first","9":"instock","10":"shipping-taxable","11":"purchasable","12":"product-type-simple"},"_links":{"self":[{"href":"https:\/\/dev.sbro.ro\/wp-json\/wp\/v2\/product\/5271","targetHints":{"allow":["GET"]}}],"collection":[{"href":"https:\/\/dev.sbro.ro\/wp-json\/wp\/v2\/product"}],"about":[{"href":"https:\/\/dev.sbro.ro\/wp-json\/wp\/v2\/types\/product"}],"replies":[{"embeddable":true,"href":"https:\/\/dev.sbro.ro\/wp-json\/wp\/v2\/comments?post=5271"}],"wp:featuredmedia":[{"embeddable":true,"href":"https:\/\/dev.sbro.ro\/wp-json\/wp\/v2\/media\/10672"}],"wp:attachment":[{"href":"https:\/\/dev.sbro.ro\/wp-json\/wp\/v2\/media?parent=5271"}],"wp:term":[{"taxonomy":"product_brand","embeddable":true,"href":"https:\/\/dev.sbro.ro\/wp-json\/wp\/v2\/product_brand?post=5271"},{"taxonomy":"product_cat","embeddable":true,"href":"https:\/\/dev.sbro.ro\/wp-json\/wp\/v2\/product_cat?post=5271"},{"taxonomy":"product_tag","embeddable":true,"href":"https:\/\/dev.sbro.ro\/wp-json\/wp\/v2\/product_tag?post=5271"}],"curies":[{"name":"wp","href":"https:\/\/api.w.org\/{rel}","templated":true}]}}