{"id":5291,"date":"2026-04-21T09:11:42","date_gmt":"2026-04-21T09:11:42","guid":{"rendered":"https:\/\/dev.sbro.ro\/?product=199-de-versete-dedicate-barbatilor"},"modified":"2026-04-21T09:11:42","modified_gmt":"2026-04-21T09:11:42","slug":"199-de-versete-dedicate-barbatilor","status":"publish","type":"product","link":"https:\/\/dev.sbro.ro\/?product=199-de-versete-dedicate-barbatilor","title":{"rendered":"199 de versete dedicate b\u0103rba\u021bilor"},"content":{"rendered":"<p>Descoper\u0103 promisiunile Scripturii, promisiuni d\u0103t\u0103toare de putere \u0219i \u00eencurajare, indiferent de circumstan\u021bele vie\u021bii. Cele 199 de versete biblice cuprinse \u00een aceast\u0103 carte pot s\u0103 c\u0103l\u0103uzeaz\u0103 un b\u0103rbat prin fi ecare etap\u0103 a vie\u021bii lui, d\u00e2ndu-i \u00een\u021belepciune, \u00eencredere \u0219i speran\u021ba necesar\u0103 fiecarei zile. CUPRINS Ce s\u0103 fac c\u00e2nd am nevoie de: Asigurare \u00cencredere \u00cencurajare Prezen\u021ba lui Dumnezeu Speran\u021b\u0103 Putere \u00cen\u021belepciune Ce spune Biblia despre: M\u00e2nie Disciplin\u0103 Familie Voia Domnului Smerenie Integritate C\u0103s\u0103torie Priorit\u0103\u021bi Bog\u0103\u021bie Bazeaz\u0103-te pe Dumnezeu pentru: Viitor \u00cendrumare Ajutor R\u0103bdare Lini\u0219te sufleteasc\u0103 Grij\u0103 Succes Dumnezeu ofer\u0103: Confort Curaj Iertare Har Iubire Mil\u0103 Autocontrol Dumnezeu vrea s\u0103: Fiu \u00eendr\u0103zne\u021b Fiu bun Slujesc Fiu smerit M\u0103 rog Fiu perseverent Fiu respectuos Lucrez M\u0103 \u00eenchin RECOMAND\u0102RI PENTRU TINE<\/p>\n","protected":false},"excerpt":{"rendered":"<p>Descoper\u0103 promisiunile Scripturii, promisiuni d\u0103t\u0103toare de putere \u0219i \u00eencurajare, indiferent de circumstan\u021bele vie\u021bii. Cele 199 de versete biblice cuprinse \u00een aceast\u0103 carte pot s\u0103 c\u0103l\u0103uzeaz\u0103 un b\u0103rbat prin fi ecare etap\u0103 a vie\u021bii lui, d\u00e2ndu-i \u00een\u021belepciune, \u00eencredere \u0219i speran\u021ba necesar\u0103 fiecarei zile. CUPRINS Ce s\u0103 fac c\u00e2nd am nevoie de: Asigurare \u00cencredere \u00cencurajare Prezen\u021ba lui [&hellip;]<\/p>\n","protected":false},"featured_media":10692,"comment_status":"open","ping_status":"closed","template":"","meta":[],"product_brand":[],"product_cat":[43],"product_tag":[],"class_list":{"0":"post-5291","1":"product","2":"type-product","3":"status-publish","4":"has-post-thumbnail","6":"product_cat-barbati","8":"first","9":"instock","10":"shipping-taxable","11":"purchasable","12":"product-type-simple"},"_links":{"self":[{"href":"https:\/\/dev.sbro.ro\/index.php?rest_route=\/wp\/v2\/product\/5291","targetHints":{"allow":["GET"]}}],"collection":[{"href":"https:\/\/dev.sbro.ro\/index.php?rest_route=\/wp\/v2\/product"}],"about":[{"href":"https:\/\/dev.sbro.ro\/index.php?rest_route=\/wp\/v2\/types\/product"}],"replies":[{"embeddable":true,"href":"https:\/\/dev.sbro.ro\/index.php?rest_route=%2Fwp%2Fv2%2Fcomments&post=5291"}],"wp:featuredmedia":[{"embeddable":true,"href":"https:\/\/dev.sbro.ro\/index.php?rest_route=\/wp\/v2\/media\/10692"}],"wp:attachment":[{"href":"https:\/\/dev.sbro.ro\/index.php?rest_route=%2Fwp%2Fv2%2Fmedia&parent=5291"}],"wp:term":[{"taxonomy":"product_brand","embeddable":true,"href":"https:\/\/dev.sbro.ro\/index.php?rest_route=%2Fwp%2Fv2%2Fproduct_brand&post=5291"},{"taxonomy":"product_cat","embeddable":true,"href":"https:\/\/dev.sbro.ro\/index.php?rest_route=%2Fwp%2Fv2%2Fproduct_cat&post=5291"},{"taxonomy":"product_tag","embeddable":true,"href":"https:\/\/dev.sbro.ro\/index.php?rest_route=%2Fwp%2Fv2%2Fproduct_tag&post=5291"}],"curies":[{"name":"wp","href":"https:\/\/api.w.org\/{rel}","templated":true}]}}