{"id":5301,"date":"2026-04-21T09:11:43","date_gmt":"2026-04-21T09:11:43","guid":{"rendered":"https:\/\/dev.sbro.ro\/?product=disciplinele-spirituale-pentru-viata-crestina-ghid-de-studiu"},"modified":"2026-04-21T09:11:43","modified_gmt":"2026-04-21T09:11:43","slug":"disciplinele-spirituale-pentru-viata-crestina-ghid-de-studiu","status":"publish","type":"product","link":"https:\/\/dev.sbro.ro\/product\/disciplinele-spirituale-pentru-viata-crestina-ghid-de-studiu\/","title":{"rendered":"Disciplinele spirituale pentru via\u021ba cre\u0219tin\u0103. Ghid de studiu"},"content":{"rendered":"<p>Libertatea&#8230; este r\u0103splata disciplinei DONALD S. WHITNEY a schimbat modul \u00een care cre\u015ftinii au abordat disciplinele spirituale dup\u0103 publicarea bestsellerului clasic Disciplinele spirituale pentru via\u0163a cre\u015ftin\u0103. Ghidul de fa\u0163\u0103 analizeaz\u0103 c\u00e2teva discipline printre care: \u2022 Rug\u0103ciunea \u2022 \u00cenchinarea \u2022 Medita\u0163ia \u2022 Evanghelizarea \u2022 Slujirea \u2022 Administrarea \u2022 Postul \u2022 Tinerea unui jurnal \u2022 \u00cenv\u0103\u0163area \u2022 T\u0103cerea \u015fi solitudinea Acest ghid \u00ee\u0163i va ar\u0103ta modul \u00een care disciplinele spirituale \u00ee\u0163i ofer\u0103 o libertate extraordinar\u0103 \u00een Cristos. Don Whitney este profesor de spiritualitate biblic\u0103 \u015fi decan la The Southern Baptist Theological Seminary din Louisville, Kentucky. A slujit ca pastor mai bine de 19 ani. Don este autor al c\u0103r\u0163ilor How Can I Be Sure I\u2019m a Christian?, Ten Questions to Diagnose Your Spiritual Health \u015fi Simplify Your Spiritual Life, c\u00e2t \u015fi a unor c\u0103r\u0163i despre spiritualitatea \u00een biseric\u0103 \u015fi \u00eenchinarea \u00een familie. Don are un doctorat \u00een teologie pastoral\u0103 ob\u0163inut de la Trinity Evangelical Divinity School din Deerfield, Ilinois, \u015fi un doctorat \u00een filozofie ob\u0163inut de la University of the Free State din Bloemfontein, Africa de Sud. Este fondatorul \u015fi pre\u015fedintele Centrului pentru spiritualitate biblic\u0103. Don locuie\u015fte aproape de Louisville \u00eempreun\u0103 cu so\u0163ia sa, Caffy. Website-ul lui Don este www.BiblicalSpirituality.org.<\/p>\n","protected":false},"excerpt":{"rendered":"<p>Libertatea&#8230; este r\u0103splata disciplinei DONALD S. WHITNEY a schimbat modul \u00een care cre\u015ftinii au abordat disciplinele spirituale dup\u0103 publicarea bestsellerului clasic Disciplinele spirituale pentru via\u0163a cre\u015ftin\u0103. Ghidul de fa\u0163\u0103 analizeaz\u0103 c\u00e2teva discipline printre care: \u2022 Rug\u0103ciunea \u2022 \u00cenchinarea \u2022 Medita\u0163ia \u2022 Evanghelizarea \u2022 Slujirea \u2022 Administrarea \u2022 Postul \u2022 Tinerea unui jurnal \u2022 \u00cenv\u0103\u0163area \u2022 [&hellip;]<\/p>\n","protected":false},"featured_media":10702,"comment_status":"open","ping_status":"closed","template":"","meta":[],"product_brand":[],"product_cat":[18],"product_tag":[],"class_list":{"0":"post-5301","1":"product","2":"type-product","3":"status-publish","4":"has-post-thumbnail","6":"product_cat-viata-crestina","8":"first","9":"instock","10":"shipping-taxable","11":"purchasable","12":"product-type-simple"},"_links":{"self":[{"href":"https:\/\/dev.sbro.ro\/wp-json\/wp\/v2\/product\/5301","targetHints":{"allow":["GET"]}}],"collection":[{"href":"https:\/\/dev.sbro.ro\/wp-json\/wp\/v2\/product"}],"about":[{"href":"https:\/\/dev.sbro.ro\/wp-json\/wp\/v2\/types\/product"}],"replies":[{"embeddable":true,"href":"https:\/\/dev.sbro.ro\/wp-json\/wp\/v2\/comments?post=5301"}],"wp:featuredmedia":[{"embeddable":true,"href":"https:\/\/dev.sbro.ro\/wp-json\/wp\/v2\/media\/10702"}],"wp:attachment":[{"href":"https:\/\/dev.sbro.ro\/wp-json\/wp\/v2\/media?parent=5301"}],"wp:term":[{"taxonomy":"product_brand","embeddable":true,"href":"https:\/\/dev.sbro.ro\/wp-json\/wp\/v2\/product_brand?post=5301"},{"taxonomy":"product_cat","embeddable":true,"href":"https:\/\/dev.sbro.ro\/wp-json\/wp\/v2\/product_cat?post=5301"},{"taxonomy":"product_tag","embeddable":true,"href":"https:\/\/dev.sbro.ro\/wp-json\/wp\/v2\/product_tag?post=5301"}],"curies":[{"name":"wp","href":"https:\/\/api.w.org\/{rel}","templated":true}]}}