{"id":5315,"date":"2026-04-21T09:11:45","date_gmt":"2026-04-21T09:11:45","guid":{"rendered":"https:\/\/dev.sbro.ro\/?product=israel-si-biserica"},"modified":"2026-04-21T09:11:45","modified_gmt":"2026-04-21T09:11:45","slug":"israel-si-biserica","status":"publish","type":"product","link":"https:\/\/dev.sbro.ro\/product\/israel-si-biserica\/","title":{"rendered":"Israel \u0219i Biserica"},"content":{"rendered":"<p>Pentru a \u00een\u021belege cu adev\u0103rat profe\u021biile din Biblie, trebuie s\u0103 \u00een\u021belegem \u00eent\u00e2i cum promisiunile Lui fa\u021b\u0103 de Israel vin \u00een completarea viziunii Lui pentru biseric\u0103. De\u0219i unii oameni cred c\u0103 Dumnezeu a p\u0103r\u0103sit Israelul pentru biseric\u0103, acest lucru vine \u00eempotriva naturii Domnului credincios pe care-L vedem \u00een Scripturi. \u00cen cartea de fa\u021b\u0103, Amir Tsarfati \u2013 israelian nativ \u0219i autor de bestselleruri \u2013 clarific\u0103 ce anume spune Biblia despre planurile supreme ale lui Dumnezeu pentru cele dou\u0103 grupuri alese de El, Israel \u0219i Biserica. Amir ajunge la miezul unor \u00eentreb\u0103ri-cheie, precum: \u2022 Promisiunile pe care le-a f\u0103cut Dumnezeu na\u021biunii Israel se mai aplic\u0103 \u0219i ast\u0103zi poporului evreu? \u2022 A \u00eenlocuit Dumnezeu poporul Israel cel r\u0103zvr\u0103tit cu Biserica? \u2022 Acum c\u0103 exist\u0103 Biserica, mai are Israel vreun rol distinct \u00een lumea modern\u0103? \u2022 \u00cen ce fel sunt relevante pentru Biseric\u0103 evenimentele actuale din Israel? \u2022 Care ar trebui s\u0103 fie atitudinea Bisericii fa\u021b\u0103 de Israel? Israel \u0219i Biserica ofer\u0103 o privire fascinant\u0103 asupra tuturor lucrurilor pe care le-a preg\u0103tit Dumnezeu pentru cele dou\u0103 popoare alese de El \u2013 \u0219i de ce sunt acestea at\u00e2t de relevante pentru noi ast\u0103zi!<\/p>\n","protected":false},"excerpt":{"rendered":"<p>Pentru a \u00een\u021belege cu adev\u0103rat profe\u021biile din Biblie, trebuie s\u0103 \u00een\u021belegem \u00eent\u00e2i cum promisiunile Lui fa\u021b\u0103 de Israel vin \u00een completarea viziunii Lui pentru biseric\u0103. De\u0219i unii oameni cred c\u0103 Dumnezeu a p\u0103r\u0103sit Israelul pentru biseric\u0103, acest lucru vine \u00eempotriva naturii Domnului credincios pe care-L vedem \u00een Scripturi. \u00cen cartea de fa\u021b\u0103, Amir Tsarfati \u2013 [&hellip;]<\/p>\n","protected":false},"featured_media":10716,"comment_status":"open","ping_status":"closed","template":"","meta":[],"product_brand":[],"product_cat":[24],"product_tag":[],"class_list":{"0":"post-5315","1":"product","2":"type-product","3":"status-publish","4":"has-post-thumbnail","6":"product_cat-eshatologie","8":"first","9":"instock","10":"shipping-taxable","11":"purchasable","12":"product-type-simple"},"_links":{"self":[{"href":"https:\/\/dev.sbro.ro\/wp-json\/wp\/v2\/product\/5315","targetHints":{"allow":["GET"]}}],"collection":[{"href":"https:\/\/dev.sbro.ro\/wp-json\/wp\/v2\/product"}],"about":[{"href":"https:\/\/dev.sbro.ro\/wp-json\/wp\/v2\/types\/product"}],"replies":[{"embeddable":true,"href":"https:\/\/dev.sbro.ro\/wp-json\/wp\/v2\/comments?post=5315"}],"wp:featuredmedia":[{"embeddable":true,"href":"https:\/\/dev.sbro.ro\/wp-json\/wp\/v2\/media\/10716"}],"wp:attachment":[{"href":"https:\/\/dev.sbro.ro\/wp-json\/wp\/v2\/media?parent=5315"}],"wp:term":[{"taxonomy":"product_brand","embeddable":true,"href":"https:\/\/dev.sbro.ro\/wp-json\/wp\/v2\/product_brand?post=5315"},{"taxonomy":"product_cat","embeddable":true,"href":"https:\/\/dev.sbro.ro\/wp-json\/wp\/v2\/product_cat?post=5315"},{"taxonomy":"product_tag","embeddable":true,"href":"https:\/\/dev.sbro.ro\/wp-json\/wp\/v2\/product_tag?post=5315"}],"curies":[{"name":"wp","href":"https:\/\/api.w.org\/{rel}","templated":true}]}}