{"id":5316,"date":"2026-04-21T09:11:45","date_gmt":"2026-04-21T09:11:45","guid":{"rendered":"https:\/\/dev.sbro.ro\/?product=intelegand-apocalipsa"},"modified":"2026-04-21T09:11:45","modified_gmt":"2026-04-21T09:11:45","slug":"intelegand-apocalipsa","status":"publish","type":"product","link":"https:\/\/dev.sbro.ro\/product\/intelegand-apocalipsa\/","title":{"rendered":"\u00cen\u021beleg\u00e2nd Apocalipsa"},"content":{"rendered":"<p>Cartea Apocalipsa a fost scris\u0103 pentru c\u0103 Dumnezeu dore\u0219te ca noi s\u0103 \u0219tim ce ne rezerv\u0103 viitorul. Pentru credincio\u0219i, adev\u0103rurile profetice pe care le con\u021bine, aduc \u00een\u021belepciune, siguran\u021b\u0103 \u0219i discern\u0103m\u00e2nt \u2013 pentru cei necredincio\u0219i \u00eens\u0103, Apocalipsa este o invita\u021bie la a beneficia de harul lui Dumnezeu c\u00e2t mai este timp. Scriitor de succes, Amir Tsarfati, analizeaz\u0103 ceea ce face de cunoscut Apocalipsa referitor la vremurile sf\u00e2r\u0219itului \u0219i ce urmeaz\u0103 acestora. \u00cendrumat de o \u00eenv\u0103\u021b\u0103tur\u0103 accesibil\u0103 care las\u0103 Scriptura s\u0103 vorbeasc\u0103 pentru sine, vei avea ocazia s\u0103 descoperi: \u2022 evenimentele pe care credincio\u0219ii \u0219i necredincio\u0219ii le vor tr\u0103i \u00eenaintea, \u00een timpul \u0219i dup\u0103 marele necaz \u2022 planul pe care Domnul L-a preg\u0103tit specific pentru poporul Israel \u00een vremurile de pe urm\u0103 \u2022 \u00eencurajarea, provoc\u0103rile \u0219i avertizarea pe care Cristos \u00censu\u0219i Le-a l\u0103sat pentru a ne preg\u0103ti pentru revenirea Sa<\/p>\n","protected":false},"excerpt":{"rendered":"<p>Cartea Apocalipsa a fost scris\u0103 pentru c\u0103 Dumnezeu dore\u0219te ca noi s\u0103 \u0219tim ce ne rezerv\u0103 viitorul. Pentru credincio\u0219i, adev\u0103rurile profetice pe care le con\u021bine, aduc \u00een\u021belepciune, siguran\u021b\u0103 \u0219i discern\u0103m\u00e2nt \u2013 pentru cei necredincio\u0219i \u00eens\u0103, Apocalipsa este o invita\u021bie la a beneficia de harul lui Dumnezeu c\u00e2t mai este timp. Scriitor de succes, Amir Tsarfati, [&hellip;]<\/p>\n","protected":false},"featured_media":10717,"comment_status":"open","ping_status":"closed","template":"","meta":[],"product_brand":[],"product_cat":[24],"product_tag":[],"class_list":{"0":"post-5316","1":"product","2":"type-product","3":"status-publish","4":"has-post-thumbnail","6":"product_cat-eshatologie","8":"first","9":"instock","10":"shipping-taxable","11":"purchasable","12":"product-type-simple"},"_links":{"self":[{"href":"https:\/\/dev.sbro.ro\/wp-json\/wp\/v2\/product\/5316","targetHints":{"allow":["GET"]}}],"collection":[{"href":"https:\/\/dev.sbro.ro\/wp-json\/wp\/v2\/product"}],"about":[{"href":"https:\/\/dev.sbro.ro\/wp-json\/wp\/v2\/types\/product"}],"replies":[{"embeddable":true,"href":"https:\/\/dev.sbro.ro\/wp-json\/wp\/v2\/comments?post=5316"}],"wp:featuredmedia":[{"embeddable":true,"href":"https:\/\/dev.sbro.ro\/wp-json\/wp\/v2\/media\/10717"}],"wp:attachment":[{"href":"https:\/\/dev.sbro.ro\/wp-json\/wp\/v2\/media?parent=5316"}],"wp:term":[{"taxonomy":"product_brand","embeddable":true,"href":"https:\/\/dev.sbro.ro\/wp-json\/wp\/v2\/product_brand?post=5316"},{"taxonomy":"product_cat","embeddable":true,"href":"https:\/\/dev.sbro.ro\/wp-json\/wp\/v2\/product_cat?post=5316"},{"taxonomy":"product_tag","embeddable":true,"href":"https:\/\/dev.sbro.ro\/wp-json\/wp\/v2\/product_tag?post=5316"}],"curies":[{"name":"wp","href":"https:\/\/api.w.org\/{rel}","templated":true}]}}