{"id":5324,"date":"2026-04-21T09:11:46","date_gmt":"2026-04-21T09:11:46","guid":{"rendered":"https:\/\/dev.sbro.ro\/?product=albastrica-si-puisorii-ei-seria-pajisti-verzi"},"modified":"2026-04-21T09:11:46","modified_gmt":"2026-04-21T09:11:46","slug":"albastrica-si-puisorii-ei-seria-pajisti-verzi","status":"publish","type":"product","link":"https:\/\/dev.sbro.ro\/product\/albastrica-si-puisorii-ei-seria-pajisti-verzi\/","title":{"rendered":"Alb\u0103strica \u0219i pui\u0219orii ei (seria Paji\u0219ti verzi)"},"content":{"rendered":"<p>Alb\u0103strica era o g\u0103in\u0103 din rasa Orpington albastr\u0103 \u0219i \u00ee\u0219i dorea tare mult s\u0103 fie clo\u0219c\u0103. Alb\u0103strica locuia la o cresc\u0103torie de g\u0103ini, unde tot timpul se g\u0103seau pui de care cineva trebuia s\u0103 aib\u0103 grij\u0103. Puii ie\u0219i\u021bi din ou\u0103le pe care ea le clocea erau g\u0103inile \u0219i coco\u0219ii din urm\u0103torul an. Alb\u0103strica era atent\u0103 s\u0103 nu piard\u0103 niciun pui.<\/p>\n<p>Sper c\u0103 te vei bucura de istorioara Alb\u0103stric\u0103i \u0219i a pui\u0219orilor ei, istorioar\u0103 care are la baz\u0103 \u00eent\u00e2mpl\u0103ri reale.<\/p>\n","protected":false},"excerpt":{"rendered":"<p>Alb\u0103strica era o g\u0103in\u0103 din rasa Orpington albastr\u0103 \u0219i \u00ee\u0219i dorea tare mult s\u0103 fie clo\u0219c\u0103. Alb\u0103strica locuia la o cresc\u0103torie de g\u0103ini, unde tot timpul se g\u0103seau pui de care cineva trebuia s\u0103 aib\u0103 grij\u0103. Puii ie\u0219i\u021bi din ou\u0103le pe care ea le clocea erau g\u0103inile \u0219i coco\u0219ii din urm\u0103torul an. Alb\u0103strica era atent\u0103 [&hellip;]<\/p>\n","protected":false},"featured_media":10725,"comment_status":"open","ping_status":"closed","template":"","meta":[],"product_brand":[],"product_cat":[30],"product_tag":[],"class_list":{"0":"post-5324","1":"product","2":"type-product","3":"status-publish","4":"has-post-thumbnail","6":"product_cat-beletristica","8":"first","9":"instock","10":"shipping-taxable","11":"purchasable","12":"product-type-simple"},"_links":{"self":[{"href":"https:\/\/dev.sbro.ro\/wp-json\/wp\/v2\/product\/5324","targetHints":{"allow":["GET"]}}],"collection":[{"href":"https:\/\/dev.sbro.ro\/wp-json\/wp\/v2\/product"}],"about":[{"href":"https:\/\/dev.sbro.ro\/wp-json\/wp\/v2\/types\/product"}],"replies":[{"embeddable":true,"href":"https:\/\/dev.sbro.ro\/wp-json\/wp\/v2\/comments?post=5324"}],"wp:featuredmedia":[{"embeddable":true,"href":"https:\/\/dev.sbro.ro\/wp-json\/wp\/v2\/media\/10725"}],"wp:attachment":[{"href":"https:\/\/dev.sbro.ro\/wp-json\/wp\/v2\/media?parent=5324"}],"wp:term":[{"taxonomy":"product_brand","embeddable":true,"href":"https:\/\/dev.sbro.ro\/wp-json\/wp\/v2\/product_brand?post=5324"},{"taxonomy":"product_cat","embeddable":true,"href":"https:\/\/dev.sbro.ro\/wp-json\/wp\/v2\/product_cat?post=5324"},{"taxonomy":"product_tag","embeddable":true,"href":"https:\/\/dev.sbro.ro\/wp-json\/wp\/v2\/product_tag?post=5324"}],"curies":[{"name":"wp","href":"https:\/\/api.w.org\/{rel}","templated":true}]}}