{"id":5327,"date":"2026-04-21T09:11:46","date_gmt":"2026-04-21T09:11:46","guid":{"rendered":"https:\/\/dev.sbro.ro\/?product=viata-mai-profunda"},"modified":"2026-04-21T09:11:46","modified_gmt":"2026-04-21T09:11:46","slug":"viata-mai-profunda","status":"publish","type":"product","link":"https:\/\/dev.sbro.ro\/?product=viata-mai-profunda","title":{"rendered":"Via\u021ba mai profund\u0103"},"content":{"rendered":"<p>Tozer a \u00eencercat s\u0103 le spun\u0103 fra\u021bilor s\u0103i cre\u0219tini despre o via\u021b\u0103 plin\u0103 de bucurie, o VIA\u021a\u0102 MAI PROFUND\u0102. Oriunde privea, A. W. Tozer vedea cre\u0219tini tr\u0103ind vie\u021bi superficiale, lipsite de satisfac\u021bie. Ace\u0219tia \u00ee\u0219i construiau c\u0103su\u021be chiar la hotarul \u021b\u0103rii, spune el, \u0219i nu porneau \u00een explorarea \u201emun\u021bilor\u201c vie\u021bii cre\u0219tine. Se mul\u021bumeau cu o via\u021b\u0103 marcat\u0103 de dezam\u0103gire (\u00een fa\u021ba c\u0103reia scr\u00e2\u0219neau din din\u021bi \u0219i \u00ee\u0219i \u201eexercitau credin\u021ba\u201c), monotonie \u0219i speran\u021ba alin\u0103toare c\u0103 de ceva mai bun vor avea parte c\u00e2nd va reveni Domnul. \u201eEu \u00eens\u0103 cred c\u0103 pentru noi to\u021bi exist\u0103 o via\u021b\u0103 mai bun\u0103 dec\u00e2t aceasta. O via\u021b\u0103 \u00een care puterea, bun\u0103starea l\u0103untric\u0103, comuniunea personal\u0103 cu Dumnezeul triunic, biruin\u021ba asupra sinelui, zborul av\u00e2ntat pe aripile vulturului, satisfac\u021bia moral\u0103 \u0219i plin\u0103tatea duhovniceasc\u0103 sunt realit\u0103\u021bi de care ne putem bucura cu to\u021bii. \u00cei voi fi ve\u0219nic recunosc\u0103tor Domnului nostru dac\u0103 va considera de cuviin\u021b\u0103 ca prin aceste pagini s\u0103 \u00eei stimuleze chiar \u0219i numai pe c\u00e2\u021biva s\u0103 caute personal aceast\u0103 via\u021b\u0103.\u201c \u2014A. W. TOZER A. W. Tozer a pornit \u00een c\u0103utarea lui Dumnezeu de la v\u00e2rsta de \u0219aptesprezece ani, apoi cale de o via\u021b\u0103, dup\u0103 ce a auzit mesajul unui predicator pe str\u0103zile ora\u0219ului Akron din Ohio. Teolog autodidact, Tozer a fost \u0219i pastor, scriitor \u0219i editor, c\u0103r\u021bile sale continu\u00e2nd s\u0103 st\u00e2rneasc\u0103 \u0219i azi interesul \u0219i entuziasmul credincio\u0219ilor. Este autorul a peste patruzeci de volume, printre care \u00cen c\u0103utarea lui Dumnezeu \u0219i Cunoa\u0219terea Celui Preasf\u00e2nt, considerate lucr\u0103ri clasice cu caracter devo\u021bional. CUPRINS Introducere: C\u0103utarea lui Tozer dup\u0103 o via\u021b\u0103 mai profund\u0103 1. Oare pierdem ceva din vedere? 2. Trezire f\u0103r\u0103 reform\u0103? Nu! 3. Via\u021ba mai profund\u0103: ce este ea 4. Via\u021ba mai profund\u0103: ce nu este ea 5. O puternic\u0103 dorin\u021b\u0103 dup\u0103 Dumnezeu 6. R\u00e2vn\u0103 spiritual\u0103 7. Darurile Duhului 8. Cum s\u0103 fii umplut cu Duhul Sf\u00e2nt 9. Cinci jur\u0103minte pentru putere spiritual\u0103<\/p>\n","protected":false},"excerpt":{"rendered":"<p>Tozer a \u00eencercat s\u0103 le spun\u0103 fra\u021bilor s\u0103i cre\u0219tini despre o via\u021b\u0103 plin\u0103 de bucurie, o VIA\u021a\u0102 MAI PROFUND\u0102. Oriunde privea, A. W. Tozer vedea cre\u0219tini tr\u0103ind vie\u021bi superficiale, lipsite de satisfac\u021bie. Ace\u0219tia \u00ee\u0219i construiau c\u0103su\u021be chiar la hotarul \u021b\u0103rii, spune el, \u0219i nu porneau \u00een explorarea \u201emun\u021bilor\u201c vie\u021bii cre\u0219tine. Se mul\u021bumeau cu o via\u021b\u0103 [&hellip;]<\/p>\n","protected":false},"featured_media":10728,"comment_status":"open","ping_status":"closed","template":"","meta":[],"product_brand":[],"product_cat":[18],"product_tag":[],"class_list":{"0":"post-5327","1":"product","2":"type-product","3":"status-publish","4":"has-post-thumbnail","6":"product_cat-viata-crestina","8":"first","9":"instock","10":"shipping-taxable","11":"purchasable","12":"product-type-simple"},"_links":{"self":[{"href":"https:\/\/dev.sbro.ro\/index.php?rest_route=\/wp\/v2\/product\/5327","targetHints":{"allow":["GET"]}}],"collection":[{"href":"https:\/\/dev.sbro.ro\/index.php?rest_route=\/wp\/v2\/product"}],"about":[{"href":"https:\/\/dev.sbro.ro\/index.php?rest_route=\/wp\/v2\/types\/product"}],"replies":[{"embeddable":true,"href":"https:\/\/dev.sbro.ro\/index.php?rest_route=%2Fwp%2Fv2%2Fcomments&post=5327"}],"wp:featuredmedia":[{"embeddable":true,"href":"https:\/\/dev.sbro.ro\/index.php?rest_route=\/wp\/v2\/media\/10728"}],"wp:attachment":[{"href":"https:\/\/dev.sbro.ro\/index.php?rest_route=%2Fwp%2Fv2%2Fmedia&parent=5327"}],"wp:term":[{"taxonomy":"product_brand","embeddable":true,"href":"https:\/\/dev.sbro.ro\/index.php?rest_route=%2Fwp%2Fv2%2Fproduct_brand&post=5327"},{"taxonomy":"product_cat","embeddable":true,"href":"https:\/\/dev.sbro.ro\/index.php?rest_route=%2Fwp%2Fv2%2Fproduct_cat&post=5327"},{"taxonomy":"product_tag","embeddable":true,"href":"https:\/\/dev.sbro.ro\/index.php?rest_route=%2Fwp%2Fv2%2Fproduct_tag&post=5327"}],"curies":[{"name":"wp","href":"https:\/\/api.w.org\/{rel}","templated":true}]}}