{"id":5328,"date":"2026-04-21T09:11:47","date_gmt":"2026-04-21T09:11:47","guid":{"rendered":"https:\/\/dev.sbro.ro\/?product=semn-de-carte-botez-1-petru321-22"},"modified":"2026-04-21T09:11:47","modified_gmt":"2026-04-21T09:11:47","slug":"semn-de-carte-botez-1-petru321-22","status":"publish","type":"product","link":"https:\/\/dev.sbro.ro\/product\/semn-de-carte-botez-1-petru321-22\/","title":{"rendered":"Semn de carte &#8211; Botez &#8211; 1 Petru3:21, 22"},"content":{"rendered":"<p>Icoana aceasta \u00eenchipuitoare v\u0103 m\u00e2ntuie\u015fte acum pe voi, \u015fi anume botezul, care nu este o cur\u0103\u0163ire de \u00eentin\u0103ciunile trupe\u015fti, ci m\u0103rturia unui cuget curat \u00eenaintea lui Dumnezeu, prin \u00eenvierea lui Isus Hristos, 22 care st\u0103 la dreapta lui Dumnezeu dup\u0103 ce S-a \u00een\u0103l\u0163at la cer \u015fi \u015ei-a supus \u00eengerii, st\u0103p\u00e2nirile \u015fi puterile.<\/p>\n<p>Semn de carte<br \/>\n&#8211; plastifiat<br \/>\n&#8211; colturi rotunjite<br \/>\n&#8211; panglica<\/p>\n<p>Dimensiune 5&#215;17 cm<\/p>\n","protected":false},"excerpt":{"rendered":"<p>Icoana aceasta \u00eenchipuitoare v\u0103 m\u00e2ntuie\u015fte acum pe voi, \u015fi anume botezul, care nu este o cur\u0103\u0163ire de \u00eentin\u0103ciunile trupe\u015fti, ci m\u0103rturia unui cuget curat \u00eenaintea lui Dumnezeu, prin \u00eenvierea lui Isus Hristos, 22 care st\u0103 la dreapta lui Dumnezeu dup\u0103 ce S-a \u00een\u0103l\u0163at la cer \u015fi \u015ei-a supus \u00eengerii, st\u0103p\u00e2nirile \u015fi puterile. Semn de carte [&hellip;]<\/p>\n","protected":false},"featured_media":10729,"comment_status":"open","ping_status":"closed","template":"","meta":[],"product_brand":[],"product_cat":[68],"product_tag":[],"class_list":{"0":"post-5328","1":"product","2":"type-product","3":"status-publish","4":"has-post-thumbnail","6":"product_cat-semn-de-carte","8":"first","9":"outofstock","10":"shipping-taxable","11":"purchasable","12":"product-type-simple"},"_links":{"self":[{"href":"https:\/\/dev.sbro.ro\/wp-json\/wp\/v2\/product\/5328","targetHints":{"allow":["GET"]}}],"collection":[{"href":"https:\/\/dev.sbro.ro\/wp-json\/wp\/v2\/product"}],"about":[{"href":"https:\/\/dev.sbro.ro\/wp-json\/wp\/v2\/types\/product"}],"replies":[{"embeddable":true,"href":"https:\/\/dev.sbro.ro\/wp-json\/wp\/v2\/comments?post=5328"}],"wp:featuredmedia":[{"embeddable":true,"href":"https:\/\/dev.sbro.ro\/wp-json\/wp\/v2\/media\/10729"}],"wp:attachment":[{"href":"https:\/\/dev.sbro.ro\/wp-json\/wp\/v2\/media?parent=5328"}],"wp:term":[{"taxonomy":"product_brand","embeddable":true,"href":"https:\/\/dev.sbro.ro\/wp-json\/wp\/v2\/product_brand?post=5328"},{"taxonomy":"product_cat","embeddable":true,"href":"https:\/\/dev.sbro.ro\/wp-json\/wp\/v2\/product_cat?post=5328"},{"taxonomy":"product_tag","embeddable":true,"href":"https:\/\/dev.sbro.ro\/wp-json\/wp\/v2\/product_tag?post=5328"}],"curies":[{"name":"wp","href":"https:\/\/api.w.org\/{rel}","templated":true}]}}