{"id":5331,"date":"2026-04-21T09:11:47","date_gmt":"2026-04-21T09:11:47","guid":{"rendered":"https:\/\/dev.sbro.ro\/?product=joc-cine-cauta-gaseste"},"modified":"2026-04-21T09:11:47","modified_gmt":"2026-04-21T09:11:47","slug":"joc-cine-cauta-gaseste","status":"publish","type":"product","link":"https:\/\/dev.sbro.ro\/?product=joc-cine-cauta-gaseste","title":{"rendered":"Joc &#8211; Cine caut\u0103 g\u0103se\u0219te"},"content":{"rendered":"<p>Un joc amuzant \u015fi educativ pentru<\/p>\n<p>copii, p\u0103rin\u0163i \u015fi bunici!<br \/>\n\u015fcoli biblice de vacan\u0163\u0103, tabere, cluburi de copii <\/p>\n<p>Un joc cu 51 de cartonase cu desene frumoase si multe informatii despre personajele Bibliei!<br \/>\nCe au f\u0103cut eroii din Biblie? C\u00e2nd au tr\u0103it? Unde scrie \u00een Biblie despre ei? Copiii trebuie s\u0103 caute perechea potrivit\u0103 la fiecare cartona\u015f incerc\u00e2nd s\u0103 nu r\u0103m\u00e2n\u0103 cu Albinu\u0163a (un cartona\u015f foarte frumos!) \u015fi astfel, amuz\u00e2ndu-se copios, vor \u00eenv\u0103\u0163a o mul\u0163ime de lucruri despre 25 de personaje importante din Vechiul \u015fi Noul Testament.<\/p>\n<p>\u00cen cutie g\u0103si\u0163i 51 de cartona\u015fe:<\/p>\n<p>25 de cartona\u015fe pe care se afl\u0103: desenul c\u00e2te unui personaj din Biblie, \u00eempreun\u0103 cu un obiect sau un element din natur\u0103 care are leg\u0103tur\u0103 cu personajul, numele personajului, referin\u0163a unui verset din Biblie \u00een care se vorbe\u015fte despre acest personaj \u015fi un num\u0103r care indic\u0103 cu c\u00e2\u0163i ani \u00eenainte de noi a tr\u0103it personajul respectiv<br \/>\n25 de cartona\u015fe pe care se afl\u0103 obiectul sau elementul din natur\u0103 care are leg\u0103tur\u0103 cu personajul, referin\u0163a versetului din Biblie, \u015fi o fraz\u0103 \u00een care se prezint\u0103 un lucru important despre personajul respectiv.<br \/>\nun cartona\u015f numit Albinu\u0163a, pe care este desenat\u0103&#8230; o albin\u0103!<br \/>\nCu aceste cartona\u015fe se pot juca patru variante de jocuri, descrise \u00een regulile de joc, aflate \u00een cutie:<\/p>\n<p>Albinu\u0163a<br \/>\nFirul timpului &#8211; st\u00e2nga sau dreapta?<br \/>\nFirul timpului &#8211; pe s\u0103rite<br \/>\nFirul timpului &#8211; fiecare<\/p>\n","protected":false},"excerpt":{"rendered":"<p>Un joc amuzant \u015fi educativ pentru copii, p\u0103rin\u0163i \u015fi bunici! \u015fcoli biblice de vacan\u0163\u0103, tabere, cluburi de copii Un joc cu 51 de cartonase cu desene frumoase si multe informatii despre personajele Bibliei! Ce au f\u0103cut eroii din Biblie? C\u00e2nd au tr\u0103it? Unde scrie \u00een Biblie despre ei? Copiii trebuie s\u0103 caute perechea potrivit\u0103 la [&hellip;]<\/p>\n","protected":false},"featured_media":10732,"comment_status":"open","ping_status":"closed","template":"","meta":[],"product_brand":[],"product_cat":[98],"product_tag":[],"class_list":{"0":"post-5331","1":"product","2":"type-product","3":"status-publish","4":"has-post-thumbnail","6":"product_cat-jocuri","8":"first","9":"instock","10":"shipping-taxable","11":"purchasable","12":"product-type-simple"},"_links":{"self":[{"href":"https:\/\/dev.sbro.ro\/index.php?rest_route=\/wp\/v2\/product\/5331","targetHints":{"allow":["GET"]}}],"collection":[{"href":"https:\/\/dev.sbro.ro\/index.php?rest_route=\/wp\/v2\/product"}],"about":[{"href":"https:\/\/dev.sbro.ro\/index.php?rest_route=\/wp\/v2\/types\/product"}],"replies":[{"embeddable":true,"href":"https:\/\/dev.sbro.ro\/index.php?rest_route=%2Fwp%2Fv2%2Fcomments&post=5331"}],"wp:featuredmedia":[{"embeddable":true,"href":"https:\/\/dev.sbro.ro\/index.php?rest_route=\/wp\/v2\/media\/10732"}],"wp:attachment":[{"href":"https:\/\/dev.sbro.ro\/index.php?rest_route=%2Fwp%2Fv2%2Fmedia&parent=5331"}],"wp:term":[{"taxonomy":"product_brand","embeddable":true,"href":"https:\/\/dev.sbro.ro\/index.php?rest_route=%2Fwp%2Fv2%2Fproduct_brand&post=5331"},{"taxonomy":"product_cat","embeddable":true,"href":"https:\/\/dev.sbro.ro\/index.php?rest_route=%2Fwp%2Fv2%2Fproduct_cat&post=5331"},{"taxonomy":"product_tag","embeddable":true,"href":"https:\/\/dev.sbro.ro\/index.php?rest_route=%2Fwp%2Fv2%2Fproduct_tag&post=5331"}],"curies":[{"name":"wp","href":"https:\/\/api.w.org\/{rel}","templated":true}]}}