{"id":5360,"date":"2026-04-21T09:11:50","date_gmt":"2026-04-21T09:11:50","guid":{"rendered":"https:\/\/dev.sbro.ro\/?product=evanghelizarea-prin-duhul"},"modified":"2026-04-21T09:11:50","modified_gmt":"2026-04-21T09:11:50","slug":"evanghelizarea-prin-duhul","status":"publish","type":"product","link":"https:\/\/dev.sbro.ro\/product\/evanghelizarea-prin-duhul\/","title":{"rendered":"Evanghelizarea prin Duhul"},"content":{"rendered":"<p>Personajul nostru \u00eel include at\u00e2t pe evanghelistul care are o chemare special\u0103 din partea Domnului pentru o astfel de lucrare, c\u00e2t \u0219i pe credinciosul a c\u0103rui chemare special\u0103 nu este cea de evanghelist, dar totu\u0219i \u0219i el trebuie s\u0103 vesteasc\u0103 Evanghelia \u0219i trebuie s\u0103 o fac\u0103 prin Duhul lui Dumnezeu. Reafirm\u0103m aici faptul c\u0103 adev\u0103rata \u00eenmul\u021bire numeric\u0103 a Bisericii o face doar Duhul Sf\u00e2nt \u0219i ea este urmarea evangheliz\u0103rii prin Duhul, spre deosebire de o a\u0219a zis\u0103 \u00eenmul\u021bire numeric\u0103 dar \u00een care Duhul nu este implicat \u0219i care se ob\u021bine prin metode omene\u0219ti, lume\u0219ti, care are la baz\u0103 compromisul \u0219i \u00een centrul c\u0103reia se afl\u0103 un evanghelist care nu sluje\u0219te prin Duhul Domnului ci prin duhul lui sau mai r\u0103u, printr\u2011un duh de am\u0103gire. \u00cen via\u021ba evanghelistului care s\u0103v\u00e2r\u0219e\u0219te lucrarea de evanghelizare prin Duhul, se manifest\u0103 deopotriv\u0103 puterea \u00eenvierii lui Hristos \u0219i p\u0103rt\u0103\u0219ia suferin\u021belor Sale, c\u0103ci evanghelizarea prin Duhul este o evanghelizare prin puterea \u00eenvierii lui Hristos, iar aceast\u0103 putere a \u00eenvierii se manifest\u0103 pe fondul experiment\u0103rii suferin\u021belor pentru Hristos, ale evanghelistului.<\/p>\n","protected":false},"excerpt":{"rendered":"<p>Personajul nostru \u00eel include at\u00e2t pe evanghelistul care are o chemare special\u0103 din partea Domnului pentru o astfel de lucrare, c\u00e2t \u0219i pe credinciosul a c\u0103rui chemare special\u0103 nu este cea de evanghelist, dar totu\u0219i \u0219i el trebuie s\u0103 vesteasc\u0103 Evanghelia \u0219i trebuie s\u0103 o fac\u0103 prin Duhul lui Dumnezeu. Reafirm\u0103m aici faptul c\u0103 adev\u0103rata [&hellip;]<\/p>\n","protected":false},"featured_media":10761,"comment_status":"open","ping_status":"closed","template":"","meta":[],"product_brand":[],"product_cat":[11],"product_tag":[],"class_list":{"0":"post-5360","1":"product","2":"type-product","3":"status-publish","4":"has-post-thumbnail","6":"product_cat-slujitori","8":"first","9":"instock","10":"shipping-taxable","11":"purchasable","12":"product-type-simple"},"_links":{"self":[{"href":"https:\/\/dev.sbro.ro\/wp-json\/wp\/v2\/product\/5360","targetHints":{"allow":["GET"]}}],"collection":[{"href":"https:\/\/dev.sbro.ro\/wp-json\/wp\/v2\/product"}],"about":[{"href":"https:\/\/dev.sbro.ro\/wp-json\/wp\/v2\/types\/product"}],"replies":[{"embeddable":true,"href":"https:\/\/dev.sbro.ro\/wp-json\/wp\/v2\/comments?post=5360"}],"wp:featuredmedia":[{"embeddable":true,"href":"https:\/\/dev.sbro.ro\/wp-json\/wp\/v2\/media\/10761"}],"wp:attachment":[{"href":"https:\/\/dev.sbro.ro\/wp-json\/wp\/v2\/media?parent=5360"}],"wp:term":[{"taxonomy":"product_brand","embeddable":true,"href":"https:\/\/dev.sbro.ro\/wp-json\/wp\/v2\/product_brand?post=5360"},{"taxonomy":"product_cat","embeddable":true,"href":"https:\/\/dev.sbro.ro\/wp-json\/wp\/v2\/product_cat?post=5360"},{"taxonomy":"product_tag","embeddable":true,"href":"https:\/\/dev.sbro.ro\/wp-json\/wp\/v2\/product_tag?post=5360"}],"curies":[{"name":"wp","href":"https:\/\/api.w.org\/{rel}","templated":true}]}}