{"id":5367,"date":"2026-04-21T09:11:51","date_gmt":"2026-04-21T09:11:51","guid":{"rendered":"https:\/\/dev.sbro.ro\/?product=asemenea-chipului-sau-abordari-biblice-si-practice-pentru-cresterea-spirituala"},"modified":"2026-04-21T09:11:51","modified_gmt":"2026-04-21T09:11:51","slug":"asemenea-chipului-sau-abordari-biblice-si-practice-pentru-cresterea-spirituala","status":"publish","type":"product","link":"https:\/\/dev.sbro.ro\/product\/asemenea-chipului-sau-abordari-biblice-si-practice-pentru-cresterea-spirituala\/","title":{"rendered":"Asemenea chipului S\u0103u &#8211; Abord\u0103ri biblice \u0219i practice pentru cre\u0219terea spiritual\u0103"},"content":{"rendered":"<p>\u00cen vremurile noastre postmoderne, exist\u0103 o dorin\u021b\u0103 tot mai accentuat\u0103 dup\u0103 spiritualitatea autentic\u0103, care ne afecteaz\u0103 via\u021ba \u00eentr-un mod semnificativ \u0219i practic. Viziunea biblic\u0103 despre via\u021ba spiritual\u0103 ca rela\u021bie r\u0103scumparatoare cu Creatorul cel viu \u0219i personal al tuturor lucrurilor poate s\u0103 satisfac\u0103 aceast\u0103 dorin\u021b\u0103 ad\u00e2nc\u0103, dar cele mai multe relat\u0103ri ale acestei viziuni sunt fragmentare ori unilaterale. Scopul c\u0103r\u021bii Asemenea chipului S\u0103u este acela de a oferi o abordare mai cuprinz\u0103toare, echilibrat\u0103 \u0219i aplicabil\u0103 a ceea ce \u00eenseamn\u0103 a-L cunoa\u0219te pe Cristos. Cartea aceasta se va referi la aceast\u0103 nevoie prezent\u00e2nd nu una sau dou\u0103, ci o multitudine de c\u0103i \u00een via\u021ba spiritual\u0103 \u0219i ar\u0103t\u00e2nd felul \u00een care fiecare dintre ele poate contribui la procesul dinamic al cre\u0219terii spirituale. Ne vom uita la mai multe fa\u021bete ale giuvaierului care este via\u021ba spiritual\u0103 \u0219i vom vedea cum fiecare dintre acestea contribuie la ansamblu. &#8212; Dr. Kenneth Boa<\/p>\n","protected":false},"excerpt":{"rendered":"<p>\u00cen vremurile noastre postmoderne, exist\u0103 o dorin\u021b\u0103 tot mai accentuat\u0103 dup\u0103 spiritualitatea autentic\u0103, care ne afecteaz\u0103 via\u021ba \u00eentr-un mod semnificativ \u0219i practic. Viziunea biblic\u0103 despre via\u021ba spiritual\u0103 ca rela\u021bie r\u0103scumparatoare cu Creatorul cel viu \u0219i personal al tuturor lucrurilor poate s\u0103 satisfac\u0103 aceast\u0103 dorin\u021b\u0103 ad\u00e2nc\u0103, dar cele mai multe relat\u0103ri ale acestei viziuni sunt fragmentare [&hellip;]<\/p>\n","protected":false},"featured_media":10768,"comment_status":"open","ping_status":"closed","template":"","meta":[],"product_brand":[],"product_cat":[18],"product_tag":[],"class_list":{"0":"post-5367","1":"product","2":"type-product","3":"status-publish","4":"has-post-thumbnail","6":"product_cat-viata-crestina","8":"first","9":"instock","10":"shipping-taxable","11":"purchasable","12":"product-type-simple"},"_links":{"self":[{"href":"https:\/\/dev.sbro.ro\/wp-json\/wp\/v2\/product\/5367","targetHints":{"allow":["GET"]}}],"collection":[{"href":"https:\/\/dev.sbro.ro\/wp-json\/wp\/v2\/product"}],"about":[{"href":"https:\/\/dev.sbro.ro\/wp-json\/wp\/v2\/types\/product"}],"replies":[{"embeddable":true,"href":"https:\/\/dev.sbro.ro\/wp-json\/wp\/v2\/comments?post=5367"}],"wp:featuredmedia":[{"embeddable":true,"href":"https:\/\/dev.sbro.ro\/wp-json\/wp\/v2\/media\/10768"}],"wp:attachment":[{"href":"https:\/\/dev.sbro.ro\/wp-json\/wp\/v2\/media?parent=5367"}],"wp:term":[{"taxonomy":"product_brand","embeddable":true,"href":"https:\/\/dev.sbro.ro\/wp-json\/wp\/v2\/product_brand?post=5367"},{"taxonomy":"product_cat","embeddable":true,"href":"https:\/\/dev.sbro.ro\/wp-json\/wp\/v2\/product_cat?post=5367"},{"taxonomy":"product_tag","embeddable":true,"href":"https:\/\/dev.sbro.ro\/wp-json\/wp\/v2\/product_tag?post=5367"}],"curies":[{"name":"wp","href":"https:\/\/api.w.org\/{rel}","templated":true}]}}