{"id":5386,"date":"2026-04-21T09:11:53","date_gmt":"2026-04-21T09:11:53","guid":{"rendered":"https:\/\/dev.sbro.ro\/?product=cresterea-copiilor-prin-credinta"},"modified":"2026-04-21T09:11:53","modified_gmt":"2026-04-21T09:11:53","slug":"cresterea-copiilor-prin-credinta","status":"publish","type":"product","link":"https:\/\/dev.sbro.ro\/?product=cresterea-copiilor-prin-credinta","title":{"rendered":"Cre\u0219terea copiilor prin credin\u021b\u0103"},"content":{"rendered":"<p>Ce le-a spus Isus p\u0103rin\u021bilor<\/p>\n<p>Imagineaz\u0103-\u021bi c\u0103 Isus ar locui \u00een cartierul t\u0103u \u0219i ai putea s\u0103 \u00ee\u021bi aduci copiii \u2013 sau grijile legate de copiii t\u0103i \u2013 direct la El. Cre\u0219terea copiilor prin credin\u021b\u0103 te invit\u0103 \u00een lumea<br \/>\nmamelor \u0219i a ta\u021bilor din secolul I care au f\u0103cut exact asta. Interac\u021biunile lor din vechime cu Isus sunt pline de \u00eenv\u0103\u021b\u0103tur\u0103 pentru p\u0103rin\u021bii moderni.<\/p>\n<p>\nDescoper\u0103 genul de credin\u021b\u0103 care \u00eenflore\u0219te \u00een sui\u0219urile \u0219i \u00een cobor\u00e2\u0219urile cre\u0219terii copiilor. Este o credin\u021b\u0103 care alung\u0103 frica \u0219i nesiguran\u021ba. Uneori este fragil\u0103. Dar<br \/>\n\u00eentotdeauna este plin\u0103 de speran\u021b\u0103 pentru c\u0103 este \u00eenr\u0103d\u0103cinat\u0103 \u00een Isus.<\/p>\n<p>\nFiecare capitol include un rezumat al punctelor \u0219i al caracteristicilor principale pentru studiu de grup sau individual, sugestii pentru citirea Scripturii, puncte de<br \/>\nac\u021biune sau exerci\u021bii \u0219i rug\u0103ciuni.<\/p>\n","protected":false},"excerpt":{"rendered":"<p>Ce le-a spus Isus p\u0103rin\u021bilor Imagineaz\u0103-\u021bi c\u0103 Isus ar locui \u00een cartierul t\u0103u \u0219i ai putea s\u0103 \u00ee\u021bi aduci copiii \u2013 sau grijile legate de copiii t\u0103i \u2013 direct la El. Cre\u0219terea copiilor prin credin\u021b\u0103 te invit\u0103 \u00een lumea mamelor \u0219i a ta\u021bilor din secolul I care au f\u0103cut exact asta. Interac\u021biunile lor din vechime [&hellip;]<\/p>\n","protected":false},"featured_media":10787,"comment_status":"open","ping_status":"closed","template":"","meta":[],"product_brand":[],"product_cat":[10,13],"product_tag":[],"class_list":{"0":"post-5386","1":"product","2":"type-product","3":"status-publish","4":"has-post-thumbnail","6":"product_cat-editura-metanoia","7":"product_cat-familie","9":"first","10":"instock","11":"shipping-taxable","12":"purchasable","13":"product-type-simple"},"_links":{"self":[{"href":"https:\/\/dev.sbro.ro\/index.php?rest_route=\/wp\/v2\/product\/5386","targetHints":{"allow":["GET"]}}],"collection":[{"href":"https:\/\/dev.sbro.ro\/index.php?rest_route=\/wp\/v2\/product"}],"about":[{"href":"https:\/\/dev.sbro.ro\/index.php?rest_route=\/wp\/v2\/types\/product"}],"replies":[{"embeddable":true,"href":"https:\/\/dev.sbro.ro\/index.php?rest_route=%2Fwp%2Fv2%2Fcomments&post=5386"}],"wp:featuredmedia":[{"embeddable":true,"href":"https:\/\/dev.sbro.ro\/index.php?rest_route=\/wp\/v2\/media\/10787"}],"wp:attachment":[{"href":"https:\/\/dev.sbro.ro\/index.php?rest_route=%2Fwp%2Fv2%2Fmedia&parent=5386"}],"wp:term":[{"taxonomy":"product_brand","embeddable":true,"href":"https:\/\/dev.sbro.ro\/index.php?rest_route=%2Fwp%2Fv2%2Fproduct_brand&post=5386"},{"taxonomy":"product_cat","embeddable":true,"href":"https:\/\/dev.sbro.ro\/index.php?rest_route=%2Fwp%2Fv2%2Fproduct_cat&post=5386"},{"taxonomy":"product_tag","embeddable":true,"href":"https:\/\/dev.sbro.ro\/index.php?rest_route=%2Fwp%2Fv2%2Fproduct_tag&post=5386"}],"curies":[{"name":"wp","href":"https:\/\/api.w.org\/{rel}","templated":true}]}}