{"id":5397,"date":"2026-04-21T09:11:54","date_gmt":"2026-04-21T09:11:54","guid":{"rendered":"https:\/\/dev.sbro.ro\/?product=biblia-tbs-cu-litere-mari"},"modified":"2026-04-21T09:11:54","modified_gmt":"2026-04-21T09:11:54","slug":"biblia-tbs-cu-litere-mari","status":"publish","type":"product","link":"https:\/\/dev.sbro.ro\/product\/biblia-tbs-cu-litere-mari\/","title":{"rendered":"Biblia TBS cu litere mari"},"content":{"rendered":"<p>Biblia \u00een limba rom\u00e2n\u0103 cu caractere mari. Produs\u0103 de Trinitarian Bible Society (TBS) din Londra (Societatea Biblic\u0103 Trinitarian\u0103).<\/p>\n<ul>\n<li>Dimensiunea paginii (164x255mm)<\/li>\n<li>Grosime 30mm<\/li>\n<li>Cu referin\u021be \u0219i plan de citire a Bibliei<\/li>\n<li>Dimensiunea literelor: 11.8 puncte.<\/li>\n<li>Text negru peste tot<\/li>\n<li>Traducere fidel\u0103 textelor originale<\/li>\n<li>Copert\u0103 tare de culoare neagr\u0103 \u0219i din vinilin<\/li>\n<li>Legare prin coasere <\/li>\n<li>Tip\u0103rit\u0103 pe h\u00e2rtie de Biblie<\/li>\n<\/ul>\n","protected":false},"excerpt":{"rendered":"<p>Biblia \u00een limba rom\u00e2n\u0103 cu caractere mari. Produs\u0103 de Trinitarian Bible Society (TBS) din Londra (Societatea Biblic\u0103 Trinitarian\u0103). Dimensiunea paginii (164x255mm) Grosime 30mm Cu referin\u021be \u0219i plan de citire a Bibliei Dimensiunea literelor: 11.8 puncte. Text negru peste tot Traducere fidel\u0103 textelor originale Copert\u0103 tare de culoare neagr\u0103 \u0219i din vinilin Legare prin coasere Tip\u0103rit\u0103 [&hellip;]<\/p>\n","protected":false},"featured_media":10798,"comment_status":"open","ping_status":"closed","template":"","meta":[],"product_brand":[],"product_cat":[115],"product_tag":[],"class_list":{"0":"post-5397","1":"product","2":"type-product","3":"status-publish","4":"has-post-thumbnail","6":"product_cat-alte-traduceri","8":"first","9":"instock","10":"shipping-taxable","11":"purchasable","12":"product-type-simple"},"_links":{"self":[{"href":"https:\/\/dev.sbro.ro\/wp-json\/wp\/v2\/product\/5397","targetHints":{"allow":["GET"]}}],"collection":[{"href":"https:\/\/dev.sbro.ro\/wp-json\/wp\/v2\/product"}],"about":[{"href":"https:\/\/dev.sbro.ro\/wp-json\/wp\/v2\/types\/product"}],"replies":[{"embeddable":true,"href":"https:\/\/dev.sbro.ro\/wp-json\/wp\/v2\/comments?post=5397"}],"wp:featuredmedia":[{"embeddable":true,"href":"https:\/\/dev.sbro.ro\/wp-json\/wp\/v2\/media\/10798"}],"wp:attachment":[{"href":"https:\/\/dev.sbro.ro\/wp-json\/wp\/v2\/media?parent=5397"}],"wp:term":[{"taxonomy":"product_brand","embeddable":true,"href":"https:\/\/dev.sbro.ro\/wp-json\/wp\/v2\/product_brand?post=5397"},{"taxonomy":"product_cat","embeddable":true,"href":"https:\/\/dev.sbro.ro\/wp-json\/wp\/v2\/product_cat?post=5397"},{"taxonomy":"product_tag","embeddable":true,"href":"https:\/\/dev.sbro.ro\/wp-json\/wp\/v2\/product_tag?post=5397"}],"curies":[{"name":"wp","href":"https:\/\/api.w.org\/{rel}","templated":true}]}}