{"id":5406,"date":"2026-04-21T09:11:56","date_gmt":"2026-04-21T09:11:56","guid":{"rendered":"https:\/\/dev.sbro.ro\/?product=descopera-darurile-copiilor-tai"},"modified":"2026-04-21T09:11:56","modified_gmt":"2026-04-21T09:11:56","slug":"descopera-darurile-copiilor-tai","status":"publish","type":"product","link":"https:\/\/dev.sbro.ro\/product\/descopera-darurile-copiilor-tai\/","title":{"rendered":"Descoper\u0103 darurile copiilor t\u0103i"},"content":{"rendered":"<p>Un manual biblic care te va ajuta s\u0103 identifici \u0219i s\u0103 dezvol\u021bi darurile cu care Dumnezeu i-a \u00eenzestrat pe copiii t\u0103i<\/p>\n<p>Probabil una dintre cele mai bune \u0219i practice c\u0103r\u021bi de parenting.<\/p>\n<p>\u0218tii c\u0103 tiparele de comportament \u0219i de personalitate ale copilului t\u0103u sunt influen\u021bate de darurile lor motiva\u021bionale? Poate e\u0219ti \u00eengrijorat c\u0103 fiul t\u0103u este preten\u021bios atunci c\u00e2nd \u00ee\u0219i alege prietenii. Acest fapt este cel mai adesea semnul darului discern\u0103m\u00e2ntului. \u00cenv\u0103\u021b\u0103toarea \u00ee\u021bi spune c\u0103 fiica ta este cam vis\u0103toare? Cel mai probabil, fiica ta este o persoan\u0103 cu darul compasiunii. \u00cen Descoper\u0103 darurile copiilor t\u0103i, Don \u0219i Katie Fortune te ajut\u0103 s\u0103 recuno\u0219ti \u0219i s\u0103 dezvol\u021bi darurile spirituale ale copiilor t\u0103i. Bazat\u0103 pe Proverbe 22:6 \u0219i Romani 12:6-8, aceast\u0103 carte \u00ee\u021bi ofer\u0103 instrumentele pentru a identifica darurile motiva\u021bionale ale copiilor, precum \u0219i informa\u021biile potrivite pentru a te ajuta s\u0103 \u00eei cre\u0219ti \u00een func\u021bie de \u00eenzestr\u0103rile lor naturale.<\/p>\n<p>Un instrument fascinant pentru p\u0103rin\u021bi \u0219i o mare binecuv\u00e2ntare pentru copii<\/p>\n<p>Cartea abordeaz\u0103 subiecte importante precum:\n <\/p>\n<ul>\n<li>Cum s\u0103 schimbi atmosfera negativ\u0103 din cas\u0103?<\/li>\n<li>Cum s\u0103 aduci alinare sufletului r\u0103nit al unui copil?<\/li>\n<li>Cum s\u0103 restaurezi rela\u021bia cu copiii mai mari?<\/li>\n<li>Cum s\u0103 descoperi darurile nepo\u021bilor t\u0103i?<\/li>\n<li>Cum s\u0103 elimini influen\u021bele genera\u021bionale negative?<\/li>\n<li>Ajutor! Darul meu este \u00een conflict cu darul copilului meu!<\/li>\n<li>C\u0103s\u0103toria, educa\u021bia \u0219i posibilit\u0103\u021bile profesionale Informa\u021bii utile pentru cei care lucreaz\u0103 cu copiii<\/li>\n<\/ul>\n","protected":false},"excerpt":{"rendered":"<p>Un manual biblic care te va ajuta s\u0103 identifici \u0219i s\u0103 dezvol\u021bi darurile cu care Dumnezeu i-a \u00eenzestrat pe copiii t\u0103i Probabil una dintre cele mai bune \u0219i practice c\u0103r\u021bi de parenting. \u0218tii c\u0103 tiparele de comportament \u0219i de personalitate ale copilului t\u0103u sunt influen\u021bate de darurile lor motiva\u021bionale? Poate e\u0219ti \u00eengrijorat c\u0103 fiul t\u0103u [&hellip;]<\/p>\n","protected":false},"featured_media":10804,"comment_status":"open","ping_status":"closed","template":"","meta":[],"product_brand":[],"product_cat":[35,13],"product_tag":[],"class_list":{"0":"post-5406","1":"product","2":"type-product","3":"status-publish","4":"has-post-thumbnail","6":"product_cat-copii","7":"product_cat-familie","9":"first","10":"instock","11":"shipping-taxable","12":"purchasable","13":"product-type-simple"},"_links":{"self":[{"href":"https:\/\/dev.sbro.ro\/wp-json\/wp\/v2\/product\/5406","targetHints":{"allow":["GET"]}}],"collection":[{"href":"https:\/\/dev.sbro.ro\/wp-json\/wp\/v2\/product"}],"about":[{"href":"https:\/\/dev.sbro.ro\/wp-json\/wp\/v2\/types\/product"}],"replies":[{"embeddable":true,"href":"https:\/\/dev.sbro.ro\/wp-json\/wp\/v2\/comments?post=5406"}],"wp:featuredmedia":[{"embeddable":true,"href":"https:\/\/dev.sbro.ro\/wp-json\/wp\/v2\/media\/10804"}],"wp:attachment":[{"href":"https:\/\/dev.sbro.ro\/wp-json\/wp\/v2\/media?parent=5406"}],"wp:term":[{"taxonomy":"product_brand","embeddable":true,"href":"https:\/\/dev.sbro.ro\/wp-json\/wp\/v2\/product_brand?post=5406"},{"taxonomy":"product_cat","embeddable":true,"href":"https:\/\/dev.sbro.ro\/wp-json\/wp\/v2\/product_cat?post=5406"},{"taxonomy":"product_tag","embeddable":true,"href":"https:\/\/dev.sbro.ro\/wp-json\/wp\/v2\/product_tag?post=5406"}],"curies":[{"name":"wp","href":"https:\/\/api.w.org\/{rel}","templated":true}]}}