{"id":5410,"date":"2026-04-21T09:11:56","date_gmt":"2026-04-21T09:11:56","guid":{"rendered":"https:\/\/dev.sbro.ro\/?product=consiliere-crestina-un-ghid-cuprinzator"},"modified":"2026-04-21T09:11:56","modified_gmt":"2026-04-21T09:11:56","slug":"consiliere-crestina-un-ghid-cuprinzator","status":"publish","type":"product","link":"https:\/\/dev.sbro.ro\/product\/consiliere-crestina-un-ghid-cuprinzator\/","title":{"rendered":"Consiliere cre\u0219tin\u0103. Un ghid cuprinz\u0103tor"},"content":{"rendered":"<p><strong>Manualul clasic de consiliere pentru biserici, s\u0103li de clas\u0103 \u0219i pentru profesiile sociologice<\/strong><\/p>\n<p>CONSILIERE CRE\u0218TIN\u0102, EDI\u021aIA A TREIA<\/p>\n<p>Acest ghid cuprinz\u0103tor a fost scris pentru a ajuta liderii cre\u0219tini \u00een activitatea lor de consiliere. Constituind o revizuire complet\u0103 a c\u0103r\u021bii care este folosit\u0103 zilnic \u00een \u00eentreaga lume, aceast\u0103 nou\u0103 edi\u021bie a fost actualizat\u0103, rescris\u0103 integral \u0219i extins\u0103. Noile capitole abordeaz\u0103 aspecte multiculturale \u00een consiliere, aspecte legale \u0219i etice, consilierea \u00eentr-o epoc\u0103 a terorismului, coaching-ul cre\u0219tin \u0219i modul \u00een care consilierea este influen\u021bat\u0103 at\u00e2t de tehnologie, c\u00e2t \u0219i de internet, postmodernism, biserica emergent\u0103 \u0219i alte curente ale secolului dou\u0103zeci \u0219i unu.<\/p>\n<p>Cea de-a treia edi\u021bie a c\u0103r\u021bii <em>Consiliere cre\u0219tin\u0103<\/em> ofer\u0103 o vast\u0103 abordare a celor mai frecvente probleme care le sunt prezentate consilierilor, inclusiv depresia, inferioritatea, anxietatea, homosexualitatea, abuzul, suferin\u021ba, problemele maritale, dependen\u021bele, crizele, deciziile privind cariera \u0219i \u00eenaintarea \u00een v\u00e2rst\u0103. Cartea dezbate cauzele, efectele, tratamentul, prevenirea \u0219i ce spune Biblia despre fiecare problem\u0103 \u00een parte. Fiecare capitol se \u00eencheie cu un scurt ghid care sintetizeaz\u0103 aspectele esen\u021biale pentru consilierii ocupa\u021bi<\/p>\n","protected":false},"excerpt":{"rendered":"<p>Manualul clasic de consiliere pentru biserici, s\u0103li de clas\u0103 \u0219i pentru profesiile sociologice CONSILIERE CRE\u0218TIN\u0102, EDI\u021aIA A TREIA Acest ghid cuprinz\u0103tor a fost scris pentru a ajuta liderii cre\u0219tini \u00een activitatea lor de consiliere. Constituind o revizuire complet\u0103 a c\u0103r\u021bii care este folosit\u0103 zilnic \u00een \u00eentreaga lume, aceast\u0103 nou\u0103 edi\u021bie a fost actualizat\u0103, rescris\u0103 integral [&hellip;]<\/p>\n","protected":false},"featured_media":10806,"comment_status":"open","ping_status":"closed","template":"","meta":[],"product_brand":[],"product_cat":[41],"product_tag":[],"class_list":{"0":"post-5410","1":"product","2":"type-product","3":"status-publish","4":"has-post-thumbnail","6":"product_cat-consiliere","8":"first","9":"instock","10":"shipping-taxable","11":"purchasable","12":"product-type-simple"},"_links":{"self":[{"href":"https:\/\/dev.sbro.ro\/wp-json\/wp\/v2\/product\/5410","targetHints":{"allow":["GET"]}}],"collection":[{"href":"https:\/\/dev.sbro.ro\/wp-json\/wp\/v2\/product"}],"about":[{"href":"https:\/\/dev.sbro.ro\/wp-json\/wp\/v2\/types\/product"}],"replies":[{"embeddable":true,"href":"https:\/\/dev.sbro.ro\/wp-json\/wp\/v2\/comments?post=5410"}],"wp:featuredmedia":[{"embeddable":true,"href":"https:\/\/dev.sbro.ro\/wp-json\/wp\/v2\/media\/10806"}],"wp:attachment":[{"href":"https:\/\/dev.sbro.ro\/wp-json\/wp\/v2\/media?parent=5410"}],"wp:term":[{"taxonomy":"product_brand","embeddable":true,"href":"https:\/\/dev.sbro.ro\/wp-json\/wp\/v2\/product_brand?post=5410"},{"taxonomy":"product_cat","embeddable":true,"href":"https:\/\/dev.sbro.ro\/wp-json\/wp\/v2\/product_cat?post=5410"},{"taxonomy":"product_tag","embeddable":true,"href":"https:\/\/dev.sbro.ro\/wp-json\/wp\/v2\/product_tag?post=5410"}],"curies":[{"name":"wp","href":"https:\/\/api.w.org\/{rel}","templated":true}]}}