{"id":5419,"date":"2026-04-21T09:11:57","date_gmt":"2026-04-21T09:11:57","guid":{"rendered":"https:\/\/dev.sbro.ro\/?product=metoda-pastorala-contemporana"},"modified":"2026-04-21T09:11:57","modified_gmt":"2026-04-21T09:11:57","slug":"metoda-pastorala-contemporana","status":"publish","type":"product","link":"https:\/\/dev.sbro.ro\/product\/metoda-pastorala-contemporana\/","title":{"rendered":"Metoda pastoral\u0103 contemporan\u0103"},"content":{"rendered":"<p>Oficiul pastoral a fost \u00eentotdeauna o chemare dificil\u0103. Ast\u0103zi, pastorului i se cere adesea s\u0103 \u00eendeplineasc\u0103 mai multe roluri: predicator, profesor, terapeut, administrator, CEO. Cum pot pastorii s\u0103 prospere \u00een mijlocul unor astfel de solicit\u0103ri?\n <\/p>\n<p>Tocmai de aceea este a\u0219a de mare nevoie de o metod\u0103 pastoral\u0103 contemporan\u0103: un model de slujire care s\u0103 \u00eencurajeze pastorii \u0219i s\u0103 le permit\u0103 s\u0103 se concentreze pe ceea ce este cel mai important \u00een sarcina lor pastoral\u0103.\n <\/p>\n<p>Aceast\u0103 carte, scris\u0103 de trei exper\u021bi cu decenii de experien\u021b\u0103 practic\u0103, explic\u0103 modul \u00een care sprijinul pe o metod\u0103 pastoral\u0103 a adus beneficii comunit\u0103\u021bilor de-a lungul istoriei bisericii. Ea arat\u0103 cum au func\u021bionat astfel de reguli \u00een via\u021b\u0103, precum \u0219i felul \u00een care au slujit c\u00e2\u021biva pastori remarcabili precum: <em><strong>Augustin, Calvin, Wesley \u0219i Bonhoeffer<\/strong><\/em>.De asemenea, cartea ofer\u0103 sfaturi concrete cu privire la modul \u00een care pastorii pot dezvolta \u0219i p\u0103stra o metod\u0103 care \u00eei va ajuta pe ei \u0219i pe congrega\u021biile lor s\u0103 \u00eenfloreasc\u0103.\n <\/p>\n","protected":false},"excerpt":{"rendered":"<p>Oficiul pastoral a fost \u00eentotdeauna o chemare dificil\u0103. Ast\u0103zi, pastorului i se cere adesea s\u0103 \u00eendeplineasc\u0103 mai multe roluri: predicator, profesor, terapeut, administrator, CEO. Cum pot pastorii s\u0103 prospere \u00een mijlocul unor astfel de solicit\u0103ri? Tocmai de aceea este a\u0219a de mare nevoie de o metod\u0103 pastoral\u0103 contemporan\u0103: un model de slujire care s\u0103 \u00eencurajeze [&hellip;]<\/p>\n","protected":false},"featured_media":10814,"comment_status":"open","ping_status":"closed","template":"","meta":[],"product_brand":[],"product_cat":[54],"product_tag":[],"class_list":{"0":"post-5419","1":"product","2":"type-product","3":"status-publish","4":"has-post-thumbnail","6":"product_cat-pastorale","8":"first","9":"instock","10":"shipping-taxable","11":"purchasable","12":"product-type-simple"},"_links":{"self":[{"href":"https:\/\/dev.sbro.ro\/wp-json\/wp\/v2\/product\/5419","targetHints":{"allow":["GET"]}}],"collection":[{"href":"https:\/\/dev.sbro.ro\/wp-json\/wp\/v2\/product"}],"about":[{"href":"https:\/\/dev.sbro.ro\/wp-json\/wp\/v2\/types\/product"}],"replies":[{"embeddable":true,"href":"https:\/\/dev.sbro.ro\/wp-json\/wp\/v2\/comments?post=5419"}],"wp:featuredmedia":[{"embeddable":true,"href":"https:\/\/dev.sbro.ro\/wp-json\/wp\/v2\/media\/10814"}],"wp:attachment":[{"href":"https:\/\/dev.sbro.ro\/wp-json\/wp\/v2\/media?parent=5419"}],"wp:term":[{"taxonomy":"product_brand","embeddable":true,"href":"https:\/\/dev.sbro.ro\/wp-json\/wp\/v2\/product_brand?post=5419"},{"taxonomy":"product_cat","embeddable":true,"href":"https:\/\/dev.sbro.ro\/wp-json\/wp\/v2\/product_cat?post=5419"},{"taxonomy":"product_tag","embeddable":true,"href":"https:\/\/dev.sbro.ro\/wp-json\/wp\/v2\/product_tag?post=5419"}],"curies":[{"name":"wp","href":"https:\/\/api.w.org\/{rel}","templated":true}]}}