{"id":5422,"date":"2026-04-21T09:11:57","date_gmt":"2026-04-21T09:11:57","guid":{"rendered":"https:\/\/dev.sbro.ro\/?product=agenda-pentru-femei-2024-cu-spirala"},"modified":"2026-04-21T09:11:57","modified_gmt":"2026-04-21T09:11:57","slug":"agenda-pentru-femei-2024-cu-spirala","status":"publish","type":"product","link":"https:\/\/dev.sbro.ro\/?product=agenda-pentru-femei-2024-cu-spirala","title":{"rendered":"Agend\u0103 pentru femei 2024 cu spiral\u0103"},"content":{"rendered":"<p>O agend\u0103 de suflet, cu tematic\u0103 de s\u0103n\u0103tate, g\u00e2ndit\u0103 special pentru orice domni\u0219oar\u0103 sau doamn\u0103.<\/p>\n<p>La \u00eenceputul fiec\u0103rei luni vei g\u0103si un \u00eendemn  \u00een luarea unei decizii legat\u0103 de s\u0103n\u0103tatea ta.<\/p>\n<p>&#8211; De asemenea vei g\u0103si o caset\u0103 \u00een care s\u0103 \u00ee\u0163i notezi sarcinile importante din fiecare lun\u0103;<br \/>\n&#8211; Zilele libere pentru anul 2024;<br \/>\n&#8211; Citate motiva\u0163ionale;<\/p>\n","protected":false},"excerpt":{"rendered":"<p>O agend\u0103 de suflet, cu tematic\u0103 de s\u0103n\u0103tate, g\u00e2ndit\u0103 special pentru orice domni\u0219oar\u0103 sau doamn\u0103. La \u00eenceputul fiec\u0103rei luni vei g\u0103si un \u00eendemn \u00een luarea unei decizii legat\u0103 de s\u0103n\u0103tatea ta. &#8211; De asemenea vei g\u0103si o caset\u0103 \u00een care s\u0103 \u00ee\u0163i notezi sarcinile importante din fiecare lun\u0103; &#8211; Zilele libere pentru anul 2024; &#8211; [&hellip;]<\/p>\n","protected":false},"featured_media":10817,"comment_status":"open","ping_status":"closed","template":"","meta":[],"product_brand":[],"product_cat":[55],"product_tag":[],"class_list":{"0":"post-5422","1":"product","2":"type-product","3":"status-publish","4":"has-post-thumbnail","6":"product_cat-carnetele-si-jurnale","8":"first","9":"outofstock","10":"shipping-taxable","11":"purchasable","12":"product-type-simple"},"_links":{"self":[{"href":"https:\/\/dev.sbro.ro\/index.php?rest_route=\/wp\/v2\/product\/5422","targetHints":{"allow":["GET"]}}],"collection":[{"href":"https:\/\/dev.sbro.ro\/index.php?rest_route=\/wp\/v2\/product"}],"about":[{"href":"https:\/\/dev.sbro.ro\/index.php?rest_route=\/wp\/v2\/types\/product"}],"replies":[{"embeddable":true,"href":"https:\/\/dev.sbro.ro\/index.php?rest_route=%2Fwp%2Fv2%2Fcomments&post=5422"}],"wp:featuredmedia":[{"embeddable":true,"href":"https:\/\/dev.sbro.ro\/index.php?rest_route=\/wp\/v2\/media\/10817"}],"wp:attachment":[{"href":"https:\/\/dev.sbro.ro\/index.php?rest_route=%2Fwp%2Fv2%2Fmedia&parent=5422"}],"wp:term":[{"taxonomy":"product_brand","embeddable":true,"href":"https:\/\/dev.sbro.ro\/index.php?rest_route=%2Fwp%2Fv2%2Fproduct_brand&post=5422"},{"taxonomy":"product_cat","embeddable":true,"href":"https:\/\/dev.sbro.ro\/index.php?rest_route=%2Fwp%2Fv2%2Fproduct_cat&post=5422"},{"taxonomy":"product_tag","embeddable":true,"href":"https:\/\/dev.sbro.ro\/index.php?rest_route=%2Fwp%2Fv2%2Fproduct_tag&post=5422"}],"curies":[{"name":"wp","href":"https:\/\/api.w.org\/{rel}","templated":true}]}}