{"id":5436,"date":"2026-04-21T09:12:00","date_gmt":"2026-04-21T09:12:00","guid":{"rendered":"https:\/\/dev.sbro.ro\/?product=joc-3-crai-de-la-rasarit"},"modified":"2026-04-21T09:12:00","modified_gmt":"2026-04-21T09:12:00","slug":"joc-3-crai-de-la-rasarit","status":"publish","type":"product","link":"https:\/\/dev.sbro.ro\/?product=joc-3-crai-de-la-rasarit","title":{"rendered":"Joc &#8211; 3 crai de la R\u0103s\u0103rit"},"content":{"rendered":"<p style=\"text-align:start; -webkit-text-stroke-width:0px\"><span style=\"font-size:medium\"><span style=\"color:#000000\"><span style=\"font-family:&quot;Times New Roman&quot;\"><span style=\"font-style:normal\"><span style=\"font-variant-ligatures:normal\"><span style=\"font-variant-caps:normal\"><span style=\"font-weight:400\"><span style=\"letter-spacing:normal\"><span style=\"orphans:2\"><span style=\"text-transform:none\"><span style=\"widows:2\"><span style=\"word-spacing:0px\"><span style=\"white-space:normal\"><span style=\"background-color:#ffffff\"><span style=\"text-decoration-thickness:initial\"><span style=\"text-decoration-style:initial\"><span style=\"text-decoration-color:initial\"><font face=\"Arial, Helvetica, sans-serif\"><font size=\"2\">Jocul con\u021bine un set de 50 de cartona\u0219e. Pe fiecare din aceste cartona\u0219e se afl\u0103 o parte din povestirea Na\u0219terii Domnului Isus \u0219i un desen care o ilustreaz\u0103. \u00cen marginea din st\u00e2nga jos a cartona\u0219elor este desenat\u0103 o stea colorat\u0103. Nou\u0103 cartona\u0219e au deasupra stelei mari \u00eenc\u0103 o stea mai mic\u0103. <\/font><\/font><\/span><\/span><\/span><\/span><\/span><\/span><\/span><\/span><\/span><\/span><\/span><\/span><\/span><\/span><\/span><\/span><\/span><\/p>\n<\/p>\n<\/p>\n<ul style=\"color:#000000; font-family:&quot;Times New Roman&quot;; font-size:medium; font-style:normal; font-variant-ligatures:normal; font-variant-caps:normal; font-weight:400; letter-spacing:normal; orphans:2; text-align:start; text-transform:none; widows:2; word-spacing:0px; -webkit-text-stroke-width:0px; white-space:normal; background-color:#ffffff; text-decoration-thickness:initial; text-decoration-style:initial; text-decoration-color:initial\">\n<\/ul>\n","protected":false},"excerpt":{"rendered":"<p>Jocul con\u021bine un set de 50 de cartona\u0219e. Pe fiecare din aceste cartona\u0219e se afl\u0103 o parte din povestirea Na\u0219terii Domnului Isus \u0219i un desen care o ilustreaz\u0103. \u00cen marginea din st\u00e2nga jos a cartona\u0219elor este desenat\u0103 o stea colorat\u0103. Nou\u0103 cartona\u0219e au deasupra stelei mari \u00eenc\u0103 o stea mai mic\u0103.<\/p>\n","protected":false},"featured_media":10830,"comment_status":"open","ping_status":"closed","template":"","meta":[],"product_brand":[],"product_cat":[98],"product_tag":[],"class_list":{"0":"post-5436","1":"product","2":"type-product","3":"status-publish","4":"has-post-thumbnail","6":"product_cat-jocuri","8":"first","9":"instock","10":"shipping-taxable","11":"purchasable","12":"product-type-simple"},"_links":{"self":[{"href":"https:\/\/dev.sbro.ro\/index.php?rest_route=\/wp\/v2\/product\/5436","targetHints":{"allow":["GET"]}}],"collection":[{"href":"https:\/\/dev.sbro.ro\/index.php?rest_route=\/wp\/v2\/product"}],"about":[{"href":"https:\/\/dev.sbro.ro\/index.php?rest_route=\/wp\/v2\/types\/product"}],"replies":[{"embeddable":true,"href":"https:\/\/dev.sbro.ro\/index.php?rest_route=%2Fwp%2Fv2%2Fcomments&post=5436"}],"wp:featuredmedia":[{"embeddable":true,"href":"https:\/\/dev.sbro.ro\/index.php?rest_route=\/wp\/v2\/media\/10830"}],"wp:attachment":[{"href":"https:\/\/dev.sbro.ro\/index.php?rest_route=%2Fwp%2Fv2%2Fmedia&parent=5436"}],"wp:term":[{"taxonomy":"product_brand","embeddable":true,"href":"https:\/\/dev.sbro.ro\/index.php?rest_route=%2Fwp%2Fv2%2Fproduct_brand&post=5436"},{"taxonomy":"product_cat","embeddable":true,"href":"https:\/\/dev.sbro.ro\/index.php?rest_route=%2Fwp%2Fv2%2Fproduct_cat&post=5436"},{"taxonomy":"product_tag","embeddable":true,"href":"https:\/\/dev.sbro.ro\/index.php?rest_route=%2Fwp%2Fv2%2Fproduct_tag&post=5436"}],"curies":[{"name":"wp","href":"https:\/\/api.w.org\/{rel}","templated":true}]}}