{"id":5437,"date":"2026-04-21T09:12:00","date_gmt":"2026-04-21T09:12:00","guid":{"rendered":"https:\/\/dev.sbro.ro\/?product=30-de-zile-pentru-intelegerea-bibliei-max-anders"},"modified":"2026-04-21T09:12:00","modified_gmt":"2026-04-21T09:12:00","slug":"30-de-zile-pentru-intelegerea-bibliei-max-anders","status":"publish","type":"product","link":"https:\/\/dev.sbro.ro\/?product=30-de-zile-pentru-intelegerea-bibliei-max-anders","title":{"rendered":"30 de zile pentru \u00een\u021belegerea Bibliei &#8211; Max Anders"},"content":{"rendered":"<p><strong>Descuie comorile Cuv\u00e2ntului lui Dumnezeu cu ajutorul acestui ghid simplu \u0219i u\u0219or de folosit<\/strong><\/p>\n<p>\nDac\u0103 ai confundat vreodat\u0103 Chivotul Leg\u0103m\u00e2ntului cu arca lui Noe sau Ierihonul cu Ieroboam, lucrarea clasic\u0103 a lui Max Anders, <em>30 de zile pentru \u00een\u021belegerea Bibliei<\/em>, este pentru tine. \u00cen numai 15 minute pe zi, vei \u00eenv\u0103\u021ba personalit\u0103\u021bile, evenimentele \u0219i doctrinele principale din Biblie pentru a \u00een\u021belege mai bine Cuv\u00e2ntul lui Dumnezeu. De mai bine de treizeci de ani, acest ghid clar \u0219i simplu de folosit este recomandat de \u00eenv\u0103\u021b\u0103tori ai Bibliei \u0219i pastori, iar acum este disponibil \u00eentr-o edi\u021bie l\u0103rgit\u0103\u2014cu cele mai solicitate subiecte din edi\u021biile precedente ref\u0103cute \u0219i actualizate pentru cititorii de azi.\n <\/p>\n<p>CARACTERISTICILE INCLUD:<\/p>\n<ul>\n<li>Arcul istoriei biblice, pentru a te ajuta s\u0103 vizualizezi temele generale ale Bibliei<\/li>\n<li>Istoria Bibliei, rezum\u00e2nd Geneza\u2013Apocalipsa \u00een doar c\u00e2teva pagini<\/li>\n<li>\u00cenv\u0103\u021b\u0103turile de baz\u0103 ale credin\u021bei cre\u0219tine, cu accent pe acelea care i-au unit pe cre\u0219tini \u00een ultimii 2000 de ani<\/li>\n<li>Plan de predare pentru 13 s\u0103pt\u0103m\u00e2ni, care pune la dispozi\u021bia lectorilor instrumente creative \u0219i eficace pentru predarea Bibliei \u00een 30 de zile<\/li>\n<li>Con\u021binut bonus, favoritul cititorilor, care fusese eliminat, dar care acum a fost reintrodus a\u0219a cum se g\u0103sea \u00een prima edi\u021bie<\/li>\n<\/ul>\n","protected":false},"excerpt":{"rendered":"<p>Descuie comorile Cuv\u00e2ntului lui Dumnezeu cu ajutorul acestui ghid simplu \u0219i u\u0219or de folosit Dac\u0103 ai confundat vreodat\u0103 Chivotul Leg\u0103m\u00e2ntului cu arca lui Noe sau Ierihonul cu Ieroboam, lucrarea clasic\u0103 a lui Max Anders, 30 de zile pentru \u00een\u021belegerea Bibliei, este pentru tine. \u00cen numai 15 minute pe zi, vei \u00eenv\u0103\u021ba personalit\u0103\u021bile, evenimentele \u0219i doctrinele [&hellip;]<\/p>\n","protected":false},"featured_media":10831,"comment_status":"open","ping_status":"closed","template":"","meta":[],"product_brand":[],"product_cat":[40,18],"product_tag":[],"class_list":{"0":"post-5437","1":"product","2":"type-product","3":"status-publish","4":"has-post-thumbnail","6":"product_cat-studiu-biblic","7":"product_cat-viata-crestina","9":"first","10":"instock","11":"shipping-taxable","12":"purchasable","13":"product-type-simple"},"_links":{"self":[{"href":"https:\/\/dev.sbro.ro\/index.php?rest_route=\/wp\/v2\/product\/5437","targetHints":{"allow":["GET"]}}],"collection":[{"href":"https:\/\/dev.sbro.ro\/index.php?rest_route=\/wp\/v2\/product"}],"about":[{"href":"https:\/\/dev.sbro.ro\/index.php?rest_route=\/wp\/v2\/types\/product"}],"replies":[{"embeddable":true,"href":"https:\/\/dev.sbro.ro\/index.php?rest_route=%2Fwp%2Fv2%2Fcomments&post=5437"}],"wp:featuredmedia":[{"embeddable":true,"href":"https:\/\/dev.sbro.ro\/index.php?rest_route=\/wp\/v2\/media\/10831"}],"wp:attachment":[{"href":"https:\/\/dev.sbro.ro\/index.php?rest_route=%2Fwp%2Fv2%2Fmedia&parent=5437"}],"wp:term":[{"taxonomy":"product_brand","embeddable":true,"href":"https:\/\/dev.sbro.ro\/index.php?rest_route=%2Fwp%2Fv2%2Fproduct_brand&post=5437"},{"taxonomy":"product_cat","embeddable":true,"href":"https:\/\/dev.sbro.ro\/index.php?rest_route=%2Fwp%2Fv2%2Fproduct_cat&post=5437"},{"taxonomy":"product_tag","embeddable":true,"href":"https:\/\/dev.sbro.ro\/index.php?rest_route=%2Fwp%2Fv2%2Fproduct_tag&post=5437"}],"curies":[{"name":"wp","href":"https:\/\/api.w.org\/{rel}","templated":true}]}}